{"id":95247,"date":"2022-08-11T09:09:12","date_gmt":"2022-08-11T14:09:12","guid":{"rendered":"https:\/\/defabrica.com.mx\/defabrica\/?post_type=product&#038;p=95247"},"modified":"2022-08-11T09:09:12","modified_gmt":"2022-08-11T14:09:12","slug":"benq-zowie-xl2746s-monitor-lcd-para-juegos-esports-de-27-negro","status":"publish","type":"product","link":"https:\/\/defabrica.com.mx\/defabrica\/producto\/benq-zowie-xl2746s-monitor-lcd-para-juegos-esports-de-27-negro\/","title":{"rendered":"BenQ ZOWIE XL2746S Monitor LCD para juegos Esports de 27&#8243; &#8211; Negro"},"content":{"rendered":"<div class=\"embedded-component-container lv product-description\">\n<div>\n<div id=\"shop-product-description-98784062\" class=\"_none\" data-version=\"1.3.47\">\n<div class=\"shop-product-description\">\n<section class=\"align-heading-left\" data-reactroot=\"\">\n<div class=\"long-description-container body-copy \">\n<div class=\"html-fragment\">Monitor de juegos ZOWIE XL2746S para esports con frecuencia de actualizaci\u00f3n de 240 Hz.\u00a0La tecnolog\u00eda DyAc+ hace que las acciones vigorosas en el juego, como rociar, sean menos borrosas.\u00a0Black eQualizer ilumina las \u00e1reas m\u00e1s oscuras sin sobreexponer las \u00e1reas m\u00e1s claras y la intensidad del color proporciona una clasificaci\u00f3n de color m\u00e1s precisa y permite ajustar f\u00e1cilmente el tono de color.\u00a0S-Switch est\u00e1 dise\u00f1ado para acceder f\u00e1cilmente al men\u00fa del monitor, para que pueda cambiar entre los modos guardados y cambiar r\u00e1pidamente entre los dispositivos conectados.\u00a0Est\u00e1 equipado con ajuste de altura completa, inclinaci\u00f3n y giro<\/p>\n<h3><\/h3>\n<h3 class=\"heading-5 v-fw-regular feature-heading\"><strong>Caracter\u00edsticas<\/strong><\/h3>\n<ul>\n<li><strong>Frecuencia de actualizaci\u00f3n<\/strong><br \/>\nRendimiento de frecuencia de actualizaci\u00f3n de 240 Hz para una experiencia de juego de PC fluida<\/li>\n<li><strong>DyAc+<\/strong><br \/>\nTecnolog\u00eda DyAc+ que brinda claridad durante el juego de movimiento r\u00e1pido<\/li>\n<li><strong>Intensidad de color y ecualizador de negro<\/strong><br \/>\nTecnolog\u00eda Color Vibrance y Black eQualizer para mejorar la claridad visual y personalizar la configuraci\u00f3n de color, brindando a los jugadores la ventaja en el campo de batalla.<\/li>\n<li><strong>Tiempo de respuesta de 1 ms<\/strong><br \/>\nTiempo de respuesta de 0,5 ms (GTG) para eliminar las im\u00e1genes fantasma y el retraso, proporcionando una experiencia de juego \u00f3ptima<\/li>\n<li><strong>S-Interruptor y Garant\u00eda<\/strong><br \/>\nS-Switch que permite a los jugadores navegar por el men\u00fa, guardar perfiles de pantalla personalizados y cambiar la configuraci\u00f3n del monitor en un instante con solo presionar un bot\u00f3n con una garant\u00eda de 3 a\u00f1os.<\/li>\n<\/ul>\n<\/div>\n<\/div>\n<\/section>\n<\/div>\n<\/div>\n<\/div>\n<\/div>\n","protected":false},"excerpt":{"rendered":"<p>Monitor de juegos ZOWIE XL2746S para esports con frecuencia de actualizaci\u00f3n de 240 Hz.\u00a0La tecnolog\u00eda DyAc+ hace que las acciones vigorosas en el juego, como rociar, sean menos borrosas.\u00a0Black eQualizer<\/p>\n","protected":false},"featured_media":95248,"comment_status":"open","ping_status":"closed","template":"","meta":{"_acf_changed":false,"_joinchat":[]},"product_brand":[],"product_cat":[277,280,433],"product_tag":[],"class_list":{"0":"post-95247","1":"product","2":"type-product","3":"status-publish","4":"has-post-thumbnail","6":"product_cat-zona-gamer","7":"product_cat-pc-gaming","8":"product_cat-monitores-gamer","10":"first","11":"instock","12":"sale","13":"shipping-taxable","14":"purchasable","15":"product-type-simple"},"acf":[],"_links":{"self":[{"href":"https:\/\/defabrica.com.mx\/defabrica\/wp-json\/wp\/v2\/product\/95247","targetHints":{"allow":["GET"]}}],"collection":[{"href":"https:\/\/defabrica.com.mx\/defabrica\/wp-json\/wp\/v2\/product"}],"about":[{"href":"https:\/\/defabrica.com.mx\/defabrica\/wp-json\/wp\/v2\/types\/product"}],"replies":[{"embeddable":true,"href":"https:\/\/defabrica.com.mx\/defabrica\/wp-json\/wp\/v2\/comments?post=95247"}],"wp:featuredmedia":[{"embeddable":true,"href":"https:\/\/defabrica.com.mx\/defabrica\/wp-json\/wp\/v2\/media\/95248"}],"wp:attachment":[{"href":"https:\/\/defabrica.com.mx\/defabrica\/wp-json\/wp\/v2\/media?parent=95247"}],"wp:term":[{"taxonomy":"product_brand","embeddable":true,"href":"https:\/\/defabrica.com.mx\/defabrica\/wp-json\/wp\/v2\/product_brand?post=95247"},{"taxonomy":"product_cat","embeddable":true,"href":"https:\/\/defabrica.com.mx\/defabrica\/wp-json\/wp\/v2\/product_cat?post=95247"},{"taxonomy":"product_tag","embeddable":true,"href":"https:\/\/defabrica.com.mx\/defabrica\/wp-json\/wp\/v2\/product_tag?post=95247"}],"curies":[{"name":"wp","href":"https:\/\/api.w.org\/{rel}","templated":true}]}}