{"id":94329,"date":"2022-07-28T18:53:47","date_gmt":"2022-07-28T23:53:47","guid":{"rendered":"https:\/\/defabrica.com.mx\/defabrica\/?post_type=product&#038;p=94329"},"modified":"2023-01-22T13:05:28","modified_gmt":"2023-01-22T19:05:28","slug":"blackdecker-taladro-inalambrico-de-iones-de-litio-de-20-v-max-kit-de-68-piezas-bateria-de-1-5-a-cargador-maleta","status":"publish","type":"product","link":"https:\/\/defabrica.com.mx\/defabrica\/producto\/blackdecker-taladro-inalambrico-de-iones-de-litio-de-20-v-max-kit-de-68-piezas-bateria-de-1-5-a-cargador-maleta\/","title":{"rendered":"Black+Decker &#8211; Taladro inal\u00e1mbrico de iones de litio de 20 V MAX + kit de 68 PIEZAS + bater\u00eda de 1.5 A + cargador + Maleta."},"content":{"rendered":"<p>El kit de proyecto de bater\u00eda y taladro inal\u00e1mbrico ldX120pack 20V max de BLACK+DECKER es un excelente conjunto de herramientas el\u00e9ctricas para una variedad de proyectos dom\u00e9sticos. Incluye taladro inal\u00e1mbrico de 20 V, que brinda un nivel adicional de control con un embrague de 11 posiciones que evita que los tornillos se pelen y se sobreatornillen. La bater\u00eda de iones de litio est\u00e1 siempre lista y tiene una carga de hasta 18 meses. Este kit de taladro a bater\u00eda incluye 68 herramientas manuales y accesorios y una bolsa de transporte para facilitar el transporte y el almacenamiento. Incluye bolsa de transporte para f\u00e1cil transporte y almacenamiento.<\/p>\n","protected":false},"excerpt":{"rendered":"<p>El kit de proyecto de bater\u00eda y taladro inal\u00e1mbrico ldX120pack 20V max de BLACK+DECKER es un excelente conjunto de herramientas el\u00e9ctricas para una variedad de proyectos dom\u00e9sticos. Incluye taladro inal\u00e1mbrico<\/p>\n","protected":false},"featured_media":94331,"comment_status":"open","ping_status":"closed","template":"","meta":{"_acf_changed":false,"_joinchat":[]},"product_brand":[],"product_cat":[1649,1650,1220,1221],"product_tag":[],"class_list":{"0":"post-94329","1":"product","2":"type-product","3":"status-publish","4":"has-post-thumbnail","6":"product_cat-perforacion","7":"product_cat-taladros","8":"product_cat-herramientas","9":"product_cat-herramientas-electricas","11":"first","12":"instock","13":"sale","14":"shipping-taxable","15":"purchasable","16":"product-type-simple"},"acf":[],"_links":{"self":[{"href":"https:\/\/defabrica.com.mx\/defabrica\/wp-json\/wp\/v2\/product\/94329","targetHints":{"allow":["GET"]}}],"collection":[{"href":"https:\/\/defabrica.com.mx\/defabrica\/wp-json\/wp\/v2\/product"}],"about":[{"href":"https:\/\/defabrica.com.mx\/defabrica\/wp-json\/wp\/v2\/types\/product"}],"replies":[{"embeddable":true,"href":"https:\/\/defabrica.com.mx\/defabrica\/wp-json\/wp\/v2\/comments?post=94329"}],"wp:featuredmedia":[{"embeddable":true,"href":"https:\/\/defabrica.com.mx\/defabrica\/wp-json\/wp\/v2\/media\/94331"}],"wp:attachment":[{"href":"https:\/\/defabrica.com.mx\/defabrica\/wp-json\/wp\/v2\/media?parent=94329"}],"wp:term":[{"taxonomy":"product_brand","embeddable":true,"href":"https:\/\/defabrica.com.mx\/defabrica\/wp-json\/wp\/v2\/product_brand?post=94329"},{"taxonomy":"product_cat","embeddable":true,"href":"https:\/\/defabrica.com.mx\/defabrica\/wp-json\/wp\/v2\/product_cat?post=94329"},{"taxonomy":"product_tag","embeddable":true,"href":"https:\/\/defabrica.com.mx\/defabrica\/wp-json\/wp\/v2\/product_tag?post=94329"}],"curies":[{"name":"wp","href":"https:\/\/api.w.org\/{rel}","templated":true}]}}