{"id":94302,"date":"2022-07-28T18:31:58","date_gmt":"2022-07-28T23:31:58","guid":{"rendered":"https:\/\/defabrica.com.mx\/defabrica\/?post_type=product&#038;p=94302"},"modified":"2023-01-29T09:18:32","modified_gmt":"2023-01-29T15:18:32","slug":"milwaukee-m18-taladro-controlador-compacto-inalambrico-de-iones-de-litio-de-18-voltios-solo-herramienta-2801-20","status":"publish","type":"product","link":"https:\/\/defabrica.com.mx\/defabrica\/producto\/milwaukee-m18-taladro-controlador-compacto-inalambrico-de-iones-de-litio-de-18-voltios-solo-herramienta-2801-20\/","title":{"rendered":"Milwaukee M18 &#8211; Taladro\/controlador compacto inal\u00e1mbrico de iones de litio de 18 voltios (s\u00f3lo herramienta) 2801-20"},"content":{"rendered":"<p>El taladro\/atornillador compacto M18 inal\u00e1mbrico sin escobillas de 1\/2 pulg. ofrece la mayor potencia en su clase mientras mantiene un tama\u00f1o compacto.\u00a0El motor sin escobillas construido por Milwaukee, la electr\u00f3nica REDLINK y las bater\u00edas REDLITHIUM proporcionan una entrega de energ\u00eda m\u00e1s eficiente, para menos viajes al cargador.\u00a0Con solo 6-1\/2 pulg. L y 3.4 lbs.\u00a0(con bater\u00eda), este taladro proporciona un excelente control y equilibrio en un tama\u00f1o compacto, perfecto para trabajos por encima de la cabeza o en espacios reducidos.\u00a0Este taladro compacto ofrece 500 in.\/lbs.\u00a0de torque y 0-500\/0-1,800 RPM, para una amplia gama de aplicaciones de perforaci\u00f3n y sujeci\u00f3n.\u00a0Una caja de engranajes totalmente met\u00e1lica y un mandril met\u00e1lico de 1\/2 pulg. brindan la m\u00e1xima durabilidad.<\/p>\n<div class=\"grid bullet-list-wrapper\">\n<ul class=\"bullet-list bullet-list--margin list list--type-square\">\n<li class=\"list__item\">6,5 pulgadas de largo<\/li>\n<li class=\"list__item\">500 pulg.\/lb.\u00a0de par<\/li>\n<li class=\"list__item\">500 RPM a 1800 RPM<\/li>\n<li class=\"list__item\">Dise\u00f1o compacto: proporciona un excelente equilibrio y control, ideal para aplicaciones elevadas o trabajos en espacios reducidos<\/li>\n<li class=\"list__item\">Tipo de mandril: manga simple de trinquete de metal de 1\/2 pulg.<\/li>\n<li class=\"list__item\">Caja de engranajes totalmente met\u00e1lica y mandril de metal de 1\/2 pulg.: proporcionan la m\u00e1xima durabilidad frente a impactos y golpes<\/li>\n<li class=\"list__item\">Motor sin escobillas de Milwaukee: optimizado para la eficiencia, este motor ofrece m\u00e1s tiempo de funcionamiento y una vida m\u00e1s larga<\/li>\n<li class=\"list__item\">Incluye: herramienta b\u00e1sica de taladro sin escobillas 2801-20 M18 de 1\/2 pulg.<\/li>\n<li class=\"list__item\">Compatible con todas las bater\u00edas M18<\/li>\n<\/ul>\n<\/div>\n","protected":false},"excerpt":{"rendered":"<p>El taladro\/atornillador compacto M18 inal\u00e1mbrico sin escobillas de 1\/2 pulg. ofrece la mayor potencia en su clase mientras mantiene un tama\u00f1o compacto.\u00a0El motor sin escobillas construido por Milwaukee, la electr\u00f3nica<\/p>\n","protected":false},"featured_media":94303,"comment_status":"open","ping_status":"closed","template":"","meta":{"_acf_changed":false,"_joinchat":[]},"product_brand":[],"product_cat":[15],"product_tag":[],"class_list":{"0":"post-94302","1":"product","2":"type-product","3":"status-publish","4":"has-post-thumbnail","6":"product_cat-sin-categoria","8":"first","9":"instock","10":"sale","11":"shipping-taxable","12":"purchasable","13":"product-type-simple"},"acf":[],"_links":{"self":[{"href":"https:\/\/defabrica.com.mx\/defabrica\/wp-json\/wp\/v2\/product\/94302","targetHints":{"allow":["GET"]}}],"collection":[{"href":"https:\/\/defabrica.com.mx\/defabrica\/wp-json\/wp\/v2\/product"}],"about":[{"href":"https:\/\/defabrica.com.mx\/defabrica\/wp-json\/wp\/v2\/types\/product"}],"replies":[{"embeddable":true,"href":"https:\/\/defabrica.com.mx\/defabrica\/wp-json\/wp\/v2\/comments?post=94302"}],"wp:featuredmedia":[{"embeddable":true,"href":"https:\/\/defabrica.com.mx\/defabrica\/wp-json\/wp\/v2\/media\/94303"}],"wp:attachment":[{"href":"https:\/\/defabrica.com.mx\/defabrica\/wp-json\/wp\/v2\/media?parent=94302"}],"wp:term":[{"taxonomy":"product_brand","embeddable":true,"href":"https:\/\/defabrica.com.mx\/defabrica\/wp-json\/wp\/v2\/product_brand?post=94302"},{"taxonomy":"product_cat","embeddable":true,"href":"https:\/\/defabrica.com.mx\/defabrica\/wp-json\/wp\/v2\/product_cat?post=94302"},{"taxonomy":"product_tag","embeddable":true,"href":"https:\/\/defabrica.com.mx\/defabrica\/wp-json\/wp\/v2\/product_tag?post=94302"}],"curies":[{"name":"wp","href":"https:\/\/api.w.org\/{rel}","templated":true}]}}