{"id":94300,"date":"2022-07-28T18:28:49","date_gmt":"2022-07-28T23:28:49","guid":{"rendered":"https:\/\/defabrica.com.mx\/defabrica\/?post_type=product&#038;p=94300"},"modified":"2022-12-12T12:53:29","modified_gmt":"2022-12-12T18:53:29","slug":"black-decker-ldx120c-taladro-propulsor-por-iones-de-litio-sin-cable-20-volt-max","status":"publish","type":"product","link":"https:\/\/defabrica.com.mx\/defabrica\/producto\/black-decker-ldx120c-taladro-propulsor-por-iones-de-litio-sin-cable-20-volt-max\/","title":{"rendered":"Black &#038; Decker &#8211; LDX120C taladro\/propulsor por iones de litio sin cable 20-volt M\u00c1X."},"content":{"rendered":"<p>El taladro\/atornillador inal\u00e1mbrico de iones de litio de 20 voltios MAX de BLACK+DECKER es ideal para una amplia variedad de aplicaciones.\u00a0Con un dise\u00f1o inal\u00e1mbrico liviano y compacto para un uso c\u00f3modo y f\u00e1cil acceso en espacios reducidos, este taladro\/destornillador funciona con una bater\u00eda de iones de litio que tiene una carga de hasta 18 meses, por lo que siempre est\u00e1 listo para trabajar cuando usted lo est\u00e9.\u00a0El embrague de 11 posiciones ayuda a evitar que se rompan los tornillos y, con la pr\u00e1ctica luz de trabajo LED, el \u00e1rea de su proyecto se ilumina f\u00e1cilmente para lograr una mayor productividad y reducir el tiempo de inactividad.\u00a0Ideal para proyectos de bricolaje en el hogar, esta herramienta perfora y atornilla madera, metal y pl\u00e1stico, y est\u00e1 fabricada de manera duradera para a\u00f1os de uso confiable.<\/p>\n<div class=\"grid bullet-list-wrapper\">\n<ul class=\"bullet-list bullet-list--margin list list--type-square\">\n<li class=\"list__item\">La bater\u00eda de iones de litio tiene una carga de hasta 18 meses, por lo que la bater\u00eda siempre est\u00e1 lista para trabajar<\/li>\n<li class=\"list__item\">El embrague de 11 posiciones ayuda a evitar que los tornillos se da\u00f1en y se aprieten demasiado<\/li>\n<li class=\"list__item\">La luz de trabajo LED ilumina el \u00e1rea de trabajo para facilitar la perforaci\u00f3n en lugares oscuros<\/li>\n<li class=\"list__item\">Dise\u00f1o compacto y liviano para un uso f\u00e1cil en espacios reducidos<\/li>\n<li class=\"list__item\">Otras bater\u00edas y cargadores se venden por separado;\u00a0compatible con bater\u00edas LBX20 y cargadores LCS20<\/li>\n<li class=\"list__item\">Incluye: taladro\/destornillador de litio LDX120 de 20 voltios m\u00e1x., una bater\u00eda de iones de litio LBX20 de 20 voltios m\u00e1x., 1 cargador LCS20 y 1 broca de doble puntahttps:\/\/www.homedepot.com\/p\/BLACK-DECKER-20-Volt-MAX-Lithium-Ion-Cordless-3-8-in-Drill-Driver-with-Battery-1-5Ah-and-Charger-LDX120C\/203124591<\/li>\n<\/ul>\n<\/div>\n","protected":false},"excerpt":{"rendered":"<p>El taladro\/atornillador inal\u00e1mbrico de iones de litio de 20 voltios MAX de BLACK+DECKER es ideal para una amplia variedad de aplicaciones.\u00a0Con un dise\u00f1o inal\u00e1mbrico liviano y compacto para un uso<\/p>\n","protected":false},"featured_media":94301,"comment_status":"open","ping_status":"closed","template":"","meta":{"_acf_changed":false,"_joinchat":[]},"product_brand":[],"product_cat":[1649,1650,1220,1221],"product_tag":[],"class_list":{"0":"post-94300","1":"product","2":"type-product","3":"status-publish","4":"has-post-thumbnail","6":"product_cat-perforacion","7":"product_cat-taladros","8":"product_cat-herramientas","9":"product_cat-herramientas-electricas","11":"first","12":"instock","13":"sale","14":"shipping-taxable","15":"purchasable","16":"product-type-simple"},"acf":[],"_links":{"self":[{"href":"https:\/\/defabrica.com.mx\/defabrica\/wp-json\/wp\/v2\/product\/94300","targetHints":{"allow":["GET"]}}],"collection":[{"href":"https:\/\/defabrica.com.mx\/defabrica\/wp-json\/wp\/v2\/product"}],"about":[{"href":"https:\/\/defabrica.com.mx\/defabrica\/wp-json\/wp\/v2\/types\/product"}],"replies":[{"embeddable":true,"href":"https:\/\/defabrica.com.mx\/defabrica\/wp-json\/wp\/v2\/comments?post=94300"}],"wp:featuredmedia":[{"embeddable":true,"href":"https:\/\/defabrica.com.mx\/defabrica\/wp-json\/wp\/v2\/media\/94301"}],"wp:attachment":[{"href":"https:\/\/defabrica.com.mx\/defabrica\/wp-json\/wp\/v2\/media?parent=94300"}],"wp:term":[{"taxonomy":"product_brand","embeddable":true,"href":"https:\/\/defabrica.com.mx\/defabrica\/wp-json\/wp\/v2\/product_brand?post=94300"},{"taxonomy":"product_cat","embeddable":true,"href":"https:\/\/defabrica.com.mx\/defabrica\/wp-json\/wp\/v2\/product_cat?post=94300"},{"taxonomy":"product_tag","embeddable":true,"href":"https:\/\/defabrica.com.mx\/defabrica\/wp-json\/wp\/v2\/product_tag?post=94300"}],"curies":[{"name":"wp","href":"https:\/\/api.w.org\/{rel}","templated":true}]}}