{"id":94265,"date":"2022-07-28T18:10:04","date_gmt":"2022-07-28T23:10:04","guid":{"rendered":"https:\/\/defabrica.com.mx\/defabrica\/?post_type=product&#038;p=94265"},"modified":"2022-11-18T12:28:16","modified_gmt":"2022-11-18T18:28:16","slug":"milwaukee-m18-fuel-taladro-atornillador-inalambrico-de-1-2-pulg-de-iones-de-litio-de-18-voltios-48-11-1835-m18-bateria-de-iones-de-litio-de-18-v-3-0-a","status":"publish","type":"product","link":"https:\/\/defabrica.com.mx\/defabrica\/producto\/milwaukee-m18-fuel-taladro-atornillador-inalambrico-de-1-2-pulg-de-iones-de-litio-de-18-voltios-48-11-1835-m18-bateria-de-iones-de-litio-de-18-v-3-0-a\/","title":{"rendered":"Milwaukee  &#8211; M18 FUEL Taladro\/atornillador inal\u00e1mbrico de 1\/2 pulg de iones de litio de 18 voltios + 48-11-1835 M18 BATER\u00cdA DE IONES DE LITIO DE 18 V 3.0 A"},"content":{"rendered":"<p>El taladro atornillador Milwaukee M18 FUEL de 1\/2 pulg. es el taladro sin escobillas alimentado por bater\u00eda m\u00e1s potente de la industria y ofrece hasta un 60 % m\u00e1s de potencia.\u00a0Su cuerpo inal\u00e1mbrico es hasta 1,5 pulgadas m\u00e1s corto y hasta 2 veces m\u00e1s r\u00e1pido bajo carga pesada que otros modelos.\u00a0El mandril de trinquete totalmente met\u00e1lico es el mejor de su clase al proporcionar una mayor fuerza de agarre de la broca y resistencia a la corrosi\u00f3n.\u00a0El motor sin escobillas POWERSTATE se construy\u00f3 espec\u00edficamente para el taladro atornillador M18 FUEL de 1\/2 pulg. para proporcionar hasta un 60 % m\u00e1s de potencia que los juegos de la competencia.\u00a0La inteligencia REDLINK PLUS incorporada garantiza un rendimiento \u00f3ptimo de la herramienta y brinda protecci\u00f3n contra sobrecargas para evitar da\u00f1os a la herramienta y la bater\u00eda durante aplicaciones pesadas, al mismo tiempo que mantiene la compatibilidad en todo el sistema M18.\u00a0El REDLITHIUM XC5.\u00a00 Battery Pack ofrece m\u00e1s trabajo por cargador y m\u00e1s trabajo durante la vida \u00fatil del paquete que los competidores.\u00a0Adem\u00e1s del destornillador, este kit viene con un mango lateral, un clip para el cintur\u00f3n y un portapuntas.<\/p>\n<div class=\"grid bullet-list-wrapper\">\n<ul class=\"bullet-list bullet-list--margin list list--type-square\">\n<li class=\"list__item\">Hasta un 60 % m\u00e1s de potencia: 1200 pulg.\/lb.\u00a0de par<\/li>\n<li class=\"list__item\">Solo 6.9 in L para acceder a espacios reducidos y fatiga reducida<\/li>\n<li class=\"list__item\">LED en pie de herramienta para una mejor iluminaci\u00f3n en espacios oscuros<\/li>\n<li class=\"list__item\">Motor sin escobillas POWERSTATE: dise\u00f1ado espec\u00edficamente para el taladro atornillador M18 FUEL de 1\/2 pulg. para proporcionar hasta un 60 % m\u00e1s de potencia que el conjunto de la competencia<\/li>\n<li class=\"list__item\">Inteligencia REDLINK PLUS: garantiza un rendimiento \u00f3ptimo y brinda protecci\u00f3n contra sobrecargas para evitar da\u00f1os a la herramienta y la bater\u00eda durante aplicaciones pesadas, al mismo tiempo que mantiene la compatibilidad en todo el sistema M18<\/li>\n<li class=\"list__item\">Mandril de trinquete totalmente met\u00e1lico de 1\/2 pulg.<\/li>\n<li class=\"list__item\">Compatible con todas las bater\u00edas M18<\/li>\n<li class=\"list__item\">5 a\u00f1os de garant\u00eda de la herramienta<\/li>\n<li class=\"list__item\">Incluye: un destornillador de taladro M18 FUEL de 1\/2 pulg. (2803-20), 1 mango lateral, 1 clip para cintur\u00f3n, 1 soporte para brocas<\/li>\n<\/ul>\n<\/div>\n","protected":false},"excerpt":{"rendered":"<p>El taladro atornillador Milwaukee M18 FUEL de 1\/2 pulg. es el taladro sin escobillas alimentado por bater\u00eda m\u00e1s potente de la industria y ofrece hasta un 60 % m\u00e1s de<\/p>\n","protected":false},"featured_media":94272,"comment_status":"open","ping_status":"closed","template":"","meta":{"_acf_changed":false,"_joinchat":[]},"product_brand":[],"product_cat":[1649,1650,1220,1221],"product_tag":[],"class_list":{"0":"post-94265","1":"product","2":"type-product","3":"status-publish","4":"has-post-thumbnail","6":"product_cat-perforacion","7":"product_cat-taladros","8":"product_cat-herramientas","9":"product_cat-herramientas-electricas","11":"first","12":"instock","13":"sale","14":"shipping-taxable","15":"purchasable","16":"product-type-simple"},"acf":[],"_links":{"self":[{"href":"https:\/\/defabrica.com.mx\/defabrica\/wp-json\/wp\/v2\/product\/94265","targetHints":{"allow":["GET"]}}],"collection":[{"href":"https:\/\/defabrica.com.mx\/defabrica\/wp-json\/wp\/v2\/product"}],"about":[{"href":"https:\/\/defabrica.com.mx\/defabrica\/wp-json\/wp\/v2\/types\/product"}],"replies":[{"embeddable":true,"href":"https:\/\/defabrica.com.mx\/defabrica\/wp-json\/wp\/v2\/comments?post=94265"}],"wp:featuredmedia":[{"embeddable":true,"href":"https:\/\/defabrica.com.mx\/defabrica\/wp-json\/wp\/v2\/media\/94272"}],"wp:attachment":[{"href":"https:\/\/defabrica.com.mx\/defabrica\/wp-json\/wp\/v2\/media?parent=94265"}],"wp:term":[{"taxonomy":"product_brand","embeddable":true,"href":"https:\/\/defabrica.com.mx\/defabrica\/wp-json\/wp\/v2\/product_brand?post=94265"},{"taxonomy":"product_cat","embeddable":true,"href":"https:\/\/defabrica.com.mx\/defabrica\/wp-json\/wp\/v2\/product_cat?post=94265"},{"taxonomy":"product_tag","embeddable":true,"href":"https:\/\/defabrica.com.mx\/defabrica\/wp-json\/wp\/v2\/product_tag?post=94265"}],"curies":[{"name":"wp","href":"https:\/\/api.w.org\/{rel}","templated":true}]}}