{"id":94258,"date":"2022-07-28T17:32:07","date_gmt":"2022-07-28T22:32:07","guid":{"rendered":"https:\/\/defabrica.com.mx\/defabrica\/?post_type=product&#038;p=94258"},"modified":"2022-11-18T12:13:46","modified_gmt":"2022-11-18T18:13:46","slug":"dewalt-2407-22-kit-de-taladro-atornillador-inalambrico-de-iones-de-litio-de-12-v-m12-de-3-8-dos-baterias-de-15-a-cargador-maleta-de-herramientas","status":"publish","type":"product","link":"https:\/\/defabrica.com.mx\/defabrica\/producto\/dewalt-2407-22-kit-de-taladro-atornillador-inalambrico-de-iones-de-litio-de-12-v-m12-de-3-8-dos-baterias-de-15-a-cargador-maleta-de-herramientas\/","title":{"rendered":"DEWALT &#8211; 2407-22 Kit de taladro\/atornillador inal\u00e1mbrico de iones de litio de 12 v M12 de 3\/8  + dos bater\u00edas de 1,5 A +  cargador + Maleta de herramientas."},"content":{"rendered":"<p>El kit de taladro\/atornillador Milwaukee M12 de 3\/8 pulg. perfora y sujeta hasta un 35 % m\u00e1s r\u00e1pido que sus competidores y es la \u00fanica herramienta en su clase que tiene un mandril de bloqueo totalmente met\u00e1lico.\u00a0El potente taladro inal\u00e1mbrico compacto ofrece 275 in. lbs.\u00a0de torque &#8211; hasta un 25% m\u00e1s de torque que la competencia &#8211; y 0-400\/0-1,500 RPM.\u00a0Su dise\u00f1o compacto, liviano y duradero ofrece a los usuarios mayor comodidad y eficiencia en el lugar de trabajo.\u00a0El mandril de trinquete de una sola manga totalmente met\u00e1lico proporciona a los usuarios un agarre superior de la broca para que no tengan que detenerse para volver a apretar la broca o correr el riesgo de perderla.\u00a0El taladro cuenta con una luz LED integrada y un indicador de combustible que ayuda a los usuarios a aumentar la productividad y evitar interrupciones.\u00a0El paquete de bater\u00edas REDLITHIUM ofrece m\u00e1s trabajo por carga y m\u00e1s trabajo durante la vida \u00fatil del paquete que los competidores.\u00a0Adem\u00e1s del taladro atornillador compacto,<\/p>\n<div class=\"grid bullet-list-wrapper\">\n<ul class=\"bullet-list bullet-list--margin list list--type-square\">\n<li class=\"list__item\">Entrega hasta 275 in lbs de Torque.<\/li>\n<li class=\"list__item\">El indicador de combustible de la bater\u00eda a bordo muestra el tiempo de funcionamiento restante<\/li>\n<li class=\"list__item\">Nuevo dise\u00f1o de mango ergon\u00f3mico para mayor comodidad<\/li>\n<li class=\"list__item\">Portabrocas de trinquete de metal para una m\u00e1xima durabilidad<\/li>\n<li class=\"list__item\">Incluye: (1) taladro\/destornillador M12 de 3\/8&#8243; (solo herramienta) (2407-20), (2) paquete de bater\u00edas M12 REDLITHIUM CP de 1,5 Ah (48-11-2401), (1) cargador de bater\u00eda de iones de litio M12 (48-59-2401), (1) estuche de transporte<\/li>\n<\/ul>\n<\/div>\n","protected":false},"excerpt":{"rendered":"<p>El kit de taladro\/atornillador Milwaukee M12 de 3\/8 pulg. perfora y sujeta hasta un 35 % m\u00e1s r\u00e1pido que sus competidores y es la \u00fanica herramienta en su clase que<\/p>\n","protected":false},"featured_media":94259,"comment_status":"open","ping_status":"closed","template":"","meta":{"_acf_changed":false,"_joinchat":[]},"product_brand":[],"product_cat":[15],"product_tag":[],"class_list":{"0":"post-94258","1":"product","2":"type-product","3":"status-publish","4":"has-post-thumbnail","6":"product_cat-sin-categoria","8":"first","9":"instock","10":"sale","11":"shipping-taxable","12":"purchasable","13":"product-type-simple"},"acf":[],"_links":{"self":[{"href":"https:\/\/defabrica.com.mx\/defabrica\/wp-json\/wp\/v2\/product\/94258","targetHints":{"allow":["GET"]}}],"collection":[{"href":"https:\/\/defabrica.com.mx\/defabrica\/wp-json\/wp\/v2\/product"}],"about":[{"href":"https:\/\/defabrica.com.mx\/defabrica\/wp-json\/wp\/v2\/types\/product"}],"replies":[{"embeddable":true,"href":"https:\/\/defabrica.com.mx\/defabrica\/wp-json\/wp\/v2\/comments?post=94258"}],"wp:featuredmedia":[{"embeddable":true,"href":"https:\/\/defabrica.com.mx\/defabrica\/wp-json\/wp\/v2\/media\/94259"}],"wp:attachment":[{"href":"https:\/\/defabrica.com.mx\/defabrica\/wp-json\/wp\/v2\/media?parent=94258"}],"wp:term":[{"taxonomy":"product_brand","embeddable":true,"href":"https:\/\/defabrica.com.mx\/defabrica\/wp-json\/wp\/v2\/product_brand?post=94258"},{"taxonomy":"product_cat","embeddable":true,"href":"https:\/\/defabrica.com.mx\/defabrica\/wp-json\/wp\/v2\/product_cat?post=94258"},{"taxonomy":"product_tag","embeddable":true,"href":"https:\/\/defabrica.com.mx\/defabrica\/wp-json\/wp\/v2\/product_tag?post=94258"}],"curies":[{"name":"wp","href":"https:\/\/api.w.org\/{rel}","templated":true}]}}