{"id":94232,"date":"2022-07-28T17:07:39","date_gmt":"2022-07-28T22:07:39","guid":{"rendered":"https:\/\/defabrica.com.mx\/defabrica\/?post_type=product&#038;p=94232"},"modified":"2025-07-11T13:37:03","modified_gmt":"2025-07-11T19:37:03","slug":"ryobi-kit-de-taladro-inalambrico-one-de-18-v-y-3-8-in-con-bateria-de-15-ah-y-cargador","status":"publish","type":"product","link":"https:\/\/defabrica.com.mx\/defabrica\/producto\/ryobi-kit-de-taladro-inalambrico-one-de-18-v-y-3-8-in-con-bateria-de-15-ah-y-cargador\/","title":{"rendered":"RYOBI  &#8211; Kit de taladro inal\u00e1mbrico ONE+ de 18 V y 3\/8 in con bater\u00eda de 1,5 Ah y cargador"},"content":{"rendered":"<p>RYOBI presenta el kit de taladro\/atornillador inal\u00e1mbrico ONE+ de 18 V y 3\/8 in con bater\u00eda de 1,5 Ah y cargador.\u00a0El taladro\/destornillador cuenta con un mandril sin llave de 3\/8 pulg. con un embrague de 24 posiciones que ajusta la salida de torque para controlar la profundidad del tornillo o sujetador.\u00a0Su dise\u00f1o compacto le permite trabajar en espacios reducidos.\u00a0Tambi\u00e9n tiene una luz LED para iluminar las superficies de trabajo y almacenamiento de brocas a bordo para mayor comodidad.\u00a0Este kit est\u00e1 alimentado por una bater\u00eda de iones de litio de 1,5 Ah que ofrece energ\u00eda sin desvanecimientos.\u00a0Lo mejor de todo es que forma parte del sistema RYOBI ONE+ de m\u00e1s de 260 herramientas inal\u00e1mbricas que funcionan todas con la misma plataforma de bater\u00eda.\u00a0Respaldado por la garant\u00eda del fabricante de 3 a\u00f1os de RYOBI, el kit de taladro\/atornillador ONE+ de 18 V y 3\/8 in incluye una bater\u00eda compacta de iones de litio ONE+ de 18 V y 1,5 Ah, un cargador ONE+ de 18 V, una broca de doble extremo y un manual del operador.<\/p>\n<div class=\"grid bullet-list-wrapper\">\n<ul class=\"bullet-list bullet-list--margin list list--type-square\">\n<li class=\"list__item\">Taladro\/destornillador: mandril de 2 manguitos de 3\/8 pulg.<\/li>\n<li class=\"list__item\">Taladro\/destornillador: el embrague de 24 posiciones ajusta la salida de torque para controlar la profundidad del tornillo o sujetador<\/li>\n<li class=\"list__item\">Taladro\/Destornillador: El gatillo de velocidad variable produce 0-600 RPM<\/li>\n<li class=\"list__item\">Taladro\/Destornillador: Luz LED para una mayor visibilidad de la tarea<\/li>\n<li class=\"list__item\">Bater\u00eda: proporciona energ\u00eda de iones de litio sin desvanecimiento<\/li>\n<li class=\"list__item\">Bater\u00eda: rendimiento en condiciones clim\u00e1ticas extremas para soportar condiciones clim\u00e1ticas g\u00e9lidas<\/li>\n<li class=\"list__item\">Cargador: Compatible con bater\u00edas de iones de litio RYOBI 18V ONE+<\/li>\n<li class=\"list__item\">Parte del sistema RYOBI ONE+ de 18 V de m\u00e1s de 260 herramientas inal\u00e1mbricas<\/li>\n<li class=\"list__item\">3 a\u00f1os de garant\u00eda del fabricante<\/li>\n<li class=\"list__item\">Incluye: (1) taladro\/destornillador P209D de 3\/8 pulg. con broca para destornillador, (1) bater\u00eda compacta de iones de litio P189 de 1,5 Ah, (1) cargador ONE+ de 18 V P119 y manuales del operador<\/li>\n<\/ul>\n<\/div>\n","protected":false},"excerpt":{"rendered":"<p>RYOBI presenta el kit de taladro\/atornillador inal\u00e1mbrico ONE+ de 18 V y 3\/8 in con bater\u00eda de 1,5 Ah y cargador.\u00a0El taladro\/destornillador cuenta con un mandril sin llave de 3\/8<\/p>\n","protected":false},"featured_media":94233,"comment_status":"open","ping_status":"closed","template":"","meta":{"_acf_changed":false,"_joinchat":[]},"product_brand":[],"product_cat":[1649,1650,1220,1221],"product_tag":[],"class_list":{"0":"post-94232","1":"product","2":"type-product","3":"status-publish","4":"has-post-thumbnail","6":"product_cat-perforacion","7":"product_cat-taladros","8":"product_cat-herramientas","9":"product_cat-herramientas-electricas","11":"first","12":"instock","13":"sale","14":"shipping-taxable","15":"purchasable","16":"product-type-simple"},"acf":[],"_links":{"self":[{"href":"https:\/\/defabrica.com.mx\/defabrica\/wp-json\/wp\/v2\/product\/94232","targetHints":{"allow":["GET"]}}],"collection":[{"href":"https:\/\/defabrica.com.mx\/defabrica\/wp-json\/wp\/v2\/product"}],"about":[{"href":"https:\/\/defabrica.com.mx\/defabrica\/wp-json\/wp\/v2\/types\/product"}],"replies":[{"embeddable":true,"href":"https:\/\/defabrica.com.mx\/defabrica\/wp-json\/wp\/v2\/comments?post=94232"}],"wp:featuredmedia":[{"embeddable":true,"href":"https:\/\/defabrica.com.mx\/defabrica\/wp-json\/wp\/v2\/media\/94233"}],"wp:attachment":[{"href":"https:\/\/defabrica.com.mx\/defabrica\/wp-json\/wp\/v2\/media?parent=94232"}],"wp:term":[{"taxonomy":"product_brand","embeddable":true,"href":"https:\/\/defabrica.com.mx\/defabrica\/wp-json\/wp\/v2\/product_brand?post=94232"},{"taxonomy":"product_cat","embeddable":true,"href":"https:\/\/defabrica.com.mx\/defabrica\/wp-json\/wp\/v2\/product_cat?post=94232"},{"taxonomy":"product_tag","embeddable":true,"href":"https:\/\/defabrica.com.mx\/defabrica\/wp-json\/wp\/v2\/product_tag?post=94232"}],"curies":[{"name":"wp","href":"https:\/\/api.w.org\/{rel}","templated":true}]}}