{"id":94229,"date":"2022-07-28T16:52:26","date_gmt":"2022-07-28T21:52:26","guid":{"rendered":"https:\/\/defabrica.com.mx\/defabrica\/?post_type=product&#038;p=94229"},"modified":"2023-01-28T13:14:01","modified_gmt":"2023-01-28T19:14:01","slug":"rigid-kit-taladro-inalambrico-subcompacto-sin-escobillas-de-18-v-incluye-2-baterias-de-20-ah-cargador-y-maletin","status":"publish","type":"product","link":"https:\/\/defabrica.com.mx\/defabrica\/producto\/rigid-kit-taladro-inalambrico-subcompacto-sin-escobillas-de-18-v-incluye-2-baterias-de-20-ah-cargador-y-maletin\/","title":{"rendered":"RIGID &#8211; Kit &#8211; taladro inal\u00e1mbrico subcompacto sin escobillas de 18 V Incluye 2 bater\u00edas de 2,0 Ah, cargador y Maletin."},"content":{"rendered":"<p>RIDGID presenta el kit de taladro\/atornillador subcompacto de iones de litio de 18 V, sin escobillas, de 2 velocidades y 1\/2 pulg. con (2) bater\u00edas de 2,0 Ah y cargador.\u00a0Este kit de taladro\/atornillador subcompacto de 18 V, 2 velocidades, 1\/2 in, sin escobillas, cuenta con todos los engranajes met\u00e1licos para una mayor durabilidad en el lugar de trabajo o en el hogar.\u00a0El modelo pesa un 30 % menos y es un 35 % m\u00e1s compacto con una ergonom\u00eda optimizada.\u00a0El mandril de trinquete de manga simple de 1\/2 pulg. mantiene las brocas apretadas y seguras.\u00a0El motor sin escobillas ofrece m\u00e1s tiempo de funcionamiento y una mayor vida \u00fatil del motor.\u00a0El taladro\/atornillador subcompacto sin escobillas de 18 V, 2 velocidades y 1\/2 pulg. ofrece 425 pulg.\/lb.\u00a0de torque y 0-450\/0-1,750 RPM.\u00a0Este kit est\u00e1 respaldado por el \u00fanico acuerdo de servicio de por vida de la industria, simplemente reg\u00edstrese dentro de los 90 d\u00edas posteriores a la compra para obtener piezas GRATIS, servicio GRATIS, de por vida.\u00a0El kit de taladro\/atornillador RIDGID SubCompact de 18 V, sin escobillas, inal\u00e1mbrico, de 2 velocidades y 1\/2 pulg. incluye (2) 2.<\/p>\n<div class=\"grid bullet-list-wrapper\">\n<ul class=\"bullet-list bullet-list--margin list list--type-square\">\n<li class=\"list__item\">La tecnolog\u00eda de motor sin escobillas ofrece m\u00e1s tiempo de ejecuci\u00f3n, potencia y una vida \u00fatil m\u00e1s larga del motor<\/li>\n<li class=\"list__item\">Configuraciones de 2 velocidades para igualar la potencia a la tarea<\/li>\n<li class=\"list__item\">El modelo SubCompact pesa un 30 % menos y es un 30 % m\u00e1s compacto en comparaci\u00f3n con el taladro\/atornillador RIDGID de 1\/2 in sin escobillas R86009<\/li>\n<li class=\"list__item\">El taladro\/atornillador de 1\/2 pulg. ofrece 425 pulg.\/lb.\u00a0de torque y 0-450\/0-1,750 RPM<\/li>\n<li class=\"list__item\">El anillo de embrague de 24 posiciones permite ajustes para igualar el torque a la aplicaci\u00f3n<\/li>\n<li class=\"list__item\">Todos los engranajes met\u00e1licos para una mayor durabilidad de la herramienta<\/li>\n<li class=\"list__item\">Luz LED para mejorar la visibilidad en espacios reducidos y situaciones de poca luz<\/li>\n<li class=\"list__item\">El gancho para cintur\u00f3n reversible y el soporte para puntas le permiten aplicar en cualquier lado para una personalizaci\u00f3n adicional<\/li>\n<li class=\"list__item\">Bater\u00edas: hasta 2 veces m\u00e1s tiempo de funcionamiento y vida \u00fatil 2 veces m\u00e1s larga en comparaci\u00f3n con las bater\u00edas est\u00e1ndar de iones de litio<\/li>\n<li class=\"list__item\">Cargador: Cargador de 18 V compatible con todas las bater\u00edas RIDGID de 18 V<\/li>\n<li class=\"list__item\">100 % compatible: funciona con todas las bater\u00edas, herramientas y cargadores RIDGID de 18 V<\/li>\n<li class=\"list__item\">Acuerdo de servicio de por vida con registro dentro de los 90 d\u00edas posteriores a la compra<\/li>\n<li class=\"list__item\">Incluye: (1) taladro\/atornillador subcompacto R8701 de 18 V sin escobillas de 1\/2 pulg., (2) bater\u00edas R87002 de 18 V y 2,0 Ah, (1) cargador R86093 de 18 V, (1) gancho para cintur\u00f3n con tornillos, broca de doble extremo, bolsa y bolsa del operador manual<\/li>\n<li class=\"list__item\">RIDGID: Construir para toda la vida<\/li>\n<\/ul>\n<\/div>\n","protected":false},"excerpt":{"rendered":"<p>RIDGID presenta el kit de taladro\/atornillador subcompacto de iones de litio de 18 V, sin escobillas, de 2 velocidades y 1\/2 pulg. con (2) bater\u00edas de 2,0 Ah y cargador.\u00a0Este<\/p>\n","protected":false},"featured_media":94231,"comment_status":"open","ping_status":"closed","template":"","meta":{"_acf_changed":false,"_joinchat":[]},"product_brand":[],"product_cat":[1649,1650,1220,1221],"product_tag":[],"class_list":{"0":"post-94229","1":"product","2":"type-product","3":"status-publish","4":"has-post-thumbnail","6":"product_cat-perforacion","7":"product_cat-taladros","8":"product_cat-herramientas","9":"product_cat-herramientas-electricas","11":"first","12":"instock","13":"sale","14":"shipping-taxable","15":"purchasable","16":"product-type-simple"},"acf":[],"_links":{"self":[{"href":"https:\/\/defabrica.com.mx\/defabrica\/wp-json\/wp\/v2\/product\/94229","targetHints":{"allow":["GET"]}}],"collection":[{"href":"https:\/\/defabrica.com.mx\/defabrica\/wp-json\/wp\/v2\/product"}],"about":[{"href":"https:\/\/defabrica.com.mx\/defabrica\/wp-json\/wp\/v2\/types\/product"}],"replies":[{"embeddable":true,"href":"https:\/\/defabrica.com.mx\/defabrica\/wp-json\/wp\/v2\/comments?post=94229"}],"wp:featuredmedia":[{"embeddable":true,"href":"https:\/\/defabrica.com.mx\/defabrica\/wp-json\/wp\/v2\/media\/94231"}],"wp:attachment":[{"href":"https:\/\/defabrica.com.mx\/defabrica\/wp-json\/wp\/v2\/media?parent=94229"}],"wp:term":[{"taxonomy":"product_brand","embeddable":true,"href":"https:\/\/defabrica.com.mx\/defabrica\/wp-json\/wp\/v2\/product_brand?post=94229"},{"taxonomy":"product_cat","embeddable":true,"href":"https:\/\/defabrica.com.mx\/defabrica\/wp-json\/wp\/v2\/product_cat?post=94229"},{"taxonomy":"product_tag","embeddable":true,"href":"https:\/\/defabrica.com.mx\/defabrica\/wp-json\/wp\/v2\/product_tag?post=94229"}],"curies":[{"name":"wp","href":"https:\/\/api.w.org\/{rel}","templated":true}]}}