{"id":94216,"date":"2022-07-28T15:27:56","date_gmt":"2022-07-28T20:27:56","guid":{"rendered":"https:\/\/defabrica.com.mx\/defabrica\/?post_type=product&#038;p=94216"},"modified":"2022-07-28T15:27:56","modified_gmt":"2022-07-28T20:27:56","slug":"dewalt-dcd771c2-taladro-inalambrico-de-20-v-max-kit-incluye-2-baterias-de-20-v-13-ah-cargador-y-maletin","status":"publish","type":"product","link":"https:\/\/defabrica.com.mx\/defabrica\/producto\/dewalt-dcd771c2-taladro-inalambrico-de-20-v-max-kit-incluye-2-baterias-de-20-v-13-ah-cargador-y-maletin\/","title":{"rendered":"DEWALT &#8211; DCD771C2 Taladro inal\u00e1mbrico de 20 V MAX, Kit Incluye 2 bater\u00edas de 20 V 1,3 Ah, cargador y Maletin."},"content":{"rendered":"<p><span>El kit de taladro\/atornillador inal\u00e1mbrico DEWALT DCD771C2 20V MAX* est\u00e1 dise\u00f1ado con un motor de alto rendimiento que ofrece 300 unidades de vatios (UWO) de potencia.\u00a0El dise\u00f1o compacto y liviano le permite trabajar en espacios reducidos durante per\u00edodos prolongados.\u00a0Este taladro\/destornillador alimentado por bater\u00eda cuenta con una transmisi\u00f3n de alta velocidad con 2 velocidades (0-450 RPM y 1500 RPM) para una variedad de aplicaciones de perforaci\u00f3n y sujeci\u00f3n.\u00a0Tambi\u00e9n tiene un mandril de trinquete de una sola manga de 1\/2 pulg. para una fuerza de agarre ajustada de la broca.\u00a0Respaldado por una garant\u00eda limitada de 3 a\u00f1os de DEWALT, el taladro\/destornillador inal\u00e1mbrico DCD771C2 viene con dos bater\u00edas de iones de litio, un cargador y un estuche resistente.<\/span><\/p>\n<div class=\"grid bullet-list-wrapper\">\n<ul class=\"bullet-list bullet-list--margin list list--type-square\">\n<li class=\"list__item\"><span>Incluye 2 bater\u00edas de iones de litio y cargador<\/span><\/li>\n<li class=\"list__item\"><span>La transmisi\u00f3n de alta velocidad ofrece 2 velocidades (0-450 y 1500 RPM) para una variedad de aplicaciones de sujeci\u00f3n y perforaci\u00f3n<\/span><\/li>\n<li class=\"list__item\"><span>El destornillador de impacto inal\u00e1mbrico DEWALT DCF885 de 1\/4 pulg. ofrece carga con una sola mano para su mandril hexagonal que acepta puntas de broca de 1 pulg.<\/span><\/li>\n<li class=\"list__item\"><span>La sierra circular inal\u00e1mbrica DEWALT DCS393 con hoja de carburo de 6-1\/2 pulg. puede cortar madera de 2&#215;4 en un \u00e1ngulo de 45 grados en una sola pasada<\/span><\/li>\n<li class=\"list__item\"><span>El mango ergon\u00f3mico brinda comodidad y control<\/span><\/li>\n<li class=\"list__item\"><span>16 configuraciones de embrague para un control preciso<\/span><\/li>\n<\/ul>\n<\/div>\n","protected":false},"excerpt":{"rendered":"<p>El kit de taladro\/atornillador inal\u00e1mbrico DEWALT DCD771C2 20V MAX* est\u00e1 dise\u00f1ado con un motor de alto rendimiento que ofrece 300 unidades de vatios (UWO) de potencia.\u00a0El dise\u00f1o compacto y liviano<\/p>\n","protected":false},"featured_media":94217,"comment_status":"open","ping_status":"closed","template":"","meta":{"_acf_changed":false,"_joinchat":[]},"product_brand":[],"product_cat":[1649,1650,1220,1221],"product_tag":[],"class_list":{"0":"post-94216","1":"product","2":"type-product","3":"status-publish","4":"has-post-thumbnail","6":"product_cat-perforacion","7":"product_cat-taladros","8":"product_cat-herramientas","9":"product_cat-herramientas-electricas","11":"first","12":"instock","13":"sale","14":"shipping-taxable","15":"purchasable","16":"product-type-simple"},"acf":[],"_links":{"self":[{"href":"https:\/\/defabrica.com.mx\/defabrica\/wp-json\/wp\/v2\/product\/94216","targetHints":{"allow":["GET"]}}],"collection":[{"href":"https:\/\/defabrica.com.mx\/defabrica\/wp-json\/wp\/v2\/product"}],"about":[{"href":"https:\/\/defabrica.com.mx\/defabrica\/wp-json\/wp\/v2\/types\/product"}],"replies":[{"embeddable":true,"href":"https:\/\/defabrica.com.mx\/defabrica\/wp-json\/wp\/v2\/comments?post=94216"}],"wp:featuredmedia":[{"embeddable":true,"href":"https:\/\/defabrica.com.mx\/defabrica\/wp-json\/wp\/v2\/media\/94217"}],"wp:attachment":[{"href":"https:\/\/defabrica.com.mx\/defabrica\/wp-json\/wp\/v2\/media?parent=94216"}],"wp:term":[{"taxonomy":"product_brand","embeddable":true,"href":"https:\/\/defabrica.com.mx\/defabrica\/wp-json\/wp\/v2\/product_brand?post=94216"},{"taxonomy":"product_cat","embeddable":true,"href":"https:\/\/defabrica.com.mx\/defabrica\/wp-json\/wp\/v2\/product_cat?post=94216"},{"taxonomy":"product_tag","embeddable":true,"href":"https:\/\/defabrica.com.mx\/defabrica\/wp-json\/wp\/v2\/product_tag?post=94216"}],"curies":[{"name":"wp","href":"https:\/\/api.w.org\/{rel}","templated":true}]}}