{"id":94190,"date":"2022-07-28T01:31:59","date_gmt":"2022-07-28T06:31:59","guid":{"rendered":"https:\/\/defabrica.com.mx\/defabrica\/?post_type=product&#038;p=94190"},"modified":"2023-01-20T11:12:11","modified_gmt":"2023-01-20T17:12:11","slug":"acer-nitro-monitor-ips-full-hd-de-238","status":"publish","type":"product","link":"https:\/\/defabrica.com.mx\/defabrica\/producto\/acer-nitro-monitor-ips-full-hd-de-238\/","title":{"rendered":"Acer &#8211; Nitro  Monitor IPS Full HD de 23,8&#8243;"},"content":{"rendered":"<div class=\"embedded-component-container lv product-description\">\n<div>\n<div id=\"shop-product-description-42278973\" class=\"_none\" data-version=\"1.3.46\">\n<div class=\"shop-product-description\">\n<section class=\"align-heading-left\" data-reactroot=\"\">\n<div class=\"long-description-container body-copy \">\n<div class=\"html-fragment\">Acer Nitro XF243Y Pbmiiprx Monitor IPS Full HD (1920 x 1080) de 23,8&#8243; con tecnolog\u00eda AMD Radeon FREESYNC, hasta 165 Hz, hasta 0,5 ms, HDR 10, 99 % sRGB, (2 puertos HDMI 2.0 y 1 puerto de pantalla)<\/div>\n<\/div>\n<\/section>\n<\/div>\n<\/div>\n<\/div>\n<\/div>\n<div class=\"embedded-component-container lv product-features\">\n<h3><\/h3>\n<h3 class=\"heading-5 v-fw-regular feature-heading\"><strong>Caracter\u00edsticas<\/strong><\/h3>\n<ul>\n<li><strong>Im\u00e1genes de calidad<\/strong><br \/>\nEl monitor IPS XF243Y de 23,8&#8243; con resoluci\u00f3n Full HD de 1920 x 1080 en una relaci\u00f3n de aspecto de 16:9 presenta im\u00e1genes sorprendentes de alta calidad con excelente detalle.<\/li>\n<li><strong>Tecnolog\u00eda AMD Radeon FreeSync<\/strong><br \/>\nDi \u00abadi\u00f3s\u00bb a la tartamudez y al desgarro. Con AMD Radeon FreeSync, los marcos del monitor se sincronizan con los marcos de la tarjeta gr\u00e1fica, lo que elimina el desgarro de la pantalla y brinda la experiencia de juego m\u00e1s fluida.<\/li>\n<li><strong>\u00a1\u00a1Sensible!!<\/strong><br \/>\nEl tiempo de respuesta GTG (gris a gris) de hasta 0,5 ms mejor\u00f3 la experiencia de juego de los jugadores. No importa la acci\u00f3n de movimiento r\u00e1pido o las transiciones dram\u00e1ticas, todo se reproducir\u00e1 sin problemas sin los efectos molestos de manchas o im\u00e1genes fantasma con el monitor para juegos XF243Y.<\/li>\n<li><strong>Overclock a 165Hz<\/strong><br \/>\nLa frecuencia de actualizaci\u00f3n de 165 Hz acelera los fotogramas por segundo para ofrecer escenas de movimiento 2D ultrasuaves. Con una frecuencia de actualizaci\u00f3n r\u00e1pida de 165 Hz, los monitores Acer acortan el tiempo que lleva la representaci\u00f3n de cuadros, reducen el retraso de entrada y brindan a los jugadores una excelente experiencia en el juego.<\/li>\n<li><strong>Soporte ergon\u00f3mico<\/strong><br \/>\nEl Nitro XF243Y tiene un soporte dise\u00f1ado ergon\u00f3micamente con una inclinaci\u00f3n de -5\u00b0 a 25\u00b0, un giro de 360\u00b0 y un ajuste de altura de 4,7&#8243; para que siempre pueda encontrar la posici\u00f3n de visualizaci\u00f3n ideal. Tambi\u00e9n puede separar el monitor de su soporte para que pueda ser Montaje en pared VESA.<\/li>\n<\/ul>\n<\/div>\n","protected":false},"excerpt":{"rendered":"<p>Acer Nitro XF243Y Pbmiiprx Monitor IPS Full HD (1920 x 1080) de 23,8&#8243; con tecnolog\u00eda AMD Radeon FREESYNC, hasta 165 Hz, hasta 0,5 ms, HDR 10, 99 % sRGB, (2<\/p>\n","protected":false},"featured_media":94191,"comment_status":"open","ping_status":"closed","template":"","meta":{"_acf_changed":false,"_joinchat":[]},"product_brand":[],"product_cat":[277,280,433],"product_tag":[],"class_list":{"0":"post-94190","1":"product","2":"type-product","3":"status-publish","4":"has-post-thumbnail","6":"product_cat-zona-gamer","7":"product_cat-pc-gaming","8":"product_cat-monitores-gamer","10":"first","11":"instock","12":"sale","13":"shipping-taxable","14":"purchasable","15":"product-type-simple"},"acf":[],"_links":{"self":[{"href":"https:\/\/defabrica.com.mx\/defabrica\/wp-json\/wp\/v2\/product\/94190","targetHints":{"allow":["GET"]}}],"collection":[{"href":"https:\/\/defabrica.com.mx\/defabrica\/wp-json\/wp\/v2\/product"}],"about":[{"href":"https:\/\/defabrica.com.mx\/defabrica\/wp-json\/wp\/v2\/types\/product"}],"replies":[{"embeddable":true,"href":"https:\/\/defabrica.com.mx\/defabrica\/wp-json\/wp\/v2\/comments?post=94190"}],"wp:featuredmedia":[{"embeddable":true,"href":"https:\/\/defabrica.com.mx\/defabrica\/wp-json\/wp\/v2\/media\/94191"}],"wp:attachment":[{"href":"https:\/\/defabrica.com.mx\/defabrica\/wp-json\/wp\/v2\/media?parent=94190"}],"wp:term":[{"taxonomy":"product_brand","embeddable":true,"href":"https:\/\/defabrica.com.mx\/defabrica\/wp-json\/wp\/v2\/product_brand?post=94190"},{"taxonomy":"product_cat","embeddable":true,"href":"https:\/\/defabrica.com.mx\/defabrica\/wp-json\/wp\/v2\/product_cat?post=94190"},{"taxonomy":"product_tag","embeddable":true,"href":"https:\/\/defabrica.com.mx\/defabrica\/wp-json\/wp\/v2\/product_tag?post=94190"}],"curies":[{"name":"wp","href":"https:\/\/api.w.org\/{rel}","templated":true}]}}