{"id":94179,"date":"2022-07-28T01:25:14","date_gmt":"2022-07-28T06:25:14","guid":{"rendered":"https:\/\/defabrica.com.mx\/defabrica\/?post_type=product&#038;p=94179"},"modified":"2023-01-20T11:11:03","modified_gmt":"2023-01-20T17:11:03","slug":"acer-27-monitor-para-juegos","status":"publish","type":"product","link":"https:\/\/defabrica.com.mx\/defabrica\/producto\/acer-27-monitor-para-juegos\/","title":{"rendered":"Acer &#8211; 27&#8243; monitor para juegos"},"content":{"rendered":"<div class=\"embedded-component-container lv product-description\">\n<div>\n<div id=\"shop-product-description-56100997\" class=\"_none\" data-version=\"1.3.46\">\n<div class=\"shop-product-description\">\n<section class=\"align-heading-left\" data-reactroot=\"\">\n<div class=\"long-description-container body-copy \">\n<div class=\"html-fragment\">Acer Predator XB273U GSbmiiprzx Monitor IPS WQHD (2560 x 1440) de 27&#8243; con compatible con NVIDIA G-SYNC, DisplayHDR400 certificado por VESA, hasta 0,5 ms (G a G), 165 Hz, (1 puerto de pantalla y 2 puertos HDMI)<\/div>\n<\/div>\n<\/section>\n<\/div>\n<\/div>\n<\/div>\n<\/div>\n<div class=\"embedded-component-container lv product-features\">\n<h3><\/h3>\n<h3 class=\"heading-5 v-fw-regular feature-heading\"><strong>Caracter\u00edsticas<\/strong><\/h3>\n<ul>\n<li><strong>\u00a1La resoluci\u00f3n importa!<\/strong><br \/>\nEsta pantalla de 27&#8243; WQHD (2560 x 1440) tiene un gran impacto. Sum\u00e9rgete en los colores hiperrealistas del mundo del juego. Se logran transiciones suaves, tonos m\u00e1s finos y apariencia uniforme con 95% DCI-P3.<\/li>\n<li><strong>Compatible con G-SYNC<\/strong><br \/>\nValidado por NVIDIA, este monitor compatible con G-SYNC le brinda m\u00e1s de lo que desea en una experiencia de juego. \u00a1Jugabilidad fluida y sin rasgaduras! Y mucho m\u00e1s.<\/li>\n<li><strong>Frecuencia de actualizaci\u00f3n de 165 Hz<\/strong><br \/>\nLa frecuencia de actualizaci\u00f3n de 165 Hz acelera los fotogramas por segundo para ofrecer escenas de movimiento 2D ultrasuaves. Con una frecuencia de actualizaci\u00f3n r\u00e1pida de 165 Hz, los monitores Predator acortan el tiempo que lleva la representaci\u00f3n de cuadros, reducen el retraso de entrada y brindan a los jugadores una excelente experiencia en el juego.<\/li>\n<li><strong>Dise\u00f1ado para el Triatl\u00f3n<\/strong><br \/>\nLa pantalla sin parpadeos tiene filtro de luz azul y reducci\u00f3n de reflejos que mejoran significativamente la comodidad de visualizaci\u00f3n al mismo tiempo que mejoran la protecci\u00f3n de los ojos. Juega m\u00e1s tiempo y con comodidad.<\/li>\n<li><strong>Adi\u00f3s fantasma<\/strong><br \/>\nEl tiempo de respuesta de hasta 0,5 ms* GTG (gris a gris) mejor\u00f3 la experiencia de juego de los jugadores. No importa la acci\u00f3n de movimiento r\u00e1pido o las transiciones dram\u00e1ticas, todo se reproducir\u00e1 sin problemas sin los efectos molestos de manchas o im\u00e1genes fantasma con el monitor para juegos XB273U. (*En modo Over Drive)<\/li>\n<\/ul>\n<\/div>\n","protected":false},"excerpt":{"rendered":"<p>Acer Predator XB273U GSbmiiprzx Monitor IPS WQHD (2560 x 1440) de 27&#8243; con compatible con NVIDIA G-SYNC, DisplayHDR400 certificado por VESA, hasta 0,5 ms (G a G), 165 Hz, (1<\/p>\n","protected":false},"featured_media":94180,"comment_status":"open","ping_status":"closed","template":"","meta":{"_acf_changed":false,"_joinchat":[]},"product_brand":[],"product_cat":[277,280,433],"product_tag":[],"class_list":{"0":"post-94179","1":"product","2":"type-product","3":"status-publish","4":"has-post-thumbnail","6":"product_cat-zona-gamer","7":"product_cat-pc-gaming","8":"product_cat-monitores-gamer","10":"first","11":"instock","12":"sale","13":"shipping-taxable","14":"purchasable","15":"product-type-simple"},"acf":[],"_links":{"self":[{"href":"https:\/\/defabrica.com.mx\/defabrica\/wp-json\/wp\/v2\/product\/94179","targetHints":{"allow":["GET"]}}],"collection":[{"href":"https:\/\/defabrica.com.mx\/defabrica\/wp-json\/wp\/v2\/product"}],"about":[{"href":"https:\/\/defabrica.com.mx\/defabrica\/wp-json\/wp\/v2\/types\/product"}],"replies":[{"embeddable":true,"href":"https:\/\/defabrica.com.mx\/defabrica\/wp-json\/wp\/v2\/comments?post=94179"}],"wp:featuredmedia":[{"embeddable":true,"href":"https:\/\/defabrica.com.mx\/defabrica\/wp-json\/wp\/v2\/media\/94180"}],"wp:attachment":[{"href":"https:\/\/defabrica.com.mx\/defabrica\/wp-json\/wp\/v2\/media?parent=94179"}],"wp:term":[{"taxonomy":"product_brand","embeddable":true,"href":"https:\/\/defabrica.com.mx\/defabrica\/wp-json\/wp\/v2\/product_brand?post=94179"},{"taxonomy":"product_cat","embeddable":true,"href":"https:\/\/defabrica.com.mx\/defabrica\/wp-json\/wp\/v2\/product_cat?post=94179"},{"taxonomy":"product_tag","embeddable":true,"href":"https:\/\/defabrica.com.mx\/defabrica\/wp-json\/wp\/v2\/product_tag?post=94179"}],"curies":[{"name":"wp","href":"https:\/\/api.w.org\/{rel}","templated":true}]}}