{"id":94165,"date":"2022-07-28T01:16:30","date_gmt":"2022-07-28T06:16:30","guid":{"rendered":"https:\/\/defabrica.com.mx\/defabrica\/?post_type=product&#038;p=94165"},"modified":"2023-01-20T11:08:50","modified_gmt":"2023-01-20T17:08:50","slug":"acer-23-8-monitor-de-juegos","status":"publish","type":"product","link":"https:\/\/defabrica.com.mx\/defabrica\/producto\/acer-23-8-monitor-de-juegos\/","title":{"rendered":"Acer &#8211; 23.8 monitor de juegos"},"content":{"rendered":"<div class=\"embedded-component-container lv product-description\">\n<div>\n<div id=\"shop-product-description-15397897\" class=\"_none\" data-version=\"1.3.46\">\n<div class=\"shop-product-description\">\n<section class=\"align-heading-left\" data-reactroot=\"\">\n<div class=\"long-description-container body-copy \">\n<div class=\"html-fragment\">En los juegos competitivos, cada cuadro importa.\u00a0Presentamos el monitor para juegos KA242Y de Acer: el monitor con resoluci\u00f3n Full HD que puede seguir el ritmo de su juego.\u00a0A trav\u00e9s de la tecnolog\u00eda AMD Radeon FreeSync, la velocidad de fotogramas del juego est\u00e1 determinada por su tarjeta gr\u00e1fica, no por la frecuencia de actualizaci\u00f3n fija del monitor, lo que le brinda una gran ventaja competitiva.\u00a0Adem\u00e1s, los usuarios pueden disfrutar de una experiencia de visualizaci\u00f3n c\u00f3moda mientras juegan a trav\u00e9s de una pantalla sin parpadeos y con poca atenuaci\u00f3n.\u00a0El dise\u00f1o ahorra espacio en su escritorio y le permite colocar varios monitores uno al lado del otro para crear una pantalla grande perfecta.<\/div>\n<\/div>\n<\/section>\n<\/div>\n<\/div>\n<\/div>\n<\/div>\n<div class=\"embedded-component-container lv product-features\">\n<h3><\/h3>\n<h3 class=\"heading-5 v-fw-regular feature-heading\"><strong>Caracter\u00edsticas<\/strong><\/h3>\n<ul>\n<li><strong>Im\u00e1genes vibrantes<\/strong><br \/>\nLos colores n\u00edtidos y reales cobran vida en resoluci\u00f3n Full HD 1080p. Las pel\u00edculas y los juegos parecen m\u00e1s reales y dram\u00e1ticos, y los peque\u00f1os detalles y el texto son claros con una resoluci\u00f3n de 1920&#215;1080 en una relaci\u00f3n de aspecto de 16:9<\/li>\n<li><strong>Dise\u00f1o de marco cero<\/strong><br \/>\nCon un monitor KA242Y, querr\u00e1 ver la mayor parte posible de la pantalla. Obtenga m\u00e1s espacio en el monitor con el dise\u00f1o casi sin bisel, lo que le permite ver m\u00e1s y hacer m\u00e1s. El dise\u00f1o ZeroFrame le permite colocar varios monitores uno al lado del otro para obtener una imagen perfecta, casi<\/li>\n<li><strong>Tecnolog\u00eda AMD RADEON FreeSync<\/strong><br \/>\nDi \u00abadi\u00f3s\u00bb a la tartamudez y al desgarro. Con AMD RADEON FreeSync, los marcos del monitor se sincronizan con los marcos de la tarjeta gr\u00e1fica, lo que elimina el desgarro de la pantalla y brinda la experiencia de juego m\u00e1s fluida.<\/li>\n<li><strong>\u00a1\u00a1Sensible!!<\/strong><br \/>\nR\u00e1pido tiempo de respuesta de 1ms experiencia mejorada de los jugadores en el juego. No importa la acci\u00f3n de movimiento r\u00e1pido o las transiciones dram\u00e1ticas, todo se renderizar\u00e1 sin problemas, sin los molestos efectos de las manchas o las im\u00e1genes fantasma. La frecuencia de actualizaci\u00f3n de 75 Hz acelera los fotogramas por segundo para ofrecer<\/li>\n<li><strong>Una Amplia Gama de Colores<\/strong><br \/>\nAjuste los colores de su pantalla para mejorar la precisi\u00f3n con el ajuste de color de seis ejes, mientras que la tecnolog\u00eda Acer Super Sharpness corrige los detalles y optimiza la calidad de la imagen.<\/li>\n<li><strong>La seguridad de los ojos primero<\/strong><br \/>\nPermanezca en la lucha durante horas con la tecnolog\u00eda sin parpadeo, filtro de luz azul, ComfyView y baja atenuaci\u00f3n de Acer EyeProtect. Estas caracter\u00edsticas tienen en cuenta el uso prolongado y minimizan la fatiga visual de largas sesiones de juego.<\/li>\n<\/ul>\n<\/div>\n","protected":false},"excerpt":{"rendered":"<p>En los juegos competitivos, cada cuadro importa.\u00a0Presentamos el monitor para juegos KA242Y de Acer: el monitor con resoluci\u00f3n Full HD que puede seguir el ritmo de su juego.\u00a0A trav\u00e9s de<\/p>\n","protected":false},"featured_media":94166,"comment_status":"open","ping_status":"closed","template":"","meta":{"_acf_changed":false,"_joinchat":[]},"product_brand":[],"product_cat":[277,280,433],"product_tag":[],"class_list":{"0":"post-94165","1":"product","2":"type-product","3":"status-publish","4":"has-post-thumbnail","6":"product_cat-zona-gamer","7":"product_cat-pc-gaming","8":"product_cat-monitores-gamer","10":"first","11":"instock","12":"sale","13":"shipping-taxable","14":"purchasable","15":"product-type-simple"},"acf":[],"_links":{"self":[{"href":"https:\/\/defabrica.com.mx\/defabrica\/wp-json\/wp\/v2\/product\/94165","targetHints":{"allow":["GET"]}}],"collection":[{"href":"https:\/\/defabrica.com.mx\/defabrica\/wp-json\/wp\/v2\/product"}],"about":[{"href":"https:\/\/defabrica.com.mx\/defabrica\/wp-json\/wp\/v2\/types\/product"}],"replies":[{"embeddable":true,"href":"https:\/\/defabrica.com.mx\/defabrica\/wp-json\/wp\/v2\/comments?post=94165"}],"wp:featuredmedia":[{"embeddable":true,"href":"https:\/\/defabrica.com.mx\/defabrica\/wp-json\/wp\/v2\/media\/94166"}],"wp:attachment":[{"href":"https:\/\/defabrica.com.mx\/defabrica\/wp-json\/wp\/v2\/media?parent=94165"}],"wp:term":[{"taxonomy":"product_brand","embeddable":true,"href":"https:\/\/defabrica.com.mx\/defabrica\/wp-json\/wp\/v2\/product_brand?post=94165"},{"taxonomy":"product_cat","embeddable":true,"href":"https:\/\/defabrica.com.mx\/defabrica\/wp-json\/wp\/v2\/product_cat?post=94165"},{"taxonomy":"product_tag","embeddable":true,"href":"https:\/\/defabrica.com.mx\/defabrica\/wp-json\/wp\/v2\/product_tag?post=94165"}],"curies":[{"name":"wp","href":"https:\/\/api.w.org\/{rel}","templated":true}]}}