{"id":94150,"date":"2022-07-28T01:07:43","date_gmt":"2022-07-28T06:07:43","guid":{"rendered":"https:\/\/defabrica.com.mx\/defabrica\/?post_type=product&#038;p=94150"},"modified":"2023-01-20T11:07:06","modified_gmt":"2023-01-20T17:07:06","slug":"acer-monitor-nitro-xf273-sbmiiprx-27-full-hd-hdmi","status":"publish","type":"product","link":"https:\/\/defabrica.com.mx\/defabrica\/producto\/acer-monitor-nitro-xf273-sbmiiprx-27-full-hd-hdmi\/","title":{"rendered":"Acer &#8211; Monitor Nitro XF273 Sbmiiprx 27&#8243; Full HD (HDMI)"},"content":{"rendered":"<div class=\"embedded-component-container lv product-description\">\n<div>\n<div id=\"shop-product-description-88011581\" class=\"_none\" data-version=\"1.3.46\">\n<div class=\"shop-product-description\">\n<section class=\"align-heading-left\" data-reactroot=\"\">\n<div class=\"long-description-container body-copy \">\n<div class=\"html-fragment\">En los juegos competitivos, cada cuadro importa.\u00a0Presentamos el monitor para juegos XF273 de Acer: el monitor con resoluci\u00f3n Full HD (1920 x 1080) que puede seguir el ritmo de su juego.\u00a0A trav\u00e9s de la tecnolog\u00eda AMD Radeon, la velocidad de fotogramas del juego est\u00e1 determinada por su tarjeta gr\u00e1fica, no por la frecuencia de actualizaci\u00f3n fija del monitor, lo que le brinda una gran ventaja competitiva.\u00a0Adem\u00e1s, los usuarios pueden disfrutar de una experiencia de visualizaci\u00f3n c\u00f3moda mientras juegan a trav\u00e9s de la pantalla ComfyView sin parpadeos, con atenuaci\u00f3n baja.\u00a0El dise\u00f1o ahorra espacio en su escritorio y le permite colocar varios monitores uno al lado del otro para crear una pantalla grande perfecta.<\/div>\n<\/div>\n<\/section>\n<\/div>\n<\/div>\n<\/div>\n<\/div>\n<div class=\"embedded-component-container lv product-features\">\n<h3 class=\"heading-5 v-fw-regular feature-heading\"><strong><br \/>\nCaracter\u00edsticas<\/strong><\/h3>\n<ul>\n<li><strong>Im\u00e1genes de calidad<\/strong><br \/>\nEl monitor IPS XF273 de 27&#8243; con resoluci\u00f3n Full HD de 1920 x 1080 en una relaci\u00f3n de aspecto de 16:9 presenta im\u00e1genes sorprendentes de alta calidad con excelente detalle.<\/li>\n<li><strong>Velocidad de fotogramas impecable<\/strong><br \/>\nDisfruta de una visualizaci\u00f3n perfecta con la tecnolog\u00eda AMD Radeon FreeSync, que elimina los desgarros de la pantalla para que puedas jugar sin la posibilidad de fluctuaciones. Con AMD Radeon FreeSync, la velocidad de fotogramas del juego est\u00e1 determinada por su tarjeta gr\u00e1fica, no por la frecuencia de actualizaci\u00f3n fija del monitor.<\/li>\n<li><strong>Overclock a 165Hz<\/strong><br \/>\nLa frecuencia de actualizaci\u00f3n de 165 Hz acelera los fotogramas por segundo para ofrecer escenas de movimiento 2D ultrasuaves. Con una frecuencia de actualizaci\u00f3n r\u00e1pida de 165 Hz, los monitores Acer acortan el tiempo que lleva la representaci\u00f3n de cuadros, reducen el retraso de entrada y brindan a los jugadores una excelente experiencia en el juego.<\/li>\n<li><strong>\u00a1\u00a1Sensible!!<\/strong><br \/>\nEl tiempo de respuesta GTG (gris a gris) de hasta 0,5 ms mejor\u00f3 la experiencia de juego de los jugadores. No importa la acci\u00f3n de movimiento r\u00e1pido o las transiciones dram\u00e1ticas, todo se reproducir\u00e1 sin problemas sin los efectos molestos de manchas o im\u00e1genes fantasma con el monitor de juegos XF273.<\/li>\n<li><strong>Soporte ergon\u00f3mico<\/strong><br \/>\nEl Nitro XF273 tiene un soporte dise\u00f1ado ergon\u00f3micamente con una inclinaci\u00f3n de -5\u00b0 a 25\u00b0, un giro de 360\u00b0 y un ajuste de altura de 4,7&#8243; para que siempre pueda encontrar la posici\u00f3n de visualizaci\u00f3n ideal. Tambi\u00e9n puede separar el monitor de su soporte para que pueda ser VESA montado en la pared.<\/li>\n<\/ul>\n<\/div>\n","protected":false},"excerpt":{"rendered":"<p>En los juegos competitivos, cada cuadro importa.\u00a0Presentamos el monitor para juegos XF273 de Acer: el monitor con resoluci\u00f3n Full HD (1920 x 1080) que puede seguir el ritmo de su<\/p>\n","protected":false},"featured_media":94151,"comment_status":"open","ping_status":"closed","template":"","meta":{"_acf_changed":false,"_joinchat":[]},"product_brand":[],"product_cat":[277,280,433],"product_tag":[],"class_list":{"0":"post-94150","1":"product","2":"type-product","3":"status-publish","4":"has-post-thumbnail","6":"product_cat-zona-gamer","7":"product_cat-pc-gaming","8":"product_cat-monitores-gamer","10":"first","11":"instock","12":"sale","13":"shipping-taxable","14":"purchasable","15":"product-type-simple"},"acf":[],"_links":{"self":[{"href":"https:\/\/defabrica.com.mx\/defabrica\/wp-json\/wp\/v2\/product\/94150","targetHints":{"allow":["GET"]}}],"collection":[{"href":"https:\/\/defabrica.com.mx\/defabrica\/wp-json\/wp\/v2\/product"}],"about":[{"href":"https:\/\/defabrica.com.mx\/defabrica\/wp-json\/wp\/v2\/types\/product"}],"replies":[{"embeddable":true,"href":"https:\/\/defabrica.com.mx\/defabrica\/wp-json\/wp\/v2\/comments?post=94150"}],"wp:featuredmedia":[{"embeddable":true,"href":"https:\/\/defabrica.com.mx\/defabrica\/wp-json\/wp\/v2\/media\/94151"}],"wp:attachment":[{"href":"https:\/\/defabrica.com.mx\/defabrica\/wp-json\/wp\/v2\/media?parent=94150"}],"wp:term":[{"taxonomy":"product_brand","embeddable":true,"href":"https:\/\/defabrica.com.mx\/defabrica\/wp-json\/wp\/v2\/product_brand?post=94150"},{"taxonomy":"product_cat","embeddable":true,"href":"https:\/\/defabrica.com.mx\/defabrica\/wp-json\/wp\/v2\/product_cat?post=94150"},{"taxonomy":"product_tag","embeddable":true,"href":"https:\/\/defabrica.com.mx\/defabrica\/wp-json\/wp\/v2\/product_tag?post=94150"}],"curies":[{"name":"wp","href":"https:\/\/api.w.org\/{rel}","templated":true}]}}