{"id":94143,"date":"2022-07-28T01:02:36","date_gmt":"2022-07-28T06:02:36","guid":{"rendered":"https:\/\/defabrica.com.mx\/defabrica\/?post_type=product&#038;p=94143"},"modified":"2022-07-28T01:02:36","modified_gmt":"2022-07-28T06:02:36","slug":"acer-monitor-curvo-de-315-full-hd-con-alineacion-vertical-para-juegos","status":"publish","type":"product","link":"https:\/\/defabrica.com.mx\/defabrica\/producto\/acer-monitor-curvo-de-315-full-hd-con-alineacion-vertical-para-juegos\/","title":{"rendered":"Acer &#8211;  Monitor curvo de 31,5&#8243; Full HD con alineaci\u00f3n vertical para juegos"},"content":{"rendered":"<div class=\"embedded-component-container lv product-description\">\n<div>\n<div id=\"shop-product-description-93914712\" class=\"_none\" data-version=\"1.3.46\">\n<div class=\"shop-product-description\">\n<section class=\"align-heading-left\" data-reactroot=\"\">\n<div class=\"long-description-container body-copy \">\n<div class=\"html-fragment\"><span>Acer AOPEN 32HC5QR Pbiipx El monitor de panel curvo 1800R de 31,5 pulgadas con resoluci\u00f3n Full HD 1080p ofrece lo incre\u00edble.\u00a0Los colores n\u00edtidos y reales cobran vida con la incre\u00edble resoluci\u00f3n de 1920 x 1080, lo que le permite disfrutar del entretenimiento de alta definici\u00f3n en la comodidad de su hogar.\u00a0La tecnolog\u00eda de \u00e1ngulo de visi\u00f3n amplio le permite compartir lo que hay en su pantalla con amigos y familiares, ya que los colores se mantienen reales sin importar desde qu\u00e9 \u00e1ngulo est\u00e9 mirando.\u00a0A trav\u00e9s de la tecnolog\u00eda AMD Radeon, la velocidad de fotogramas del juego est\u00e1 determinada por su tarjeta gr\u00e1fica, no por la frecuencia de actualizaci\u00f3n fija del monitor, lo que le brinda una gran ventaja competitiva.\u00a0\u00a1Jugabilidad fluida y sin rasgaduras!\u00a0Y mucho m\u00e1s.<\/span><\/div>\n<\/div>\n<\/section>\n<\/div>\n<\/div>\n<\/div>\n<\/div>\n<div class=\"embedded-component-container lv product-features\">\n<h3><\/h3>\n<h3 class=\"heading-5 v-fw-regular feature-heading\"><strong>Caracter\u00edsticas<\/strong><\/h3>\n<ul>\n<li><strong>Im\u00e1genes vibrantes<\/strong><br \/>\nLa pantalla curva AOPEN 31.5&#8243; 1800R con resoluci\u00f3n Full HD (1920 x 1080) ofrece la calidad de imagen m\u00e1s n\u00edtida y brinda una imagen perfecta con una vista m\u00e1s amplia.<\/li>\n<li><strong>Tecnolog\u00eda AMD Radeon FreeSync<\/strong><br \/>\nCon AMD Radeon FreeSync, los marcos del monitor se sincronizan con los marcos de la tarjeta gr\u00e1fica, lo que elimina el desgarro de la pantalla y brinda la experiencia de juego m\u00e1s fluida.<\/li>\n<li><strong>Cautivadoras curvas cinematogr\u00e1ficas<\/strong><br \/>\nLa pantalla curva 16:9 1800R lo envuelve en un mundo de entretenimiento con cada esquina de la pantalla a la misma distancia de sus ojos para una experiencia de visualizaci\u00f3n uniforme sin puntos ciegos.<\/li>\n<li><strong>Inclinaci\u00f3n de comodidad<\/strong><br \/>\nIncline la pantalla de -5 a 20 grados para obtener la vista m\u00e1s c\u00f3moda.<\/li>\n<li><strong>tiempo de respuesta de 5ms<\/strong><br \/>\nNo importa la acci\u00f3n de movimiento r\u00e1pido o las transiciones dram\u00e1ticas, todo se renderizar\u00e1 sin problemas, sin los molestos efectos de las manchas o las im\u00e1genes fantasma.<\/li>\n<li><strong>Cuidado de la visi\u00f3n de AOPEN<\/strong><br \/>\nSus ojos permanecer\u00e1n libres de tensi\u00f3n gracias a la gama de tecnolog\u00edas de protecci\u00f3n ocular de AOPEN VisionCare.<\/li>\n<li><strong>Puertos disponibles<\/strong><br \/>\n1 puerto de pantalla y 2 puertos HDMI con cable de puerto de pantalla y cable HDMI incluidos.<\/li>\n<\/ul>\n<\/div>\n","protected":false},"excerpt":{"rendered":"<p>Acer AOPEN 32HC5QR Pbiipx El monitor de panel curvo 1800R de 31,5 pulgadas con resoluci\u00f3n Full HD 1080p ofrece lo incre\u00edble.\u00a0Los colores n\u00edtidos y reales cobran vida con la incre\u00edble<\/p>\n","protected":false},"featured_media":94144,"comment_status":"open","ping_status":"closed","template":"","meta":{"_acf_changed":false,"_joinchat":[]},"product_brand":[],"product_cat":[277,280,433],"product_tag":[],"class_list":{"0":"post-94143","1":"product","2":"type-product","3":"status-publish","4":"has-post-thumbnail","6":"product_cat-zona-gamer","7":"product_cat-pc-gaming","8":"product_cat-monitores-gamer","10":"first","11":"instock","12":"sale","13":"shipping-taxable","14":"purchasable","15":"product-type-simple"},"acf":[],"_links":{"self":[{"href":"https:\/\/defabrica.com.mx\/defabrica\/wp-json\/wp\/v2\/product\/94143","targetHints":{"allow":["GET"]}}],"collection":[{"href":"https:\/\/defabrica.com.mx\/defabrica\/wp-json\/wp\/v2\/product"}],"about":[{"href":"https:\/\/defabrica.com.mx\/defabrica\/wp-json\/wp\/v2\/types\/product"}],"replies":[{"embeddable":true,"href":"https:\/\/defabrica.com.mx\/defabrica\/wp-json\/wp\/v2\/comments?post=94143"}],"wp:featuredmedia":[{"embeddable":true,"href":"https:\/\/defabrica.com.mx\/defabrica\/wp-json\/wp\/v2\/media\/94144"}],"wp:attachment":[{"href":"https:\/\/defabrica.com.mx\/defabrica\/wp-json\/wp\/v2\/media?parent=94143"}],"wp:term":[{"taxonomy":"product_brand","embeddable":true,"href":"https:\/\/defabrica.com.mx\/defabrica\/wp-json\/wp\/v2\/product_brand?post=94143"},{"taxonomy":"product_cat","embeddable":true,"href":"https:\/\/defabrica.com.mx\/defabrica\/wp-json\/wp\/v2\/product_cat?post=94143"},{"taxonomy":"product_tag","embeddable":true,"href":"https:\/\/defabrica.com.mx\/defabrica\/wp-json\/wp\/v2\/product_tag?post=94143"}],"curies":[{"name":"wp","href":"https:\/\/api.w.org\/{rel}","templated":true}]}}