{"id":94097,"date":"2022-07-28T00:33:33","date_gmt":"2022-07-28T05:33:33","guid":{"rendered":"https:\/\/defabrica.com.mx\/defabrica\/?post_type=product&#038;p=94097"},"modified":"2023-01-20T11:02:18","modified_gmt":"2023-01-20T17:02:18","slug":"acer-monitor-de-juegos-31-5","status":"publish","type":"product","link":"https:\/\/defabrica.com.mx\/defabrica\/producto\/acer-monitor-de-juegos-31-5\/","title":{"rendered":"Acer &#8211; monitor de juegos 31.5&#8243;"},"content":{"rendered":"<div class=\"embedded-component-container lv product-description\">\n<div>\n<div id=\"shop-product-description-6273790\" class=\"_none\" data-version=\"1.3.46\">\n<div class=\"shop-product-description\">\n<section class=\"align-heading-left\" data-reactroot=\"\">\n<div class=\"long-description-container body-copy \">\n<div class=\"html-fragment\">En los juegos competitivos, cada cuadro importa.\u00a0Presentamos el monitor para juegos XV322QK de Acer: el monitor con resoluci\u00f3n UHD (3840 x 2160) que puede seguir el ritmo de su juego.\u00a0A trav\u00e9s de la tecnolog\u00eda AMD FreeSync Premium, la velocidad de fotogramas del juego est\u00e1 determinada por su tarjeta gr\u00e1fica, no por la frecuencia de actualizaci\u00f3n fija del monitor, lo que le brinda una importante ventaja competitiva.\u00a0Adem\u00e1s, los usuarios pueden disfrutar de una experiencia de visualizaci\u00f3n c\u00f3moda mientras juegan a trav\u00e9s de la pantalla ComfyView sin parpadeos, con atenuaci\u00f3n baja.\u00a0El dise\u00f1o ahorra espacio en su escritorio y le permite colocar varios monitores uno al lado del otro para crear una pantalla grande perfecta<\/div>\n<\/div>\n<\/section>\n<\/div>\n<\/div>\n<\/div>\n<\/div>\n<div class=\"embedded-component-container lv product-features\">\n<h3><\/h3>\n<h3 class=\"heading-5 v-fw-regular feature-heading\"><strong>Caracter\u00edsticas<\/strong><\/h3>\n<ul>\n<li><strong>Im\u00e1genes de calidad<\/strong><br \/>\nEl monitor XV322QK Agile-Splendor IPS de 31,5&#8243; con resoluci\u00f3n UHD de 3840 x 2160 en una relaci\u00f3n de aspecto de 16:9 presenta im\u00e1genes asombrosas de alta calidad con excelente detalle. El dise\u00f1o de marco cero elimina los marcos gruesos que se encuentran en los monitores convencionales y libera valiosos espacio de pantalla<\/li>\n<li><strong>Tecnolog\u00eda premium AMD FreeSync<\/strong><br \/>\nDi \u00abadi\u00f3s\u00bb a la tartamudez y al desgarro. Con AMD FreeSync Premium, los marcos del monitor se sincronizan con los marcos de la tarjeta gr\u00e1fica, lo que elimina el desgarro de la pantalla y brinda la experiencia de juego m\u00e1s fluida<\/li>\n<li><strong>Nuevas profundidades de precisi\u00f3n de color<\/strong><br \/>\nEste monitor es ideal para proyectos de color cr\u00edtico que producen colores precisos con un Delta E bajo &lt; 1, compatible con el 130 % de sRGB, cubre un incre\u00edble 90 % del espacio de color DCI-P3, el est\u00e1ndar actual utilizado por la industria cinematogr\u00e1fica<\/li>\n<li><strong>DisplayHDR\u2122 400 con certificaci\u00f3n VESA<\/strong><br \/>\nPara una mayor vitalidad del color, la certificaci\u00f3n VESA DisplayHDR\u2122 400 garantiza un mejor contraste y precisi\u00f3n de color para que los clientes disfruten de los juegos AAA tal y como deber\u00edan ser.<\/li>\n<li><strong>La frecuencia de actualizaci\u00f3n de 144 Hz acelera los fotogramas por segundo para ofrecer escenas de movimiento 2D ultrasuaves. Con una frecuencia de actualizaci\u00f3n r\u00e1pida de 144 Hz, los monitores Acer acortan el tiempo que lleva la representaci\u00f3n de cuadros, reducen el retraso de entrada y brindan a los jugadores una excelente experiencia en el juego.<\/strong><br \/>\nPantalla Eyesafe\u00ae<br \/>\nEs la primera innovaci\u00f3n en el mercado con protecci\u00f3n para los ojos contra la luz azul visible t\u00f3xica de alta energ\u00eda (HEV) sin comprometer la calidad del color que emana del dispositivo.<\/li>\n<\/ul>\n<\/div>\n","protected":false},"excerpt":{"rendered":"<p>En los juegos competitivos, cada cuadro importa.\u00a0Presentamos el monitor para juegos XV322QK de Acer: el monitor con resoluci\u00f3n UHD (3840 x 2160) que puede seguir el ritmo de su juego.\u00a0A<\/p>\n","protected":false},"featured_media":94098,"comment_status":"open","ping_status":"closed","template":"","meta":{"_acf_changed":false,"_joinchat":[]},"product_brand":[],"product_cat":[1515,277,280,433],"product_tag":[],"class_list":{"0":"post-94097","1":"product","2":"type-product","3":"status-publish","4":"has-post-thumbnail","6":"product_cat-ofetas-zonagamer","7":"product_cat-zona-gamer","8":"product_cat-pc-gaming","9":"product_cat-monitores-gamer","11":"first","12":"instock","13":"sale","14":"shipping-taxable","15":"purchasable","16":"product-type-simple"},"acf":[],"_links":{"self":[{"href":"https:\/\/defabrica.com.mx\/defabrica\/wp-json\/wp\/v2\/product\/94097","targetHints":{"allow":["GET"]}}],"collection":[{"href":"https:\/\/defabrica.com.mx\/defabrica\/wp-json\/wp\/v2\/product"}],"about":[{"href":"https:\/\/defabrica.com.mx\/defabrica\/wp-json\/wp\/v2\/types\/product"}],"replies":[{"embeddable":true,"href":"https:\/\/defabrica.com.mx\/defabrica\/wp-json\/wp\/v2\/comments?post=94097"}],"wp:featuredmedia":[{"embeddable":true,"href":"https:\/\/defabrica.com.mx\/defabrica\/wp-json\/wp\/v2\/media\/94098"}],"wp:attachment":[{"href":"https:\/\/defabrica.com.mx\/defabrica\/wp-json\/wp\/v2\/media?parent=94097"}],"wp:term":[{"taxonomy":"product_brand","embeddable":true,"href":"https:\/\/defabrica.com.mx\/defabrica\/wp-json\/wp\/v2\/product_brand?post=94097"},{"taxonomy":"product_cat","embeddable":true,"href":"https:\/\/defabrica.com.mx\/defabrica\/wp-json\/wp\/v2\/product_cat?post=94097"},{"taxonomy":"product_tag","embeddable":true,"href":"https:\/\/defabrica.com.mx\/defabrica\/wp-json\/wp\/v2\/product_tag?post=94097"}],"curies":[{"name":"wp","href":"https:\/\/api.w.org\/{rel}","templated":true}]}}