{"id":94085,"date":"2022-07-28T00:26:41","date_gmt":"2022-07-28T05:26:41","guid":{"rendered":"https:\/\/defabrica.com.mx\/defabrica\/?post_type=product&#038;p=94085"},"modified":"2022-07-28T00:26:41","modified_gmt":"2022-07-28T05:26:41","slug":"acer-predator-27-monitor-de-juegos","status":"publish","type":"product","link":"https:\/\/defabrica.com.mx\/defabrica\/producto\/acer-predator-27-monitor-de-juegos\/","title":{"rendered":"Acer &#8211; Predator  27&#8243; monitor de juegos"},"content":{"rendered":"<div class=\"embedded-component-container lv product-description\">\n<div>\n<div id=\"shop-product-description-43103521\" class=\"_none\" data-version=\"1.3.46\">\n<div class=\"shop-product-description\">\n<section class=\"align-heading-left\" data-reactroot=\"\">\n<div class=\"long-description-container body-copy \">\n<div class=\"html-fragment\"><span>Abr\u00f3chese el cintur\u00f3n: equipado con las \u00faltimas tecnolog\u00edas para el cuidado de la vista y una actualizaci\u00f3n incre\u00edblemente r\u00e1pida de 275 Hz y una respuesta de hasta 0,5 ms, el Predator XB273U lo lleva a los acogedores brazos de la fama y la gloria de los eSports.\u00a0Y si cree que tiene lo que se necesita, pruebe la verdadera capacidad de su hardware y habilidad con Reflex Latency Analyzer de NVIDIA.\u00a0Este monitor de 27 pulgadas (2560 x 1440) combina especificaciones asombrosas que incluyen un panel IPS Agile-Splendor que admite una frecuencia de actualizaci\u00f3n ultrarr\u00e1pida de 275 Hz.\u00a0Este monitor G-SYNC lleva el juego al siguiente nivel de fluidez.\u00a0Libere el m\u00e1ximo potencial de los juegos para proporcionar colores m\u00e1s ricos mucho m\u00e1s all\u00e1 de lo que antes era posible.\u00a0Experimenta algo nuevo.<\/span><\/div>\n<\/div>\n<\/section>\n<\/div>\n<\/div>\n<\/div>\n<\/div>\n<div class=\"embedded-component-container lv product-features\">\n<h3><\/h3>\n<h3 class=\"heading-5 v-fw-regular feature-heading\"><strong>Caracter\u00edsticas<\/strong><\/h3>\n<ul>\n<li><strong>\u00a1La resoluci\u00f3n importa!<\/strong><br \/>\nEl monitor IPS Agile-Splendor de 27&#8243; XB273U con resoluci\u00f3n WQHD de 2560 x 1440 en una relaci\u00f3n de aspecto de 16:9 presenta im\u00e1genes asombrosas de alta calidad con excelente detalle. El dise\u00f1o de marco cero elimina los marcos gruesos que se encuentran en los monitores convencionales y libera valiosos espacio de pantalla<\/li>\n<li><strong>NVIDIA G-SYNC<\/strong><br \/>\nEste monitor NVIDIA G-SYNC le brinda m\u00e1s de lo que desea en una experiencia de juego. \u00a1Jugabilidad fluida y sin rasgaduras!<\/li>\n<li><strong>Overclock a frecuencia de actualizaci\u00f3n de 275 Hz<\/strong><br \/>\nLa frecuencia de actualizaci\u00f3n de 275 Hz acelera los fotogramas por segundo para ofrecer escenas de movimiento 2D ultrasuaves. Con una frecuencia de actualizaci\u00f3n r\u00e1pida de 275 Hz, los monitores Predator acortan el tiempo que lleva la representaci\u00f3n de cuadros, reducen el retraso de entrada y brindan a los jugadores una excelente experiencia en el juego.<\/li>\n<li><strong>Certificaci\u00f3n VESA DisplayHDR 400<\/strong><br \/>\nPara una mayor vitalidad del color, la certificaci\u00f3n VESA DisplayHDR\u2122 400 garantiza un mejor contraste y precisi\u00f3n del color para que los clientes experimenten los juegos AAA como deben ser.<\/li>\n<li><strong>\u00bfEres lo suficientemente r\u00e1pido?<\/strong><br \/>\n\u00bfQuieres estar en la cima de la escala competitiva? Utilice el analizador de latencia de reflejos de NVIDIA\u00ae para medir exactamente cu\u00e1nto tiempo tarda su clic en registrarse en la pantalla. Finalmente, una forma de medir con precisi\u00f3n el v\u00ednculo, o la falta del mismo, entre el mouse, la PC y la pantalla es todo suyo.<\/li>\n<li><strong>Adi\u00f3s fantasma<\/strong><br \/>\nEl tiempo de respuesta GTG (gris a gris) de hasta 0,5 ms mejor\u00f3 la experiencia de juego de los jugadores. No importa la acci\u00f3n de movimiento r\u00e1pido o las transiciones dram\u00e1ticas, todo se reproducir\u00e1 sin problemas sin los efectos molestos de manchas o im\u00e1genes fantasma con el monitor para juegos XB273U.<\/li>\n<li><strong>Pantalla Eyesafe\u00ae<\/strong><br \/>\nEstablecida a trav\u00e9s de a\u00f1os de investigaci\u00f3n y dise\u00f1ada con oftalm\u00f3logos, esta innovaci\u00f3n administra la luz directamente en la fuente para cumplir con los requisitos de Eyesafe\u00ae para la luz azul de las pantallas, al tiempo que mantiene una calidad de color v\u00edvida y cumple con los est\u00e1ndares de la industria.<\/li>\n<li><strong>Iluminaci\u00f3n RGB<\/strong><br \/>\nLa iluminaci\u00f3n RGB integrada en el monitor se puede activar con la aplicaci\u00f3n RGB Light Sense. Elija entre varios efectos y modos, y cree un entorno inmersivo mientras el monitor se ilumina en sincron\u00eda con su m\u00fasica y juego.<\/li>\n<li><strong>Se Flexible<\/strong><br \/>\nEl dise\u00f1o ErgoStand brinda libertad para girar, pivotar y ajustar la altura para una m\u00e1xima adaptabilidad y comodidad, mientras que Acer VisionCare\u2122 ayuda a proteger los ojos durante largas sesiones de juego.<\/li>\n<\/ul>\n<\/div>\n","protected":false},"excerpt":{"rendered":"<p>Abr\u00f3chese el cintur\u00f3n: equipado con las \u00faltimas tecnolog\u00edas para el cuidado de la vista y una actualizaci\u00f3n incre\u00edblemente r\u00e1pida de 275 Hz y una respuesta de hasta 0,5 ms, el<\/p>\n","protected":false},"featured_media":94086,"comment_status":"open","ping_status":"closed","template":"","meta":{"_acf_changed":false,"_joinchat":[]},"product_brand":[],"product_cat":[277,280,433],"product_tag":[],"class_list":{"0":"post-94085","1":"product","2":"type-product","3":"status-publish","4":"has-post-thumbnail","6":"product_cat-zona-gamer","7":"product_cat-pc-gaming","8":"product_cat-monitores-gamer","10":"first","11":"instock","12":"sale","13":"shipping-taxable","14":"purchasable","15":"product-type-simple"},"acf":[],"_links":{"self":[{"href":"https:\/\/defabrica.com.mx\/defabrica\/wp-json\/wp\/v2\/product\/94085","targetHints":{"allow":["GET"]}}],"collection":[{"href":"https:\/\/defabrica.com.mx\/defabrica\/wp-json\/wp\/v2\/product"}],"about":[{"href":"https:\/\/defabrica.com.mx\/defabrica\/wp-json\/wp\/v2\/types\/product"}],"replies":[{"embeddable":true,"href":"https:\/\/defabrica.com.mx\/defabrica\/wp-json\/wp\/v2\/comments?post=94085"}],"wp:featuredmedia":[{"embeddable":true,"href":"https:\/\/defabrica.com.mx\/defabrica\/wp-json\/wp\/v2\/media\/94086"}],"wp:attachment":[{"href":"https:\/\/defabrica.com.mx\/defabrica\/wp-json\/wp\/v2\/media?parent=94085"}],"wp:term":[{"taxonomy":"product_brand","embeddable":true,"href":"https:\/\/defabrica.com.mx\/defabrica\/wp-json\/wp\/v2\/product_brand?post=94085"},{"taxonomy":"product_cat","embeddable":true,"href":"https:\/\/defabrica.com.mx\/defabrica\/wp-json\/wp\/v2\/product_cat?post=94085"},{"taxonomy":"product_tag","embeddable":true,"href":"https:\/\/defabrica.com.mx\/defabrica\/wp-json\/wp\/v2\/product_tag?post=94085"}],"curies":[{"name":"wp","href":"https:\/\/api.w.org\/{rel}","templated":true}]}}