{"id":94073,"date":"2022-07-28T00:19:14","date_gmt":"2022-07-28T05:19:14","guid":{"rendered":"https:\/\/defabrica.com.mx\/defabrica\/?post_type=product&#038;p=94073"},"modified":"2022-07-28T00:19:14","modified_gmt":"2022-07-28T05:19:14","slug":"acer-monitor-nitro-27-negro","status":"publish","type":"product","link":"https:\/\/defabrica.com.mx\/defabrica\/producto\/acer-monitor-nitro-27-negro\/","title":{"rendered":"Acer &#8211; Monitor Nitro 27&#8243; &#8211; Negro"},"content":{"rendered":"<p>Mejore su experiencia de juego con este monitor Acer Nitro XV3 4K de 27 pulgadas.\u00a0La resoluci\u00f3n 4K nativa ofrece una imagen n\u00edtida y realista, mientras que la frecuencia de actualizaci\u00f3n de 144 Hz garantiza una experiencia de juego fluida.\u00a0Este monitor Acer Nitro XV3 4K le permite encontrar f\u00e1cilmente el \u00e1ngulo de visi\u00f3n perfecto con una variedad de ajustes de inclinaci\u00f3n, giro y altura.<\/p>\n<h3><\/h3>\n<h3 class=\"heading-5 v-fw-regular feature-heading\"><strong>Caracter\u00edsticas<\/strong><\/h3>\n<ul>\n<li><strong>Resoluci\u00f3n 4K Ultra HD 3840 x 2160<\/strong><br \/>\nDetalles sobresalientes que son ideales para ver videos de alta resoluci\u00f3n y jugar juegos con la configuraci\u00f3n al m\u00e1ximo.<\/li>\n<li><strong>Tiempo de respuesta de 1ms<\/strong><br \/>\nOfrece un rendimiento ultrarr\u00e1pido, minimizando el retraso y el tiempo de visualizaci\u00f3n.<\/li>\n<li><strong>Frecuencia de actualizaci\u00f3n de 144 Hz<\/strong><br \/>\nOfrece un rendimiento potente para que pueda aprovechar al m\u00e1ximo sus juegos y videos.<\/li>\n<li><strong>Monitor LED de 27&#8243;<\/strong><br \/>\nEl tipo de pantalla eficiente utiliza LED para proporcionar retroiluminaci\u00f3n precisa a los p\u00edxeles.<\/li>\n<li><strong>Tecnolog\u00eda FreeSync<\/strong><br \/>\nTecnolog\u00eda de sincronizaci\u00f3n adaptativa que iguala la velocidad de fotogramas del monitor con cualquier tarjeta gr\u00e1fica AMD compatible.<\/li>\n<li><strong>2 entradas HDMI y 2 DisplayPort<\/strong><br \/>\nLe permite configurar reproductores de DVD y otras fuentes AV para obtener una se\u00f1al de audio y video clara y de alta calidad.<\/li>\n<li><strong>4 puertos USB 3.0<\/strong><br \/>\nLe permite conectar dispositivos al monitor, que luego transfiere los datos a la computadora.<\/li>\n<li><strong>\u00c1ngulos de visi\u00f3n horizontal y vertical de 178\u00b0<\/strong><br \/>\nLe permite ver la pantalla desde una amplia gama de \u00e1ngulos.<\/li>\n<li><strong>Altavoces incorporados de 4 vatios<\/strong><br \/>\nLe permite disfrutar de su entretenimiento favorito con sonido est\u00e9reo.<\/li>\n<li><strong>Relaci\u00f3n de contraste din\u00e1mico de 100 000 000:1<\/strong><br \/>\nGarantiza que las im\u00e1genes sean n\u00edtidas y claras con negros profundos y luces brillantes.<\/li>\n<li><strong>Brillo de 400 cd\/m\u00b2<\/strong><br \/>\nProduce im\u00e1genes brillantes que se pueden ver claramente incluso en habitaciones bien iluminadas.<\/li>\n<li><strong>Certificaci\u00f3n ENERGY STAR<\/strong><br \/>\nDise\u00f1ado para usar menos energ\u00eda y cumple con las estrictas pautas de eficiencia energ\u00e9tica establecidas por la Agencia de Protecci\u00f3n Ambiental y el Departamento de Energ\u00eda de EE. UU.<\/li>\n<\/ul>\n","protected":false},"excerpt":{"rendered":"<p>Mejore su experiencia de juego con este monitor Acer Nitro XV3 4K de 27 pulgadas.\u00a0La resoluci\u00f3n 4K nativa ofrece una imagen n\u00edtida y realista, mientras que la frecuencia de actualizaci\u00f3n<\/p>\n","protected":false},"featured_media":94075,"comment_status":"open","ping_status":"closed","template":"","meta":{"_acf_changed":false,"_joinchat":[]},"product_brand":[],"product_cat":[277,280,433],"product_tag":[],"class_list":{"0":"post-94073","1":"product","2":"type-product","3":"status-publish","4":"has-post-thumbnail","6":"product_cat-zona-gamer","7":"product_cat-pc-gaming","8":"product_cat-monitores-gamer","10":"first","11":"instock","12":"sale","13":"shipping-taxable","14":"purchasable","15":"product-type-simple"},"acf":[],"_links":{"self":[{"href":"https:\/\/defabrica.com.mx\/defabrica\/wp-json\/wp\/v2\/product\/94073","targetHints":{"allow":["GET"]}}],"collection":[{"href":"https:\/\/defabrica.com.mx\/defabrica\/wp-json\/wp\/v2\/product"}],"about":[{"href":"https:\/\/defabrica.com.mx\/defabrica\/wp-json\/wp\/v2\/types\/product"}],"replies":[{"embeddable":true,"href":"https:\/\/defabrica.com.mx\/defabrica\/wp-json\/wp\/v2\/comments?post=94073"}],"wp:featuredmedia":[{"embeddable":true,"href":"https:\/\/defabrica.com.mx\/defabrica\/wp-json\/wp\/v2\/media\/94075"}],"wp:attachment":[{"href":"https:\/\/defabrica.com.mx\/defabrica\/wp-json\/wp\/v2\/media?parent=94073"}],"wp:term":[{"taxonomy":"product_brand","embeddable":true,"href":"https:\/\/defabrica.com.mx\/defabrica\/wp-json\/wp\/v2\/product_brand?post=94073"},{"taxonomy":"product_cat","embeddable":true,"href":"https:\/\/defabrica.com.mx\/defabrica\/wp-json\/wp\/v2\/product_cat?post=94073"},{"taxonomy":"product_tag","embeddable":true,"href":"https:\/\/defabrica.com.mx\/defabrica\/wp-json\/wp\/v2\/product_tag?post=94073"}],"curies":[{"name":"wp","href":"https:\/\/api.w.org\/{rel}","templated":true}]}}