{"id":94050,"date":"2022-07-27T19:49:44","date_gmt":"2022-07-28T00:49:44","guid":{"rendered":"https:\/\/defabrica.com.mx\/defabrica\/?post_type=product&#038;p=94050"},"modified":"2023-01-22T13:14:19","modified_gmt":"2023-01-22T19:14:19","slug":"blackdecker-taladro-inalambrico-de-12-voltios-max","status":"publish","type":"product","link":"https:\/\/defabrica.com.mx\/defabrica\/producto\/blackdecker-taladro-inalambrico-de-12-voltios-max\/","title":{"rendered":"BLACK+DECKER &#8211; Taladro inal\u00e1mbrico de 12 voltios MAX"},"content":{"rendered":"<div id=\"productDescription-3_feature_div\" class=\"celwidget\" data-feature-name=\"productDescription-3\" data-cel-widget=\"productDescription-3_feature_div\" data-csa-c-id=\"57hz2k-hgpk6f-pri5gd-hvaj0b\">\n<div>\n<div id=\"productDescription_feature_div\" class=\"a-row feature\" data-feature-name=\"productDescription\" data-template-name=\"productDescription\" data-cel-widget=\"productDescription_feature_div\">\n<div id=\"productDescription\" class=\"a-section a-spacing-small\">\n<p>El taladro inal\u00e1mbrico BLACK+DECKER de 12 voltios MAX* es una herramienta ligera de alta potencia hecha para todo tipo de tareas dom\u00e9sticas. Taladra madera, metal, pl\u00e1stico y m\u00e1s; todo con esta herramienta de 2.18 libras. Con su dise\u00f1o compacto, es perfecto para colgar fotos, montar muebles, asegurar toalleros y otros accesorios, y apretar tornillos sueltos. La bater\u00eda BLACK+DECKER Max* de 12 voltios ofrece potencia, tiempo de funcionamiento y un peso m\u00e1s ligero para que pueda trabajar m\u00e1s tiempo y de manera m\u00e1s eficiente sin fatiga. El control de embrague de 11 posiciones te permite ajustar la configuraci\u00f3n para la tarea en cuesti\u00f3n, para evitar que se desprendan los tornillos y que se taladre en exceso. Trabaja en \u00e1reas confinadas y con poca luz con una luz LED activada por un gatillo. Gracias a la empu\u00f1adura blanda, podr\u00e1s realizar tu lista de tareas con facilidad y comodidad.<\/p>\n<\/div>\n<\/div>\n<\/div>\n<\/div>\n<div id=\"productDetailsNonPets_feature_div\" class=\"celwidget\" data-feature-name=\"productDetailsNonPets\" data-cel-widget=\"productDetailsNonPets_feature_div\" data-csa-c-id=\"k35l4j-2e42w3-z3iwsi-8wlm0d\"><\/div>\n","protected":false},"excerpt":{"rendered":"<p>El taladro inal\u00e1mbrico BLACK+DECKER de 12 voltios MAX* es una herramienta ligera de alta potencia hecha para todo tipo de tareas dom\u00e9sticas. Taladra madera, metal, pl\u00e1stico y m\u00e1s; todo con<\/p>\n","protected":false},"featured_media":94051,"comment_status":"open","ping_status":"closed","template":"","meta":{"_acf_changed":false,"_joinchat":[]},"product_brand":[],"product_cat":[1649,1650,1220,1221],"product_tag":[],"class_list":{"0":"post-94050","1":"product","2":"type-product","3":"status-publish","4":"has-post-thumbnail","6":"product_cat-perforacion","7":"product_cat-taladros","8":"product_cat-herramientas","9":"product_cat-herramientas-electricas","11":"first","12":"instock","13":"sale","14":"shipping-taxable","15":"purchasable","16":"product-type-simple"},"acf":[],"_links":{"self":[{"href":"https:\/\/defabrica.com.mx\/defabrica\/wp-json\/wp\/v2\/product\/94050","targetHints":{"allow":["GET"]}}],"collection":[{"href":"https:\/\/defabrica.com.mx\/defabrica\/wp-json\/wp\/v2\/product"}],"about":[{"href":"https:\/\/defabrica.com.mx\/defabrica\/wp-json\/wp\/v2\/types\/product"}],"replies":[{"embeddable":true,"href":"https:\/\/defabrica.com.mx\/defabrica\/wp-json\/wp\/v2\/comments?post=94050"}],"wp:featuredmedia":[{"embeddable":true,"href":"https:\/\/defabrica.com.mx\/defabrica\/wp-json\/wp\/v2\/media\/94051"}],"wp:attachment":[{"href":"https:\/\/defabrica.com.mx\/defabrica\/wp-json\/wp\/v2\/media?parent=94050"}],"wp:term":[{"taxonomy":"product_brand","embeddable":true,"href":"https:\/\/defabrica.com.mx\/defabrica\/wp-json\/wp\/v2\/product_brand?post=94050"},{"taxonomy":"product_cat","embeddable":true,"href":"https:\/\/defabrica.com.mx\/defabrica\/wp-json\/wp\/v2\/product_cat?post=94050"},{"taxonomy":"product_tag","embeddable":true,"href":"https:\/\/defabrica.com.mx\/defabrica\/wp-json\/wp\/v2\/product_tag?post=94050"}],"curies":[{"name":"wp","href":"https:\/\/api.w.org\/{rel}","templated":true}]}}