{"id":94018,"date":"2022-07-27T19:18:26","date_gmt":"2022-07-28T00:18:26","guid":{"rendered":"https:\/\/defabrica.com.mx\/defabrica\/?post_type=product&#038;p=94018"},"modified":"2023-01-22T13:11:31","modified_gmt":"2023-01-22T19:11:31","slug":"ryobi-one-taladro-destornillador-inalambrico-de-18-v-p215bn","status":"publish","type":"product","link":"https:\/\/defabrica.com.mx\/defabrica\/producto\/ryobi-one-taladro-destornillador-inalambrico-de-18-v-p215bn\/","title":{"rendered":"RYOBI ONE+ &#8211; Taladro\/destornillador inal\u00e1mbrico de 18 V P215BN"},"content":{"rendered":"<div id=\"productDescription-3_feature_div\" class=\"celwidget\" data-feature-name=\"productDescription-3\" data-csa-c-id=\"liipdd-j1tgcv-kc8tj2-ulq76\" data-cel-widget=\"productDescription-3_feature_div\">\n<div>\n<div id=\"productDescription_feature_div\" class=\"a-row feature\" data-feature-name=\"productDescription\" data-template-name=\"productDescription\" data-cel-widget=\"productDescription_feature_div\">\n<div id=\"productDescription\" class=\"a-section a-spacing-small\">\n<p>RYOBI presenta el inal\u00e1mbrico ONE+ de iones de litio de 18 V. Taladro\/destornillador. El taladro\/destornillador cuenta con 1\/2 pulgadas. Portabrocas sin llave con un embrague de 24 posiciones y caja de cambios de 2 velocidades que ajusta la salida de par para controlar la profundidad del tornillo o sujetador. Lo mejor de todo es que forma parte del sistema RYOBI ONE+ de m\u00e1s de 260 herramientas inal\u00e1mbricas que funcionan en la misma plataforma de bater\u00eda. RYOBI, el taladro\/destornillador ONE+ de 18 V incluye una broca de doble extremo y un manual del operador. La bater\u00eda y el cargador se venden por separado. 0.5 in. Manguito \u00fanico, portabrocas sin llave con bloqueo autom\u00e1tico de husillo El embrague de 24 posiciones ajusta la salida de par para controlar la profundidad del tornillo o el sujetador. Caja de cambios de 2 velocidades para aplicaciones de alto par o alta velocidad. Baja velocidad 0 &#8211; 450, alta velocidad 0 &#8211; Parte del sistema RYOBI 18V ONE+ de m\u00e1s de 260 herramientas inal\u00e1mbricas. 0 hasta 50 pulgadas\/libras. de par (utilizando una bater\u00eda P194 9.0 AH LITHIUM+ HP, no incluida). Parte del sistema RYOBI 18V ONE+ de m\u00e1s de 260 herramientas inal\u00e1mbricas de 3 a\u00f1os de garant\u00eda del fabricante Incluye: (1) Taladro\/destornillador P215 con broca de destornillador y manuales del operador Bater\u00eda y cargador se venden por separado<\/p>\n<\/div>\n<\/div>\n<\/div>\n<\/div>\n","protected":false},"excerpt":{"rendered":"<p>RYOBI presenta el inal\u00e1mbrico ONE+ de iones de litio de 18 V. Taladro\/destornillador. El taladro\/destornillador cuenta con 1\/2 pulgadas. Portabrocas sin llave con un embrague de 24 posiciones y caja<\/p>\n","protected":false},"featured_media":94025,"comment_status":"open","ping_status":"closed","template":"","meta":{"_acf_changed":false,"_joinchat":[]},"product_brand":[],"product_cat":[1649,1650,1220,1221],"product_tag":[],"class_list":{"0":"post-94018","1":"product","2":"type-product","3":"status-publish","4":"has-post-thumbnail","6":"product_cat-perforacion","7":"product_cat-taladros","8":"product_cat-herramientas","9":"product_cat-herramientas-electricas","11":"first","12":"instock","13":"sale","14":"shipping-taxable","15":"purchasable","16":"product-type-simple"},"acf":[],"_links":{"self":[{"href":"https:\/\/defabrica.com.mx\/defabrica\/wp-json\/wp\/v2\/product\/94018","targetHints":{"allow":["GET"]}}],"collection":[{"href":"https:\/\/defabrica.com.mx\/defabrica\/wp-json\/wp\/v2\/product"}],"about":[{"href":"https:\/\/defabrica.com.mx\/defabrica\/wp-json\/wp\/v2\/types\/product"}],"replies":[{"embeddable":true,"href":"https:\/\/defabrica.com.mx\/defabrica\/wp-json\/wp\/v2\/comments?post=94018"}],"wp:featuredmedia":[{"embeddable":true,"href":"https:\/\/defabrica.com.mx\/defabrica\/wp-json\/wp\/v2\/media\/94025"}],"wp:attachment":[{"href":"https:\/\/defabrica.com.mx\/defabrica\/wp-json\/wp\/v2\/media?parent=94018"}],"wp:term":[{"taxonomy":"product_brand","embeddable":true,"href":"https:\/\/defabrica.com.mx\/defabrica\/wp-json\/wp\/v2\/product_brand?post=94018"},{"taxonomy":"product_cat","embeddable":true,"href":"https:\/\/defabrica.com.mx\/defabrica\/wp-json\/wp\/v2\/product_cat?post=94018"},{"taxonomy":"product_tag","embeddable":true,"href":"https:\/\/defabrica.com.mx\/defabrica\/wp-json\/wp\/v2\/product_tag?post=94018"}],"curies":[{"name":"wp","href":"https:\/\/api.w.org\/{rel}","templated":true}]}}