{"id":94017,"date":"2022-07-27T19:16:38","date_gmt":"2022-07-28T00:16:38","guid":{"rendered":"https:\/\/defabrica.com.mx\/defabrica\/?post_type=product&#038;p=94017"},"modified":"2022-07-27T19:16:39","modified_gmt":"2022-07-28T00:16:39","slug":"asus-monitor-de-juegos-25-negro","status":"publish","type":"product","link":"https:\/\/defabrica.com.mx\/defabrica\/producto\/asus-monitor-de-juegos-25-negro\/","title":{"rendered":"ASUS &#8211; Monitor de juegos 25&#8243; &#8211; Negro"},"content":{"rendered":"<p>Actualice su configuraci\u00f3n de juego con este monitor de juegos ASUS TUF de 24,5 pulgadas.\u00a0La pantalla Full HD ofrece im\u00e1genes claras y n\u00edtidas, mientras que la frecuencia de actualizaci\u00f3n de 144 Hz elimina las rayas, las im\u00e1genes borrosas o las im\u00e1genes fantasma para una visualizaci\u00f3n fluida y sin interrupciones.\u00a0El \u00e1ngulo de visi\u00f3n de 178 grados ayuda a reducir la distorsi\u00f3n del color en los planos vertical y horizontal.\u00a0Este monitor para juegos ASUS TUF cuenta con una pantalla antideslumbrante que minimiza la fatiga visual.<\/p>\n<h3><\/h3>\n<h3 class=\"heading-5 v-fw-regular feature-heading\"><strong>Caracter\u00edsticas<\/strong><\/h3>\n<ul>\n<li><strong>Resoluci\u00f3n Full HD 1920 x 1080<\/strong><br \/>\nAltas resoluciones que brindan una s\u00f3lida experiencia de juego o video sin tensi\u00f3n indebida en su tarjeta gr\u00e1fica.<\/li>\n<li><strong>Tiempo de respuesta de 1ms<\/strong><br \/>\nOfrece un rendimiento ultrarr\u00e1pido, minimizando el retraso y el tiempo de visualizaci\u00f3n.<\/li>\n<li><strong>Frecuencia de actualizaci\u00f3n de 144 Hz<\/strong><br \/>\nOfrece un rendimiento potente para que pueda aprovechar al m\u00e1ximo sus juegos y videos.<\/li>\n<li><strong>Monitor LED antideslumbrante de 25&#8243;<\/strong><br \/>\nEl tipo de pantalla eficiente utiliza LED para proporcionar retroiluminaci\u00f3n precisa a los p\u00edxeles.<\/li>\n<li><strong>Tecnolog\u00eda FreeSync<\/strong><br \/>\nTecnolog\u00eda de sincronizaci\u00f3n adaptativa que iguala la velocidad de fotogramas del monitor con cualquier tarjeta gr\u00e1fica AMD compatible.<\/li>\n<li><strong>2 entradas HDMI y DisplayPort<\/strong><br \/>\nLe permite configurar reproductores de DVD y otras fuentes AV para obtener una se\u00f1al de audio y video clara y de alta calidad.<\/li>\n<li><strong>\u00c1ngulos de visi\u00f3n horizontal y vertical de 178\u00b0<\/strong><br \/>\nLe permite ver la pantalla desde una amplia gama de \u00e1ngulos.<\/li>\n<li><strong>Altavoces incorporados de 2 vatios<\/strong><br \/>\nLe permite disfrutar de su entretenimiento favorito con sonido est\u00e9reo.<\/li>\n<li><strong>Relaci\u00f3n de contraste din\u00e1mico de 100 000 000:1 (1000:1 t\u00edpica)<\/strong><br \/>\nGarantiza que las im\u00e1genes sean n\u00edtidas y claras con negros profundos y luces brillantes.<\/li>\n<li><strong>Brillo de 400 cd\/m\u00b2<\/strong><br \/>\nProduce im\u00e1genes brillantes que se pueden ver claramente incluso en habitaciones bien iluminadas.<\/li>\n<li><strong>ASUS Game Plus<\/strong><br \/>\nGarantiza un rendimiento de juego impresionante con varias funciones que le permiten verificar FPS e incorpora puntos de mira y frecuencia de actualizaci\u00f3n en tiempo real.<\/li>\n<\/ul>\n","protected":false},"excerpt":{"rendered":"<p>Actualice su configuraci\u00f3n de juego con este monitor de juegos ASUS TUF de 24,5 pulgadas.\u00a0La pantalla Full HD ofrece im\u00e1genes claras y n\u00edtidas, mientras que la frecuencia de actualizaci\u00f3n de<\/p>\n","protected":false},"featured_media":94019,"comment_status":"open","ping_status":"closed","template":"","meta":{"_acf_changed":false,"_joinchat":[]},"product_brand":[],"product_cat":[277,280,433],"product_tag":[],"class_list":{"0":"post-94017","1":"product","2":"type-product","3":"status-publish","4":"has-post-thumbnail","6":"product_cat-zona-gamer","7":"product_cat-pc-gaming","8":"product_cat-monitores-gamer","10":"first","11":"instock","12":"sale","13":"shipping-taxable","14":"purchasable","15":"product-type-simple"},"acf":[],"_links":{"self":[{"href":"https:\/\/defabrica.com.mx\/defabrica\/wp-json\/wp\/v2\/product\/94017","targetHints":{"allow":["GET"]}}],"collection":[{"href":"https:\/\/defabrica.com.mx\/defabrica\/wp-json\/wp\/v2\/product"}],"about":[{"href":"https:\/\/defabrica.com.mx\/defabrica\/wp-json\/wp\/v2\/types\/product"}],"replies":[{"embeddable":true,"href":"https:\/\/defabrica.com.mx\/defabrica\/wp-json\/wp\/v2\/comments?post=94017"}],"wp:featuredmedia":[{"embeddable":true,"href":"https:\/\/defabrica.com.mx\/defabrica\/wp-json\/wp\/v2\/media\/94019"}],"wp:attachment":[{"href":"https:\/\/defabrica.com.mx\/defabrica\/wp-json\/wp\/v2\/media?parent=94017"}],"wp:term":[{"taxonomy":"product_brand","embeddable":true,"href":"https:\/\/defabrica.com.mx\/defabrica\/wp-json\/wp\/v2\/product_brand?post=94017"},{"taxonomy":"product_cat","embeddable":true,"href":"https:\/\/defabrica.com.mx\/defabrica\/wp-json\/wp\/v2\/product_cat?post=94017"},{"taxonomy":"product_tag","embeddable":true,"href":"https:\/\/defabrica.com.mx\/defabrica\/wp-json\/wp\/v2\/product_tag?post=94017"}],"curies":[{"name":"wp","href":"https:\/\/api.w.org\/{rel}","templated":true}]}}