{"id":94003,"date":"2022-07-27T19:04:51","date_gmt":"2022-07-28T00:04:51","guid":{"rendered":"https:\/\/defabrica.com.mx\/defabrica\/?post_type=product&#038;p=94003"},"modified":"2022-07-27T19:04:51","modified_gmt":"2022-07-28T00:04:51","slug":"asus-31-5-monitor-de-juegos","status":"publish","type":"product","link":"https:\/\/defabrica.com.mx\/defabrica\/producto\/asus-31-5-monitor-de-juegos\/","title":{"rendered":"ASUS &#8211;  31.5&#8243;  monitor de juegos"},"content":{"rendered":"<div class=\"embedded-component-container lv product-description\">\n<div>\n<div id=\"shop-product-description-4300884\" class=\"_none\" data-version=\"1.3.46\">\n<div class=\"shop-product-description\">\n<section class=\"align-heading-left\" data-reactroot=\"\">\n<div class=\"long-description-container body-copy \">\n<div class=\"html-fragment\"><span>2560 x 1440 WQHD- 1 ms MPRT- Frecuencia de actualizaci\u00f3n de 120 Hz- \u00c1ngulos de visi\u00f3n horizontal y vertical de 178\u00b0- Relaci\u00f3n de contraste 3000:1- Brillo 250 Nit &#8211; M\u00e1ximo<\/span><\/div>\n<\/div>\n<\/section>\n<\/div>\n<\/div>\n<\/div>\n<\/div>\n<div class=\"embedded-component-container lv product-features\">\n<h3><\/h3>\n<h3 class=\"heading-5 v-fw-regular feature-heading\"><strong>Caracter\u00edsticas<\/strong><\/h3>\n<ul>\n<li><strong>Resoluci\u00f3n nativa y relaci\u00f3n de aspecto<\/strong><br \/>\nCuenta con un panel WQHD (2560 x 1440) que ofrece hasta un 77 % m\u00e1s de espacio de escritorio en pantalla que las pantallas Full HD est\u00e1ndar (1920 x 1080). Adem\u00e1s, ofrece una asombrosa relaci\u00f3n de contraste de 3000:1.<\/li>\n<li><strong>Modos de imagen especiales<\/strong><br \/>\nLa tecnolog\u00eda ASUS Extreme Low Motion Blur (ELMB \u2122) permite un tiempo de respuesta de 1 ms (MPRT) junto con Adaptive-sync, eliminando el efecto fantasma y el desgarro para im\u00e1genes de juegos n\u00edtidas con altas velocidades de cuadro<\/li>\n<li><strong>Brillo<\/strong><br \/>\nShadow Boost mejora los detalles de la imagen en las \u00e1reas oscuras, iluminando las escenas sin sobreexponer las \u00e1reas brillantes<\/li>\n<li><strong>Frecuencia de actualizaci\u00f3n<\/strong><br \/>\nLa frecuencia de actualizaci\u00f3n de 165 Hz diezma el retraso y el desenfoque de movimiento para darle la ventaja.<\/li>\n<li><strong>Tiempo de respuesta<\/strong><br \/>\nCon un tiempo de respuesta de gris a gris de 1 ms, pr\u00e1cticamente se eliminan las manchas y el desenfoque de movimiento.<\/li>\n<\/ul>\n<\/div>\n","protected":false},"excerpt":{"rendered":"<p>2560 x 1440 WQHD- 1 ms MPRT- Frecuencia de actualizaci\u00f3n de 120 Hz- \u00c1ngulos de visi\u00f3n horizontal y vertical de 178\u00b0- Relaci\u00f3n de contraste 3000:1- Brillo 250 Nit &#8211; M\u00e1ximo<\/p>\n","protected":false},"featured_media":94006,"comment_status":"open","ping_status":"closed","template":"","meta":{"_acf_changed":false,"_joinchat":[]},"product_brand":[],"product_cat":[277,280,433],"product_tag":[],"class_list":{"0":"post-94003","1":"product","2":"type-product","3":"status-publish","4":"has-post-thumbnail","6":"product_cat-zona-gamer","7":"product_cat-pc-gaming","8":"product_cat-monitores-gamer","10":"first","11":"instock","12":"sale","13":"shipping-taxable","14":"purchasable","15":"product-type-simple"},"acf":[],"_links":{"self":[{"href":"https:\/\/defabrica.com.mx\/defabrica\/wp-json\/wp\/v2\/product\/94003","targetHints":{"allow":["GET"]}}],"collection":[{"href":"https:\/\/defabrica.com.mx\/defabrica\/wp-json\/wp\/v2\/product"}],"about":[{"href":"https:\/\/defabrica.com.mx\/defabrica\/wp-json\/wp\/v2\/types\/product"}],"replies":[{"embeddable":true,"href":"https:\/\/defabrica.com.mx\/defabrica\/wp-json\/wp\/v2\/comments?post=94003"}],"wp:featuredmedia":[{"embeddable":true,"href":"https:\/\/defabrica.com.mx\/defabrica\/wp-json\/wp\/v2\/media\/94006"}],"wp:attachment":[{"href":"https:\/\/defabrica.com.mx\/defabrica\/wp-json\/wp\/v2\/media?parent=94003"}],"wp:term":[{"taxonomy":"product_brand","embeddable":true,"href":"https:\/\/defabrica.com.mx\/defabrica\/wp-json\/wp\/v2\/product_brand?post=94003"},{"taxonomy":"product_cat","embeddable":true,"href":"https:\/\/defabrica.com.mx\/defabrica\/wp-json\/wp\/v2\/product_cat?post=94003"},{"taxonomy":"product_tag","embeddable":true,"href":"https:\/\/defabrica.com.mx\/defabrica\/wp-json\/wp\/v2\/product_tag?post=94003"}],"curies":[{"name":"wp","href":"https:\/\/api.w.org\/{rel}","templated":true}]}}