{"id":93988,"date":"2022-07-27T18:00:07","date_gmt":"2022-07-27T23:00:07","guid":{"rendered":"https:\/\/defabrica.com.mx\/defabrica\/?post_type=product&#038;p=93988"},"modified":"2023-01-20T10:55:44","modified_gmt":"2023-01-20T16:55:44","slug":"asus-monitor-de-juegos-23-8","status":"publish","type":"product","link":"https:\/\/defabrica.com.mx\/defabrica\/producto\/asus-monitor-de-juegos-23-8\/","title":{"rendered":"ASUS &#8211; Monitor de juegos 23.8\u201d"},"content":{"rendered":"<div class=\"embedded-component-container lv product-description\">\n<div>\n<div id=\"shop-product-description-4218112\" class=\"_none\" data-version=\"1.3.46\">\n<div class=\"shop-product-description\">\n<section class=\"align-heading-left\" data-reactroot=\"\">\n<div class=\"long-description-container body-copy \">\n<div class=\"html-fragment\">Vea m\u00e1s de la acci\u00f3n con este monitor de juegos ASUS Full HD.\u00a0El r\u00e1pido tiempo de respuesta de video de 1 ms le permite jugar juegos de acci\u00f3n en tiempo real sin demoras.\u00a0Este monitor de juegos ASUS viene con un soporte para usar en cualquier superficie plana.<\/div>\n<\/div>\n<\/section>\n<\/div>\n<\/div>\n<\/div>\n<\/div>\n<div class=\"embedded-component-container lv product-features\">\n<h3><\/h3>\n<h3 class=\"heading-5 v-fw-regular feature-heading\"><strong>Caracter\u00edsticas<\/strong><\/h3>\n<ul>\n<li><strong>Resoluci\u00f3n Full HD 1920 x 1080<\/strong><br \/>\nAltas resoluciones que brindan una s\u00f3lida experiencia de juego o video sin tensi\u00f3n indebida en su tarjeta gr\u00e1fica.<\/li>\n<li><strong>Tiempo de respuesta de 1ms<\/strong><br \/>\nOfrece un rendimiento ultrarr\u00e1pido, minimizando el retraso y el tiempo de visualizaci\u00f3n.<\/li>\n<li><strong>Frecuencia de actualizaci\u00f3n de 75 Hz<\/strong><br \/>\nOfrece un rendimiento potente para que pueda aprovechar al m\u00e1ximo sus juegos y videos.<\/li>\n<li><strong>Monitor LED antideslumbrante de 23,8&#8243;<\/strong><br \/>\nEl tipo de pantalla eficiente utiliza LED para proporcionar retroiluminaci\u00f3n precisa a los p\u00edxeles.<\/li>\n<li><strong>Entradas HDMI y VGA<\/strong><br \/>\nLe permite configurar reproductores de DVD y otras fuentes AV para obtener una se\u00f1al de audio y video clara y de alta calidad.<\/li>\n<li><strong>\u00c1ngulos de visi\u00f3n de 178\u00b0 horizontal y 178\u00b0 vertical<\/strong><br \/>\nLe permite ver la pantalla desde una amplia gama de \u00e1ngulos.<\/li>\n<li><strong>Relaci\u00f3n de contraste din\u00e1mico de 100 000 000:1 (1000:1 t\u00edpica)<\/strong><br \/>\nGarantiza que las im\u00e1genes sean n\u00edtidas y claras con negros profundos y luces brillantes.<\/li>\n<li><strong>Brillo de 250 cd\/m\u00b2<\/strong><br \/>\nProduce im\u00e1genes brillantes que se pueden ver claramente incluso en habitaciones bien iluminadas.<\/li>\n<\/ul>\n<\/div>\n","protected":false},"excerpt":{"rendered":"<p>Vea m\u00e1s de la acci\u00f3n con este monitor de juegos ASUS Full HD.\u00a0El r\u00e1pido tiempo de respuesta de video de 1 ms le permite jugar juegos de acci\u00f3n en tiempo<\/p>\n","protected":false},"featured_media":93991,"comment_status":"open","ping_status":"closed","template":"","meta":{"_acf_changed":false,"_joinchat":[]},"product_brand":[],"product_cat":[277,280,433],"product_tag":[],"class_list":{"0":"post-93988","1":"product","2":"type-product","3":"status-publish","4":"has-post-thumbnail","6":"product_cat-zona-gamer","7":"product_cat-pc-gaming","8":"product_cat-monitores-gamer","10":"first","11":"instock","12":"sale","13":"shipping-taxable","14":"purchasable","15":"product-type-simple"},"acf":[],"_links":{"self":[{"href":"https:\/\/defabrica.com.mx\/defabrica\/wp-json\/wp\/v2\/product\/93988","targetHints":{"allow":["GET"]}}],"collection":[{"href":"https:\/\/defabrica.com.mx\/defabrica\/wp-json\/wp\/v2\/product"}],"about":[{"href":"https:\/\/defabrica.com.mx\/defabrica\/wp-json\/wp\/v2\/types\/product"}],"replies":[{"embeddable":true,"href":"https:\/\/defabrica.com.mx\/defabrica\/wp-json\/wp\/v2\/comments?post=93988"}],"wp:featuredmedia":[{"embeddable":true,"href":"https:\/\/defabrica.com.mx\/defabrica\/wp-json\/wp\/v2\/media\/93991"}],"wp:attachment":[{"href":"https:\/\/defabrica.com.mx\/defabrica\/wp-json\/wp\/v2\/media?parent=93988"}],"wp:term":[{"taxonomy":"product_brand","embeddable":true,"href":"https:\/\/defabrica.com.mx\/defabrica\/wp-json\/wp\/v2\/product_brand?post=93988"},{"taxonomy":"product_cat","embeddable":true,"href":"https:\/\/defabrica.com.mx\/defabrica\/wp-json\/wp\/v2\/product_cat?post=93988"},{"taxonomy":"product_tag","embeddable":true,"href":"https:\/\/defabrica.com.mx\/defabrica\/wp-json\/wp\/v2\/product_tag?post=93988"}],"curies":[{"name":"wp","href":"https:\/\/api.w.org\/{rel}","templated":true}]}}