{"id":93973,"date":"2022-07-27T17:45:13","date_gmt":"2022-07-27T22:45:13","guid":{"rendered":"https:\/\/defabrica.com.mx\/defabrica\/?post_type=product&#038;p=93973"},"modified":"2023-01-20T10:54:35","modified_gmt":"2023-01-20T16:54:35","slug":"asus-monitor-para-juegos-27-2","status":"publish","type":"product","link":"https:\/\/defabrica.com.mx\/defabrica\/producto\/asus-monitor-para-juegos-27-2\/","title":{"rendered":"ASUS &#8211; Monitor para juegos 27\u201d"},"content":{"rendered":"<div class=\"embedded-component-container lv product-description\">\n<div>\n<div id=\"shop-product-description-53701062\" class=\"_none\" data-version=\"1.3.46\">\n<div class=\"shop-product-description\">\n<section class=\"align-heading-left\" data-reactroot=\"\">\n<div class=\"long-description-container body-copy \">\n<div class=\"html-fragment\">Disfruta de una experiencia de juego fluida con este monitor ASUS Full HD de 27 pulgadas.\u00a0La funci\u00f3n Shadow Boost aumenta la claridad en las escenas oscuras y los tiempos de respuesta ultrarr\u00e1pidos minimizan el desenfoque y las rayas para un juego perfecto.\u00a0Este monitor ASUS Full HD tiene un dise\u00f1o ergon\u00f3mico que permite inclinarlo, girarlo y girarlo seg\u00fan sea necesario.<\/div>\n<\/div>\n<\/section>\n<\/div>\n<\/div>\n<\/div>\n<\/div>\n<div class=\"embedded-component-container lv product-features\">\n<h3><\/h3>\n<h3 class=\"heading-5 v-fw-regular feature-heading\"><strong>Caracter\u00edsticas<\/strong><\/h3>\n<ul>\n<li><strong>Resoluci\u00f3n Full HD 1920 x 1080<\/strong><br \/>\nAltas resoluciones que brindan una s\u00f3lida experiencia de juego o video sin tensi\u00f3n indebida en su tarjeta gr\u00e1fica.<\/li>\n<li><strong>Tiempo de respuesta de 1ms<\/strong><br \/>\nOfrece un rendimiento ultrarr\u00e1pido, minimizando el retraso y el tiempo de visualizaci\u00f3n.<\/li>\n<li><strong>Frecuencia de actualizaci\u00f3n de 280 Hz<\/strong><br \/>\nOfrece un rendimiento potente para que pueda aprovechar al m\u00e1ximo sus juegos y videos.<\/li>\n<li><strong>Monitor WLED antideslumbrante de 27&#8243;<\/strong><br \/>\nEl tipo de pantalla eficiente utiliza LED para proporcionar retroiluminaci\u00f3n precisa a los p\u00edxeles.<\/li>\n<li><strong>Entradas HDMI y DisplayPort<\/strong><br \/>\nLe permite configurar reproductores de DVD y otras fuentes AV para obtener una se\u00f1al de audio y video clara y de alta calidad.<\/li>\n<li><strong>\u00c1ngulos de visi\u00f3n de 178\u00b0 horizontal y 178\u00b0 vertical<\/strong><br \/>\nLe permite ver la pantalla desde una amplia gama de \u00e1ngulos.<\/li>\n<li><strong>Altavoces incorporados de 2 vatios<\/strong><br \/>\nLe permite disfrutar de su entretenimiento favorito con sonido est\u00e9reo.<\/li>\n<li><strong>Relaci\u00f3n de contraste din\u00e1mico de 100 000 000:1 (1000:1 t\u00edpica)<\/strong><br \/>\nGarantiza que las im\u00e1genes sean n\u00edtidas y claras con negros profundos y luces brillantes.<\/li>\n<li><strong>Brillo de 400 cd\/m\u00b2<\/strong><br \/>\nProduce im\u00e1genes brillantes que se pueden ver claramente incluso en habitaciones bien iluminadas.<\/li>\n<li><strong>ASUS Game Plus<\/strong><br \/>\nGarantiza un rendimiento de juego impresionante con varias funciones que le permiten verificar FPS e incorpora puntos de mira y frecuencia de actualizaci\u00f3n en tiempo real.<\/li>\n<\/ul>\n<\/div>\n","protected":false},"excerpt":{"rendered":"<p>Disfruta de una experiencia de juego fluida con este monitor ASUS Full HD de 27 pulgadas.\u00a0La funci\u00f3n Shadow Boost aumenta la claridad en las escenas oscuras y los tiempos de<\/p>\n","protected":false},"featured_media":93977,"comment_status":"open","ping_status":"closed","template":"","meta":{"_acf_changed":false,"_joinchat":[]},"product_brand":[],"product_cat":[277,280,433],"product_tag":[],"class_list":{"0":"post-93973","1":"product","2":"type-product","3":"status-publish","4":"has-post-thumbnail","6":"product_cat-zona-gamer","7":"product_cat-pc-gaming","8":"product_cat-monitores-gamer","10":"first","11":"instock","12":"sale","13":"shipping-taxable","14":"purchasable","15":"product-type-simple"},"acf":[],"_links":{"self":[{"href":"https:\/\/defabrica.com.mx\/defabrica\/wp-json\/wp\/v2\/product\/93973","targetHints":{"allow":["GET"]}}],"collection":[{"href":"https:\/\/defabrica.com.mx\/defabrica\/wp-json\/wp\/v2\/product"}],"about":[{"href":"https:\/\/defabrica.com.mx\/defabrica\/wp-json\/wp\/v2\/types\/product"}],"replies":[{"embeddable":true,"href":"https:\/\/defabrica.com.mx\/defabrica\/wp-json\/wp\/v2\/comments?post=93973"}],"wp:featuredmedia":[{"embeddable":true,"href":"https:\/\/defabrica.com.mx\/defabrica\/wp-json\/wp\/v2\/media\/93977"}],"wp:attachment":[{"href":"https:\/\/defabrica.com.mx\/defabrica\/wp-json\/wp\/v2\/media?parent=93973"}],"wp:term":[{"taxonomy":"product_brand","embeddable":true,"href":"https:\/\/defabrica.com.mx\/defabrica\/wp-json\/wp\/v2\/product_brand?post=93973"},{"taxonomy":"product_cat","embeddable":true,"href":"https:\/\/defabrica.com.mx\/defabrica\/wp-json\/wp\/v2\/product_cat?post=93973"},{"taxonomy":"product_tag","embeddable":true,"href":"https:\/\/defabrica.com.mx\/defabrica\/wp-json\/wp\/v2\/product_tag?post=93973"}],"curies":[{"name":"wp","href":"https:\/\/api.w.org\/{rel}","templated":true}]}}