{"id":93940,"date":"2022-07-27T14:45:27","date_gmt":"2022-07-27T19:45:27","guid":{"rendered":"https:\/\/defabrica.com.mx\/defabrica\/?post_type=product&#038;p=93940"},"modified":"2022-07-27T14:45:27","modified_gmt":"2022-07-27T19:45:27","slug":"asus-gaming-monitor-de-juegos-27-negro","status":"publish","type":"product","link":"https:\/\/defabrica.com.mx\/defabrica\/producto\/asus-gaming-monitor-de-juegos-27-negro\/","title":{"rendered":"ASUS &#8211; Gaming Monitor de juegos  27&#8243; &#8211; Negro"},"content":{"rendered":"<div class=\"embedded-component-container lv product-description\">\n<div>\n<div id=\"shop-product-description-78267718\" class=\"_none\" data-version=\"1.3.46\">\n<div class=\"shop-product-description\">\n<section class=\"align-heading-left\" data-reactroot=\"\">\n<div class=\"long-description-container body-copy \">\n<div class=\"html-fragment\"><span>TUF Gaming VG27AQL1A es una pantalla IPS HDR WQHD (2560 x 1440) de 27 pulgadas con una frecuencia de actualizaci\u00f3n ultrarr\u00e1pida de 170 Hz.\u00a0Dise\u00f1ado para jugadores y otras personas que buscan un juego inmersivo, ofrece algunas especificaciones serias.<\/span><\/div>\n<\/div>\n<\/section>\n<\/div>\n<\/div>\n<\/div>\n<\/div>\n<div class=\"embedded-component-container lv product-features\">\n<h3><\/h3>\n<h3 class=\"heading-5 v-fw-regular feature-heading\"><strong>Caracter\u00edsticas<\/strong><\/h3>\n<ul>\n<li><strong>Pantalla LCD<\/strong><br \/>\nDisfrute de impresionantes im\u00e1genes visuales luminiscentes con pantalla LCD<\/li>\n<li><strong>\u00c1ngulo de visi\u00f3n<\/strong><br \/>\nEste elegante monitor LCD para juegos ofrece \u00e1ngulos de visi\u00f3n de 178\u00b0\/178\u00b0 para disfrutar de una excelente experiencia de visualizaci\u00f3n sin importar d\u00f3nde y c\u00f3mo lo mire.<\/li>\n<li><strong>Compatible con VESA<\/strong><br \/>\nLa compatibilidad con montaje VESA le permite montar la pantalla en una pared o con un soporte seg\u00fan sus necesidades espec\u00edficas<\/li>\n<li><strong>Brillo<\/strong><br \/>\nVea su contenido f\u00e1cilmente en \u00e1reas bien iluminadas con 400 Nit &#8211; M\u00e1ximo brillo<\/li>\n<li><strong>Juego de azar<\/strong><br \/>\nCon una frecuencia de actualizaci\u00f3n de 120 Hz, est\u00e1 especialmente dise\u00f1ado para juegos.<\/li>\n<\/ul>\n<\/div>\n","protected":false},"excerpt":{"rendered":"<p>TUF Gaming VG27AQL1A es una pantalla IPS HDR WQHD (2560 x 1440) de 27 pulgadas con una frecuencia de actualizaci\u00f3n ultrarr\u00e1pida de 170 Hz.\u00a0Dise\u00f1ado para jugadores y otras personas que<\/p>\n","protected":false},"featured_media":93941,"comment_status":"open","ping_status":"closed","template":"","meta":{"_acf_changed":false,"_joinchat":[]},"product_brand":[],"product_cat":[277,280,433],"product_tag":[],"class_list":{"0":"post-93940","1":"product","2":"type-product","3":"status-publish","4":"has-post-thumbnail","6":"product_cat-zona-gamer","7":"product_cat-pc-gaming","8":"product_cat-monitores-gamer","10":"first","11":"instock","12":"sale","13":"shipping-taxable","14":"purchasable","15":"product-type-simple"},"acf":[],"_links":{"self":[{"href":"https:\/\/defabrica.com.mx\/defabrica\/wp-json\/wp\/v2\/product\/93940","targetHints":{"allow":["GET"]}}],"collection":[{"href":"https:\/\/defabrica.com.mx\/defabrica\/wp-json\/wp\/v2\/product"}],"about":[{"href":"https:\/\/defabrica.com.mx\/defabrica\/wp-json\/wp\/v2\/types\/product"}],"replies":[{"embeddable":true,"href":"https:\/\/defabrica.com.mx\/defabrica\/wp-json\/wp\/v2\/comments?post=93940"}],"wp:featuredmedia":[{"embeddable":true,"href":"https:\/\/defabrica.com.mx\/defabrica\/wp-json\/wp\/v2\/media\/93941"}],"wp:attachment":[{"href":"https:\/\/defabrica.com.mx\/defabrica\/wp-json\/wp\/v2\/media?parent=93940"}],"wp:term":[{"taxonomy":"product_brand","embeddable":true,"href":"https:\/\/defabrica.com.mx\/defabrica\/wp-json\/wp\/v2\/product_brand?post=93940"},{"taxonomy":"product_cat","embeddable":true,"href":"https:\/\/defabrica.com.mx\/defabrica\/wp-json\/wp\/v2\/product_cat?post=93940"},{"taxonomy":"product_tag","embeddable":true,"href":"https:\/\/defabrica.com.mx\/defabrica\/wp-json\/wp\/v2\/product_tag?post=93940"}],"curies":[{"name":"wp","href":"https:\/\/api.w.org\/{rel}","templated":true}]}}