{"id":93894,"date":"2022-07-27T14:28:41","date_gmt":"2022-07-27T19:28:41","guid":{"rendered":"https:\/\/defabrica.com.mx\/defabrica\/?post_type=product&#038;p=93894"},"modified":"2023-01-28T13:11:04","modified_gmt":"2023-01-28T19:11:04","slug":"dewalt-kit-taladro-atornillador-dcd791-inalambrico-max-xr-de-20v-sin-escobillas-de-1-2-pulg-1-bateria-de-20v-5-0a-cargador-sierra-circular-de-6-1-2-in-p1w391","status":"publish","type":"product","link":"https:\/\/defabrica.com.mx\/defabrica\/producto\/dewalt-kit-taladro-atornillador-dcd791-inalambrico-max-xr-de-20v-sin-escobillas-de-1-2-pulg-1-bateria-de-20v-5-0a-cargador-sierra-circular-de-6-1-2-in-p1w391\/","title":{"rendered":"DEWALT &#8211; KIT Taladro\/atornillador DCD791 inal\u00e1mbrico MAX XR de 20V &#8211; sin escobillas de 1\/2 Pulg + 1 bater\u00eda de 20V &#8211; 5.0A + cargador + Sierra circular de 6-1\/2 in &#8211; P1W391"},"content":{"rendered":"<p>El taladro atornillador DEWALT DCD791P1 es ideal para la mayor\u00eda de las aplicaciones de perforaci\u00f3n y sujeci\u00f3n en el lugar de trabajo o en el hogar.\u00a0Este taladro cuenta con un motor sin escobillas DEWALT que ofrece hasta un 57 % m\u00e1s de tiempo de funcionamiento que un taladro con escobillas.\u00a0Incluye una bolsa de herramientas, un paquete de bater\u00eda y un cargador.\u00a0La sierra circular inal\u00e1mbrica DEWALT DCS391B de iones de litio de 20 voltios m\u00e1x. tiene un potente motor de 5150 RPM que brinda potencia y velocidad para realizar los cortes m\u00e1s exigentes con facilidad.\u00a0La zapata de magnesio liviana y de alta resistencia brinda durabilidad en el lugar de trabajo para una precisi\u00f3n de corte prolongada.<\/p>\n<div class=\"grid bullet-list-wrapper\">\n<ul class=\"bullet-list bullet-list--margin list list--type-square\">\n<li class=\"list__item\">Las bater\u00edas de iones de litio XR con indicador de combustible brindan un 33 % m\u00e1s de capacidad que los paquetes est\u00e1ndar<\/li>\n<li class=\"list__item\">El dise\u00f1o compacto (6,9 pulg. de adelante hacia atr\u00e1s) y liviano (3,4 lb) cabe en \u00e1reas estrechas<\/li>\n<li class=\"list__item\">La transmisi\u00f3n de alta velocidad con configuraciones de 2 velocidades (0 RPM a 550 RPM\/0 RPM a 2000 RPM) brinda velocidades de aplicaci\u00f3n hasta un 30 % m\u00e1s r\u00e1pidas<\/li>\n<li class=\"list__item\">El mango ergon\u00f3mico de agarre c\u00f3modo proporciona un equilibrio ideal y un control de la herramienta<\/li>\n<li class=\"list__item\">Portabrocas de trinquete de metal de 1\/2 pulg. para una mayor fuerza de agarre de la broca<\/li>\n<li class=\"list__item\">El LED de 3 modos proporciona iluminaci\u00f3n en espacios oscuros o confinados hasta 20 veces m\u00e1s brillante que el modelo anterior<\/li>\n<li class=\"list__item\">El modo de foco LED cuenta con una funci\u00f3n de apagado de 20 minutos que permite un tiempo de trabajo prolongado en espacios oscuros o confinados<\/li>\n<li class=\"list__item\">DCS391B Potente motor de 5150 RPM que ofrece potencia y velocidad para realizar los cortes m\u00e1s exigentes con facilidad<\/li>\n<li class=\"list__item\">La zapata de magnesio DCS391B resiste los rigores de las condiciones de trabajo abusivas para proporcionar cortes precisos a largo plazo<\/li>\n<li class=\"list__item\">DCS391B La capacidad de biselado de 0\u00b0 a 50\u00b0 permite cortes en \u00e1ngulo agresivos<\/li>\n<li class=\"list__item\">DCS391B Profundidad de corte a 45\u00b0: 1-5\/8 pulg.<\/li>\n<li class=\"list__item\">DCS391B Profundidad de corte a 90\u00b0: 2-1\/4 pulg.<\/li>\n<li class=\"list__item\">DCS391B Incluye hoja con punta de carburo de 18 dientes para corte r\u00e1pido de madera de 6-1\/2 pulg.<\/li>\n<\/ul>\n<\/div>\n","protected":false},"excerpt":{"rendered":"<p>El taladro atornillador DEWALT DCD791P1 es ideal para la mayor\u00eda de las aplicaciones de perforaci\u00f3n y sujeci\u00f3n en el lugar de trabajo o en el hogar.\u00a0Este taladro cuenta con un<\/p>\n","protected":false},"featured_media":93901,"comment_status":"open","ping_status":"closed","template":"","meta":{"_acf_changed":false,"_joinchat":[]},"product_brand":[],"product_cat":[1649,1650,1220,1221],"product_tag":[],"class_list":{"0":"post-93894","1":"product","2":"type-product","3":"status-publish","4":"has-post-thumbnail","6":"product_cat-perforacion","7":"product_cat-taladros","8":"product_cat-herramientas","9":"product_cat-herramientas-electricas","11":"first","12":"instock","13":"sale","14":"shipping-taxable","15":"purchasable","16":"product-type-simple"},"acf":[],"_links":{"self":[{"href":"https:\/\/defabrica.com.mx\/defabrica\/wp-json\/wp\/v2\/product\/93894","targetHints":{"allow":["GET"]}}],"collection":[{"href":"https:\/\/defabrica.com.mx\/defabrica\/wp-json\/wp\/v2\/product"}],"about":[{"href":"https:\/\/defabrica.com.mx\/defabrica\/wp-json\/wp\/v2\/types\/product"}],"replies":[{"embeddable":true,"href":"https:\/\/defabrica.com.mx\/defabrica\/wp-json\/wp\/v2\/comments?post=93894"}],"wp:featuredmedia":[{"embeddable":true,"href":"https:\/\/defabrica.com.mx\/defabrica\/wp-json\/wp\/v2\/media\/93901"}],"wp:attachment":[{"href":"https:\/\/defabrica.com.mx\/defabrica\/wp-json\/wp\/v2\/media?parent=93894"}],"wp:term":[{"taxonomy":"product_brand","embeddable":true,"href":"https:\/\/defabrica.com.mx\/defabrica\/wp-json\/wp\/v2\/product_brand?post=93894"},{"taxonomy":"product_cat","embeddable":true,"href":"https:\/\/defabrica.com.mx\/defabrica\/wp-json\/wp\/v2\/product_cat?post=93894"},{"taxonomy":"product_tag","embeddable":true,"href":"https:\/\/defabrica.com.mx\/defabrica\/wp-json\/wp\/v2\/product_tag?post=93894"}],"curies":[{"name":"wp","href":"https:\/\/api.w.org\/{rel}","templated":true}]}}