{"id":93673,"date":"2022-07-26T10:59:33","date_gmt":"2022-07-26T15:59:33","guid":{"rendered":"https:\/\/defabrica.com.mx\/defabrica\/?post_type=product&#038;p=93673"},"modified":"2023-01-20T10:40:59","modified_gmt":"2023-01-20T16:40:59","slug":"gorillapod-3k-smart-kit-tripod-soporte-y-rotula","status":"publish","type":"product","link":"https:\/\/defabrica.com.mx\/defabrica\/producto\/gorillapod-3k-smart-kit-tripod-soporte-y-rotula\/","title":{"rendered":"Gorillapod 3k Smart Kit TriPod &#8211; Soporte Y R\u00f3tula"},"content":{"rendered":"<div class=\"product-description\">Mantenga su c\u00e1mara estable para tomas y filmaciones de alta calidad con este tr\u00edpode JOBY GorillaPod 3K.\u00a0Los tres modos de agarre, envoltura y soporte ofrecen flexibilidad para la filmaci\u00f3n creativa, mientras que el clip de liberaci\u00f3n r\u00e1pida permite una f\u00e1cil extracci\u00f3n del dispositivo.\u00a0Este tr\u00edpode JOBY GorillaPod 3K admite equipos de hasta 6.6 lbs.\u00a0y funciona bien con c\u00e1maras y tel\u00e9fonos inteligentes.<\/div>\n<div><\/div>\n<div>\n<h3 class=\"heading-5 v-fw-regular feature-heading\"><strong>Caracter\u00edsticas<\/strong><\/h3>\n<ul>\n<li><strong>Perfecto para creadores de contenido.<\/strong><br \/>\nUn tr\u00edpode flexible para videoblogs, cine, streaming, Tik Tok y YouTube<\/li>\n<li><strong>Para usar con su dispositivo existente<\/strong><br \/>\nSMART Clamp compatible con la mayor\u00eda de los smartphones de hasta 4,09&#8243; de ancho<\/li>\n<li><strong>Compatible con la mayor\u00eda de videoc\u00e1maras, c\u00e1maras y tel\u00e9fonos celulares de hasta 6.6 lbs.<\/strong><br \/>\nPara evitar el movimiento de la c\u00e1mara.<\/li>\n<li><strong>Construcci\u00f3n de aluminio y pl\u00e1stico ABS.<\/strong><br \/>\nPara un transporte ligero y un soporte resistente para la c\u00e1mara.<\/li>\n<li><strong>Nivel de burbuja incorporado<\/strong><br \/>\nPara ayudar en el ajuste.<\/li>\n<li><strong>piernas flexibles<\/strong><br \/>\nPara lograr la estabilidad deseada.<\/li>\n<li><strong>Sistema de liberaci\u00f3n r\u00e1pida<\/strong><br \/>\nHace que montar y desmontar la c\u00e1mara sea r\u00e1pido y f\u00e1cil.<\/li>\n<\/ul>\n<\/div>\n<div class=\"product-description-banner\" data-track=\"description-html-asset:Explore the gear you need for content creation.\"><\/div>\n","protected":false},"excerpt":{"rendered":"<p>Mantenga su c\u00e1mara estable para tomas y filmaciones de alta calidad con este tr\u00edpode JOBY GorillaPod 3K.\u00a0Los tres modos de agarre, envoltura y soporte ofrecen flexibilidad para la filmaci\u00f3n creativa,<\/p>\n","protected":false},"featured_media":93678,"comment_status":"open","ping_status":"closed","template":"","meta":{"_acf_changed":false,"_joinchat":[]},"product_brand":[],"product_cat":[1516,442,450,452],"product_tag":[],"class_list":{"0":"post-93673","1":"product","2":"type-product","3":"status-publish","4":"has-post-thumbnail","6":"product_cat-ofertas-camaras","7":"product_cat-camaras","8":"product_cat-accesorios-camaras","9":"product_cat-tripies-monopies-estabilizadores","11":"first","12":"instock","13":"sale","14":"shipping-taxable","15":"purchasable","16":"product-type-simple"},"acf":[],"_links":{"self":[{"href":"https:\/\/defabrica.com.mx\/defabrica\/wp-json\/wp\/v2\/product\/93673","targetHints":{"allow":["GET"]}}],"collection":[{"href":"https:\/\/defabrica.com.mx\/defabrica\/wp-json\/wp\/v2\/product"}],"about":[{"href":"https:\/\/defabrica.com.mx\/defabrica\/wp-json\/wp\/v2\/types\/product"}],"replies":[{"embeddable":true,"href":"https:\/\/defabrica.com.mx\/defabrica\/wp-json\/wp\/v2\/comments?post=93673"}],"wp:featuredmedia":[{"embeddable":true,"href":"https:\/\/defabrica.com.mx\/defabrica\/wp-json\/wp\/v2\/media\/93678"}],"wp:attachment":[{"href":"https:\/\/defabrica.com.mx\/defabrica\/wp-json\/wp\/v2\/media?parent=93673"}],"wp:term":[{"taxonomy":"product_brand","embeddable":true,"href":"https:\/\/defabrica.com.mx\/defabrica\/wp-json\/wp\/v2\/product_brand?post=93673"},{"taxonomy":"product_cat","embeddable":true,"href":"https:\/\/defabrica.com.mx\/defabrica\/wp-json\/wp\/v2\/product_cat?post=93673"},{"taxonomy":"product_tag","embeddable":true,"href":"https:\/\/defabrica.com.mx\/defabrica\/wp-json\/wp\/v2\/product_tag?post=93673"}],"curies":[{"name":"wp","href":"https:\/\/api.w.org\/{rel}","templated":true}]}}