{"id":93648,"date":"2022-07-26T10:31:08","date_gmt":"2022-07-26T15:31:08","guid":{"rendered":"https:\/\/defabrica.com.mx\/defabrica\/?post_type=product&#038;p=93648"},"modified":"2022-12-12T12:55:52","modified_gmt":"2022-12-12T18:55:52","slug":"nikon-kit-d7500-lente-18-140mm-ed-vr-dslr-color-negro","status":"publish","type":"product","link":"https:\/\/defabrica.com.mx\/defabrica\/producto\/nikon-kit-d7500-lente-18-140mm-ed-vr-dslr-color-negro\/","title":{"rendered":"Nikon &#8211; Kit D7500 + Lente 18-140mm ED VR DSLR color negro"},"content":{"rendered":"<p>Tome una amplia gama de fotos con esta c\u00e1mara digital Nikon D7500.\u00a0Incluye una lente VR de 18-140 mm para que pueda disfrutar de tomas de gran angular a retrato, a teleobjetivo, y un gran sensor de 20,9 megap\u00edxeles se combina con el procesamiento EXPEED 5 para brindar una precisi\u00f3n absoluta.\u00a0Un cuerpo resistente garantiza que esta Nikon D7500 se adapte al uso diario.<\/p>\n<h3 class=\"heading-5 v-fw-regular feature-heading\"><strong>Caracter\u00edsticas<\/strong><\/h3>\n<ul>\n<li><strong>Lente AF-S DX NIKKOR 18-140 mm f\/3.5-5.6G ED VR<\/strong><br \/>\nPara un zoom preciso y precisi\u00f3n.<\/li>\n<li><strong>El sensor CMOS de 20,9 megap\u00edxeles ofrece detalles incre\u00edbles y magn\u00edficas ampliaciones<\/strong><br \/>\nEl sensor APS-C produce una gran claridad de borde a borde con detalles y nitidez incre\u00edbles.<\/li>\n<li><strong>ISO 100 &#8211; 51,200 para fotos n\u00edtidas y claras incluso con muy poca luz<\/strong><br \/>\nMejora el disparo en situaciones de iluminaci\u00f3n variadas y que cambian r\u00e1pidamente, incluso con poca luz.<\/li>\n<li><strong>Capture tomas de acci\u00f3n r\u00e1pida a hasta 8 fps (fotogramas por segundo)<\/strong><br \/>\nDesde expresiones faciales alegres hasta acci\u00f3n deportiva vertiginosa, el modo de r\u00e1faga garantiza que obtengas la toma, incluso si solo dura una fracci\u00f3n de segundo.<\/li>\n<li><strong>Video 4K Ultra HD y 1080p Full HD con sonido est\u00e9reo<\/strong><br \/>\nUn sensor de imagen inteligente lee las im\u00e1genes de las pel\u00edculas a velocidades m\u00e1s r\u00e1pidas que nunca, lo que reduce significativamente la distorsi\u00f3n del obturador que puede ocurrir al realizar una panor\u00e1mica o capturar sujetos que se mueven r\u00e1pidamente.<\/li>\n<li><strong>Gran pantalla LCD inclinable de 3,2\u201d y 922 000 puntos con funcionalidad t\u00e1ctil<\/strong><br \/>\nCuenta con una visualizaci\u00f3n de 170\u00b0 y ofrece im\u00e1genes brillantes y n\u00edtidas. Precise Live View le permite obtener una vista previa precisa de la toma antes de tomarla.<\/li>\n<li><strong>El motor de procesamiento de im\u00e1genes EXPEED 5 ofrece una velocidad y un rendimiento incre\u00edbles<\/strong><br \/>\nDesde tomar im\u00e1genes y videos hasta reproducir y transferir datos, este procesador maneja incluso las tareas m\u00e1s exigentes con facilidad.<\/li>\n<li><strong>El visor \u00f3ptico te ayuda a encuadrar la toma<\/strong><br \/>\nProporciona una cobertura del 97 % y un aumento de aproximadamente 0,94x.<\/li>\n<li><strong>Sistema de medici\u00f3n de exposici\u00f3n TTL (a trav\u00e9s de la lente)<\/strong><br \/>\nUtiliza un sensor RGB de 18000 p\u00edxeles para obtener la exposici\u00f3n correcta.<\/li>\n<li><strong>El enfoque autom\u00e1tico de 51 puntos sigue y se fija r\u00e1pidamente en el sujeto<\/strong><br \/>\nLe permite capturar todo con confianza, desde deportes de acci\u00f3n r\u00e1pida hasta vida salvaje en r\u00e1pido movimiento. Los cuatro modos de \u00e1rea de enfoque autom\u00e1tico le permiten seleccionar la configuraci\u00f3n que mejor se adapte a su situaci\u00f3n.<\/li>\n<li><strong>Flash emergente incorporado para una iluminaci\u00f3n adecuada<\/strong><br \/>\nGarantiza fotograf\u00edas correctamente iluminadas y cuenta con una zapata integrada para agregar un flash externo (se vende por separado).<\/li>\n<li><strong>La salida HDMI tipo C facilita la conexi\u00f3n de HDTV<\/strong><br \/>\nConecte f\u00e1cilmente su c\u00e1mara a un HDTV para reproducir pel\u00edculas de inmediato. (Se requiere cable HDMI, se vende por separado).<\/li>\n<li><strong>Ranura de memoria multiformato para almacenar o transferir datos<\/strong><br \/>\nAcepta SD, SDHC y SDXC. ( .)<\/li>\n<\/ul>\n","protected":false},"excerpt":{"rendered":"<p>Tome una amplia gama de fotos con esta c\u00e1mara digital Nikon D7500.\u00a0Incluye una lente VR de 18-140 mm para que pueda disfrutar de tomas de gran angular a retrato, a<\/p>\n","protected":false},"featured_media":93649,"comment_status":"open","ping_status":"closed","template":"","meta":{"_acf_changed":false,"_joinchat":[]},"product_brand":[],"product_cat":[442,284,287,444],"product_tag":[],"class_list":{"0":"post-93648","1":"product","2":"type-product","3":"status-publish","4":"has-post-thumbnail","6":"product_cat-camaras","7":"product_cat-camaras-y-lentes","8":"product_cat-camaras-apunta-dispara","9":"product_cat-todas-las-camaras-y-lentes","11":"first","12":"instock","13":"sale","14":"shipping-taxable","15":"purchasable","16":"product-type-simple"},"acf":[],"_links":{"self":[{"href":"https:\/\/defabrica.com.mx\/defabrica\/wp-json\/wp\/v2\/product\/93648","targetHints":{"allow":["GET"]}}],"collection":[{"href":"https:\/\/defabrica.com.mx\/defabrica\/wp-json\/wp\/v2\/product"}],"about":[{"href":"https:\/\/defabrica.com.mx\/defabrica\/wp-json\/wp\/v2\/types\/product"}],"replies":[{"embeddable":true,"href":"https:\/\/defabrica.com.mx\/defabrica\/wp-json\/wp\/v2\/comments?post=93648"}],"wp:featuredmedia":[{"embeddable":true,"href":"https:\/\/defabrica.com.mx\/defabrica\/wp-json\/wp\/v2\/media\/93649"}],"wp:attachment":[{"href":"https:\/\/defabrica.com.mx\/defabrica\/wp-json\/wp\/v2\/media?parent=93648"}],"wp:term":[{"taxonomy":"product_brand","embeddable":true,"href":"https:\/\/defabrica.com.mx\/defabrica\/wp-json\/wp\/v2\/product_brand?post=93648"},{"taxonomy":"product_cat","embeddable":true,"href":"https:\/\/defabrica.com.mx\/defabrica\/wp-json\/wp\/v2\/product_cat?post=93648"},{"taxonomy":"product_tag","embeddable":true,"href":"https:\/\/defabrica.com.mx\/defabrica\/wp-json\/wp\/v2\/product_tag?post=93648"}],"curies":[{"name":"wp","href":"https:\/\/api.w.org\/{rel}","templated":true}]}}