{"id":93627,"date":"2022-07-26T01:28:10","date_gmt":"2022-07-26T06:28:10","guid":{"rendered":"https:\/\/defabrica.com.mx\/defabrica\/?post_type=product&#038;p=93627"},"modified":"2023-01-19T15:06:30","modified_gmt":"2023-01-19T21:06:30","slug":"dell-gaming-monitor-led-curvo-negro","status":"publish","type":"product","link":"https:\/\/defabrica.com.mx\/defabrica\/producto\/dell-gaming-monitor-led-curvo-negro\/","title":{"rendered":"Dell -Gaming &#8211; Monitor LED curvo- Negro"},"content":{"rendered":"<div class=\"embedded-component-container lv product-description\">\n<div>\n<div id=\"shop-product-description-14802996\" class=\"_none\" data-version=\"1.3.46\">\n<div class=\"shop-product-description\">\n<section class=\"align-heading-left\" data-reactroot=\"\">\n<div class=\"long-description-container body-copy \">\n<div class=\"html-fragment\">Monitor de juegos curvo Full-HD de 27&#8243; con un dise\u00f1o nuevo y audaz. Con frecuencia de actualizaci\u00f3n de 144 Hz y MPRT de 1 ms para una experiencia de juego fluida y envolvente.<\/div>\n<\/div>\n<\/section>\n<\/div>\n<\/div>\n<\/div>\n<\/div>\n<div class=\"embedded-component-container lv product-features\">\n<h3><\/h3>\n<h3 class=\"heading-5 v-fw-regular feature-heading\"><strong>Caracter\u00edsticas<\/strong><\/h3>\n<ul>\n<li><strong>Resoluci\u00f3n Full HD 1920 x 1080<\/strong><br \/>\nAltas resoluciones que brindan una s\u00f3lida experiencia de juego o video sin tensi\u00f3n indebida en su tarjeta gr\u00e1fica.<\/li>\n<li><strong>Frecuencia de actualizaci\u00f3n de 144 Hz y tiempo de respuesta de imagen en movimiento de 1 ms (MPRT)<\/strong><br \/>\nUna frecuencia de actualizaci\u00f3n de 144 Hz combinada con un tiempo de respuesta de 1 ms (MPRT) elimina el desenfoque de movimiento y permite ver im\u00e1genes de movimiento r\u00e1pido con una claridad incre\u00edble.<\/li>\n<li><strong>Monitor con luz de borde LED de 27&#8243;<\/strong><br \/>\nEl tipo de pantalla eficiente utiliza LED para proporcionar retroiluminaci\u00f3n precisa a los p\u00edxeles.<\/li>\n<li><strong>Certificaci\u00f3n compatible con NVIDIA G-SYNC<\/strong><br \/>\nNVIDIA G-SYNC sincroniza las frecuencias de actualizaci\u00f3n entre la GPU y la pantalla, lo que elimina el desgarro de la pantalla y minimiza el parpadeo de la pantalla y el retraso de entrada.<\/li>\n<li><strong>Tecnolog\u00eda premium AMD FreeSync<\/strong><br \/>\nSincroniza a la perfecci\u00f3n la salida de velocidad de fotogramas entre la tarjeta gr\u00e1fica y el monitor. Esta frecuencia de actualizaci\u00f3n din\u00e1mica elimina eficazmente el desgarro, el tartamudeo y las sacudidas de la imagen para una experiencia de juego fluida.<\/li>\n<li><strong>Dise\u00f1o audaz<\/strong><br \/>\nEl dise\u00f1o distintivo y centrado en los juegos ofrece beneficios tanto funcionales como est\u00e9ticos para los jugadores, como un bisel ultradelgado de 3 lados que crea vistas amplias y rejillas de ventilaci\u00f3n de dise\u00f1o \u00fanico ubicadas en la parte posterior que mejoran la dispersi\u00f3n del calor.<\/li>\n<li><strong>Pantalla curva<\/strong><br \/>\nLa pantalla curva 1500R mejora el campo de visi\u00f3n y reduce la distorsi\u00f3n, el deslumbramiento y los reflejos para crear una experiencia de juego verdaderamente inmersiva.<\/li>\n<li><strong>Robusto y elegante<\/strong><br \/>\nEl soporte c\u00f3nico es resistente y elegante, con un tama\u00f1o peque\u00f1o que lo acerca a la acci\u00f3n.<\/li>\n<li><strong>Altura ajustable<\/strong><br \/>\nEl soporte es ajustable en altura, inclinaci\u00f3n, giro y pivote para que pueda jugar con comodidad durante per\u00edodos prolongados.<\/li>\n<li><strong>Funciones personalizables<\/strong><br \/>\nEl joystick y los botones de acceso directo en la parte posterior permiten una f\u00e1cil navegaci\u00f3n y administraci\u00f3n de los men\u00fas OSD. Tres perfiles definidos por el usuario para a\u00fan m\u00e1s opciones de personalizaci\u00f3n. El temporizador, el contador de FPS y el estabilizador oscuro para administrar la velocidad de fotogramas, el brillo y el control de sombras.<\/li>\n<li><strong>Conectividad<\/strong><br \/>\nIncluye 2 puertos HDMI 1.4 y un DisplayPort. (El cable HDMI est\u00e1 incluido en la caja, el cable DisplayPort no est\u00e1 incluido)<\/li>\n<li><strong>ComfortView con pantalla sin parpadeo<\/strong><br \/>\nReduce las emisiones de luz azul y optimiza el confort visual.<\/li>\n<li><strong>Administrador de pantalla Dell<\/strong><br \/>\nCompatible con el software Dell Display Manager para usar la organizaci\u00f3n f\u00e1cil y otras funciones clave (requiere descarga de software)<\/li>\n<li><strong>Compatible con montaje VESA<\/strong><br \/>\nCompatible con soportes VESA, 100 mm x 100 mm<\/li>\n<li><strong>Relaci\u00f3n de contraste de 3000 : 1 (t\u00edpica)<\/strong><br \/>\nGarantiza que las im\u00e1genes sean n\u00edtidas y claras con negros profundos y luces brillantes.<\/li>\n<\/ul>\n<\/div>\n","protected":false},"excerpt":{"rendered":"<p>Monitor de juegos curvo Full-HD de 27&#8243; con un dise\u00f1o nuevo y audaz. Con frecuencia de actualizaci\u00f3n de 144 Hz y MPRT de 1 ms para una experiencia de juego<\/p>\n","protected":false},"featured_media":93628,"comment_status":"open","ping_status":"closed","template":"","meta":{"_acf_changed":false,"_joinchat":[]},"product_brand":[],"product_cat":[277,280,433],"product_tag":[],"class_list":{"0":"post-93627","1":"product","2":"type-product","3":"status-publish","4":"has-post-thumbnail","6":"product_cat-zona-gamer","7":"product_cat-pc-gaming","8":"product_cat-monitores-gamer","10":"first","11":"instock","12":"sale","13":"shipping-taxable","14":"purchasable","15":"product-type-simple"},"acf":[],"_links":{"self":[{"href":"https:\/\/defabrica.com.mx\/defabrica\/wp-json\/wp\/v2\/product\/93627","targetHints":{"allow":["GET"]}}],"collection":[{"href":"https:\/\/defabrica.com.mx\/defabrica\/wp-json\/wp\/v2\/product"}],"about":[{"href":"https:\/\/defabrica.com.mx\/defabrica\/wp-json\/wp\/v2\/types\/product"}],"replies":[{"embeddable":true,"href":"https:\/\/defabrica.com.mx\/defabrica\/wp-json\/wp\/v2\/comments?post=93627"}],"wp:featuredmedia":[{"embeddable":true,"href":"https:\/\/defabrica.com.mx\/defabrica\/wp-json\/wp\/v2\/media\/93628"}],"wp:attachment":[{"href":"https:\/\/defabrica.com.mx\/defabrica\/wp-json\/wp\/v2\/media?parent=93627"}],"wp:term":[{"taxonomy":"product_brand","embeddable":true,"href":"https:\/\/defabrica.com.mx\/defabrica\/wp-json\/wp\/v2\/product_brand?post=93627"},{"taxonomy":"product_cat","embeddable":true,"href":"https:\/\/defabrica.com.mx\/defabrica\/wp-json\/wp\/v2\/product_cat?post=93627"},{"taxonomy":"product_tag","embeddable":true,"href":"https:\/\/defabrica.com.mx\/defabrica\/wp-json\/wp\/v2\/product_tag?post=93627"}],"curies":[{"name":"wp","href":"https:\/\/api.w.org\/{rel}","templated":true}]}}