{"id":93572,"date":"2022-07-26T00:42:28","date_gmt":"2022-07-26T05:42:28","guid":{"rendered":"https:\/\/defabrica.com.mx\/defabrica\/?post_type=product&#038;p=93572"},"modified":"2022-07-26T00:42:28","modified_gmt":"2022-07-26T05:42:28","slug":"hp-monitor-ips-led-fhd-freesync-de-24-hdmi-vga-con-parlantes-integrados-ceramica-blanca","status":"publish","type":"product","link":"https:\/\/defabrica.com.mx\/defabrica\/producto\/hp-monitor-ips-led-fhd-freesync-de-24-hdmi-vga-con-parlantes-integrados-ceramica-blanca\/","title":{"rendered":"HP &#8211; Monitor IPS LED FHD FreeSync de 24&#8243; (HDMI, VGA) con parlantes integrados &#8211; Cer\u00e1mica blanca"},"content":{"rendered":"<div class=\"embedded-component-container lv product-description\">\n<div>\n<div id=\"shop-product-description-97875080\" class=\"_none\" data-version=\"1.3.46\">\n<div class=\"shop-product-description\">\n<section class=\"align-heading-left\" data-reactroot=\"\">\n<div class=\"long-description-container body-copy \">\n<div class=\"html-fragment\"><span>No dar\u00e1 cr\u00e9dito a sus ojos u o\u00eddos: prospere con un monitor que suena tan bien como se ve con audio incorporado para una experiencia completa de trabajo o juego.\u00a0Adem\u00e1s, optimice su configuraci\u00f3n con su perfil delgado, dise\u00f1o moderno e innovadora gesti\u00f3n de cables.\u00a0La nueva definici\u00f3n de alta definici\u00f3n: mire hacia sus sue\u00f1os, este monitor viene con tecnolog\u00eda IPS, una gama de colores sRGB del 99 %, una frecuencia de actualizaci\u00f3n de 75 Hz y AMD FreeSync para mantener sus ojos al d\u00eda con su imaginaci\u00f3n.\u00a0Se siente tan bien como se ve: deje que sus ojos descansen tranquilos todo el d\u00eda con la tecnolog\u00eda certificada HP Eye Ease Eyesafe que no sacrifica la calidad del color.\u00a0Parece tan responsable: monitor dise\u00f1ado teniendo en cuenta la sostenibilidad con pl\u00e1sticos reciclados posconsumo y empaquetado con materiales reciclados.(6) Hacer el bien nunca se vio tan bien.<\/span><\/div>\n<\/div>\n<\/section>\n<\/div>\n<\/div>\n<\/div>\n<\/div>\n<div class=\"embedded-component-container lv product-features\">\n<h3><\/h3>\n<h3 class=\"heading-5 v-fw-regular feature-heading\"><strong>Caracter\u00edsticas<\/strong><\/h3>\n<ul>\n<li><strong>Da un paso hacia lo mejor<\/strong><br \/>\nNo importa d\u00f3nde se encuentre, un monitor HP IPS ofrece im\u00e1genes n\u00edtidas y v\u00edvidas. La tecnolog\u00eda IPS garantiza la precisi\u00f3n y consistencia de la imagen en todo el espectro de visualizaci\u00f3n ultraamplio.<\/li>\n<li><strong>Comparte la vista panor\u00e1mica<\/strong><br \/>\nDetalles vibrantes desde pr\u00e1cticamente cualquier posici\u00f3n con color constante y claridad de imagen mantenida en \u00e1ngulos de visi\u00f3n horizontales y verticales ultra amplios de 178 grados.<\/li>\n<li><strong>Altavoces integrados<\/strong><br \/>\nNo es necesario comprar parlantes externos para un excelente audio. Con altavoces integrados, esta pantalla est\u00e1 lista para funcionar una vez que est\u00e9 conectado.<\/li>\n<li><strong>Color de alta precisi\u00f3n<\/strong><br \/>\nCon un espacio de color sRGB del 99 %, esta pantalla HP ofrece una reproducci\u00f3n de color ideal con un esfuerzo m\u00ednimo. Perfecto para fotos, videos, todos sus proyectos creativos.<\/li>\n<li><strong>Gesti\u00f3n de cables integrada<\/strong><br \/>\nEl paso de cables y cables ubicado en el soporte de exhibici\u00f3n reduce el desorden de cables y ayuda a mantener su espacio de trabajo limpio y organizado.<\/li>\n<li><strong>Tecnolog\u00eda AMD FreeSync<\/strong><br \/>\nVea y sienta la diferencia de un juego fluido y receptivo. Al sincronizar la frecuencia de actualizaci\u00f3n con su GPU, AMD FreeSync hace que el parpadeo de la pantalla, el retraso de entrada y las roturas de la pantalla sean cosa del pasado.<\/li>\n<li><strong>Pantalla de alta definici\u00f3n completa<\/strong><br \/>\nPrep\u00e1rate para im\u00e1genes brillantes e im\u00e1genes n\u00edtidas con la calidad inolvidable de esta impresionante pantalla FHD\/1080p.<\/li>\n<li><strong>Pantalla con microborde de tres lados<\/strong><br \/>\nVea m\u00e1s de su pantalla con una pantalla de microborde de tres lados que maximiza su \u00e1rea de visualizaci\u00f3n.<\/li>\n<li><strong>Una forma m\u00e1s f\u00e1cil de conectarse<\/strong><br \/>\nCon puertos HDMI y VGA, esta pantalla est\u00e1 lista para conectarse para obtener im\u00e1genes brillantes de alta definici\u00f3n a trav\u00e9s de una conexi\u00f3n digital fluida.<\/li>\n<li><strong>Personalice y ajuste f\u00e1cilmente su pantalla<\/strong><br \/>\nPersonalice su pantalla con el software HP Display Center f\u00e1cil e intuitivo que le permite adaptar su configuraci\u00f3n, particionar pantallas e incluso atenuar la pantalla.<\/li>\n<\/ul>\n<\/div>\n","protected":false},"excerpt":{"rendered":"<p>No dar\u00e1 cr\u00e9dito a sus ojos u o\u00eddos: prospere con un monitor que suena tan bien como se ve con audio incorporado para una experiencia completa de trabajo o juego.\u00a0Adem\u00e1s,<\/p>\n","protected":false},"featured_media":93573,"comment_status":"open","ping_status":"closed","template":"","meta":{"_acf_changed":false,"_joinchat":[]},"product_brand":[],"product_cat":[277,280,433],"product_tag":[],"class_list":{"0":"post-93572","1":"product","2":"type-product","3":"status-publish","4":"has-post-thumbnail","6":"product_cat-zona-gamer","7":"product_cat-pc-gaming","8":"product_cat-monitores-gamer","10":"first","11":"instock","12":"sale","13":"shipping-taxable","14":"purchasable","15":"product-type-simple"},"acf":[],"_links":{"self":[{"href":"https:\/\/defabrica.com.mx\/defabrica\/wp-json\/wp\/v2\/product\/93572","targetHints":{"allow":["GET"]}}],"collection":[{"href":"https:\/\/defabrica.com.mx\/defabrica\/wp-json\/wp\/v2\/product"}],"about":[{"href":"https:\/\/defabrica.com.mx\/defabrica\/wp-json\/wp\/v2\/types\/product"}],"replies":[{"embeddable":true,"href":"https:\/\/defabrica.com.mx\/defabrica\/wp-json\/wp\/v2\/comments?post=93572"}],"wp:featuredmedia":[{"embeddable":true,"href":"https:\/\/defabrica.com.mx\/defabrica\/wp-json\/wp\/v2\/media\/93573"}],"wp:attachment":[{"href":"https:\/\/defabrica.com.mx\/defabrica\/wp-json\/wp\/v2\/media?parent=93572"}],"wp:term":[{"taxonomy":"product_brand","embeddable":true,"href":"https:\/\/defabrica.com.mx\/defabrica\/wp-json\/wp\/v2\/product_brand?post=93572"},{"taxonomy":"product_cat","embeddable":true,"href":"https:\/\/defabrica.com.mx\/defabrica\/wp-json\/wp\/v2\/product_cat?post=93572"},{"taxonomy":"product_tag","embeddable":true,"href":"https:\/\/defabrica.com.mx\/defabrica\/wp-json\/wp\/v2\/product_tag?post=93572"}],"curies":[{"name":"wp","href":"https:\/\/api.w.org\/{rel}","templated":true}]}}