{"id":93560,"date":"2022-07-26T00:34:50","date_gmt":"2022-07-26T05:34:50","guid":{"rendered":"https:\/\/defabrica.com.mx\/defabrica\/?post_type=product&#038;p=93560"},"modified":"2022-07-26T00:34:50","modified_gmt":"2022-07-26T05:34:50","slug":"hp-monitor-para-juegos-ips-165hz-uwqhd-hdr-amd-freesync-de-34-negro","status":"publish","type":"product","link":"https:\/\/defabrica.com.mx\/defabrica\/producto\/hp-monitor-para-juegos-ips-165hz-uwqhd-hdr-amd-freesync-de-34-negro\/","title":{"rendered":"HP &#8211; Monitor para juegos IPS 165Hz UWQHD HDR AMD FreeSync de 34&#8243; &#8211; Negro"},"content":{"rendered":"<div class=\"embedded-component-container lv product-description\">\n<div>\n<div id=\"shop-product-description-39456347\" class=\"_none\" data-version=\"1.3.46\">\n<div class=\"shop-product-description\">\n<section class=\"align-heading-left\" data-reactroot=\"\">\n<div class=\"long-description-container body-copy \">\n<div class=\"html-fragment\"><span>La certificaci\u00f3n HP Eye Ease con Eyesafe mantiene fuera la luz azul de alta energ\u00eda y mantiene la precisi\u00f3n del color.(10) Personalice su comodidad con el soporte de altura ajustable.\u00a0Sum\u00e9rgete en a\u00fan m\u00e1s colores y captura toda la acci\u00f3n con \u00e1ngulos de visi\u00f3n ultra amplios de una pantalla IPS con HDR 400 en Ultra?Wide Quad HD (3440 x 144).<\/span><\/div>\n<\/div>\n<\/section>\n<\/div>\n<\/div>\n<\/div>\n<\/div>\n<div class=\"embedded-component-container lv product-features\">\n<h3><\/h3>\n<h3 class=\"heading-5 v-fw-regular feature-heading\"><strong>Caracter\u00edsticas<\/strong><\/h3>\n<ul>\n<li><strong>Pantalla certificada Eyesafe<\/strong><br \/>\nLas pantallas certificadas Eyesafe cumplen con los requisitos de luz azul baja y los est\u00e1ndares Eyesafe para proteger sus ojos de la luz azul da\u00f1ina sin distorsionar los colores.<\/li>\n<li><strong>Ajusta tu vista<\/strong><br \/>\nAjuste su pantalla para una visualizaci\u00f3n c\u00f3moda con las capacidades de ajuste de altura e inclinaci\u00f3n.<\/li>\n<li><strong>Embalaje de origen sostenible<\/strong><br \/>\nHP est\u00e1 innovando nuevas formas de reducir la cantidad de materiales en nuestro embalaje y de utilizar m\u00e1s materiales reciclados en el dise\u00f1o.<\/li>\n<li><strong>Da un paso hacia lo mejor<\/strong><br \/>\nNo importa d\u00f3nde se encuentre, un monitor HP IPS ofrece im\u00e1genes n\u00edtidas y v\u00edvidas. La tecnolog\u00eda IPS garantiza la precisi\u00f3n y consistencia de la imagen en todo el espectro de visualizaci\u00f3n ultraamplio.<\/li>\n<li><strong>Frecuencia de actualizaci\u00f3n de 165 Hz<\/strong><br \/>\nEsta frecuencia de actualizaci\u00f3n ultrarr\u00e1pida pr\u00e1cticamente elimina todos los artefactos y el desenfoque de movimiento para una acci\u00f3n que se ve n\u00edtida y un juego que se siente incre\u00edblemente receptivo.<\/li>\n<li><strong>HDR400<\/strong><br \/>\nIlumina tu pantalla con un panel HDR 400. Transmita juegos y pel\u00edculas HDR con contraste mejorado en su pantalla HDR, creando una experiencia visual v\u00edvida y realista.<\/li>\n<li><strong>Pantalla Ultra WQHD<\/strong><br \/>\nDale a todo tu entretenimiento un nuevo nivel de inmersi\u00f3n con una impresionante resoluci\u00f3n de 3440 x 1440<\/li>\n<li><strong>Tecnolog\u00eda AMD FreeSync Premium<\/strong><br \/>\nJuegue con confianza con una frecuencia de actualizaci\u00f3n alta, una compensaci\u00f3n de velocidad de fotogramas baja y una latencia baja con la tecnolog\u00eda AMD FreeSync Premium<\/li>\n<li><strong>Compatible<\/strong> <strong>con consola<\/strong><br \/>\nSe conecta f\u00e1cilmente con sus consolas de juegos favoritas actuales y de pr\u00f3xima generaci\u00f3n, solo con\u00e9ctelo y juegue.<\/li>\n<li><strong>Tiempo de respuesta de 1 milisegundo con Overdrive<\/strong><br \/>\nLa rapidez con la que sus p\u00edxeles pueden reaccionar a los cuadros cambiantes es fundamental para los juegos de ritmo r\u00e1pido, y un tiempo de respuesta de 1 milisegundo garantiza que incluso los momentos m\u00e1s llenos de acci\u00f3n sean fluidos, n\u00edtidos y sin desenfoque de movimiento.<\/li>\n<li><strong>Tiempo de respuesta de imagen en movimiento<\/strong><br \/>\nReduce en gran medida el desenfoque de movimiento para una experiencia visual m\u00e1s fluida<\/li>\n<li><strong>Centro de juegos OMEN<\/strong><br \/>\nOMEN Gaming Hub es su \u00fanico lugar para todo para mejorar su experiencia de juego. Desde mejoras de software hasta control de hardware y servicios en vivo, OGH eleva el juego de una manera f\u00e1cil y sencilla.<\/li>\n<li><strong>Color de alta precisi\u00f3n<\/strong><br \/>\nCon un espacio de color sRGB del 99 %, esta pantalla HP ofrece una reproducci\u00f3n de color ideal con un esfuerzo m\u00ednimo. Perfecto para fotos, videos, todos sus proyectos creativos.<\/li>\n<li><strong>Fuera del escritorio y en la pared<\/strong><br \/>\nLa pantalla est\u00e1 equipada con montaje VESA est\u00e1ndar para exhibir en una pared o en un brazo giratorio.<\/li>\n<li><strong>Pantalla con microborde de tres lados<\/strong><br \/>\nVea m\u00e1s de su pantalla con una pantalla de microborde de tres lados que maximiza su \u00e1rea de visualizaci\u00f3n<\/li>\n<\/ul>\n<\/div>\n","protected":false},"excerpt":{"rendered":"<p>La certificaci\u00f3n HP Eye Ease con Eyesafe mantiene fuera la luz azul de alta energ\u00eda y mantiene la precisi\u00f3n del color.(10) Personalice su comodidad con el soporte de altura ajustable.\u00a0Sum\u00e9rgete<\/p>\n","protected":false},"featured_media":93561,"comment_status":"open","ping_status":"closed","template":"","meta":{"_acf_changed":false,"_joinchat":[]},"product_brand":[],"product_cat":[277,280,433],"product_tag":[],"class_list":{"0":"post-93560","1":"product","2":"type-product","3":"status-publish","4":"has-post-thumbnail","6":"product_cat-zona-gamer","7":"product_cat-pc-gaming","8":"product_cat-monitores-gamer","10":"first","11":"instock","12":"sale","13":"shipping-taxable","14":"purchasable","15":"product-type-simple"},"acf":[],"_links":{"self":[{"href":"https:\/\/defabrica.com.mx\/defabrica\/wp-json\/wp\/v2\/product\/93560","targetHints":{"allow":["GET"]}}],"collection":[{"href":"https:\/\/defabrica.com.mx\/defabrica\/wp-json\/wp\/v2\/product"}],"about":[{"href":"https:\/\/defabrica.com.mx\/defabrica\/wp-json\/wp\/v2\/types\/product"}],"replies":[{"embeddable":true,"href":"https:\/\/defabrica.com.mx\/defabrica\/wp-json\/wp\/v2\/comments?post=93560"}],"wp:featuredmedia":[{"embeddable":true,"href":"https:\/\/defabrica.com.mx\/defabrica\/wp-json\/wp\/v2\/media\/93561"}],"wp:attachment":[{"href":"https:\/\/defabrica.com.mx\/defabrica\/wp-json\/wp\/v2\/media?parent=93560"}],"wp:term":[{"taxonomy":"product_brand","embeddable":true,"href":"https:\/\/defabrica.com.mx\/defabrica\/wp-json\/wp\/v2\/product_brand?post=93560"},{"taxonomy":"product_cat","embeddable":true,"href":"https:\/\/defabrica.com.mx\/defabrica\/wp-json\/wp\/v2\/product_cat?post=93560"},{"taxonomy":"product_tag","embeddable":true,"href":"https:\/\/defabrica.com.mx\/defabrica\/wp-json\/wp\/v2\/product_tag?post=93560"}],"curies":[{"name":"wp","href":"https:\/\/api.w.org\/{rel}","templated":true}]}}