{"id":93518,"date":"2022-07-26T00:08:58","date_gmt":"2022-07-26T05:08:58","guid":{"rendered":"https:\/\/defabrica.com.mx\/defabrica\/?post_type=product&#038;p=93518"},"modified":"2023-01-19T14:44:52","modified_gmt":"2023-01-19T20:44:52","slug":"gigabyte-g27qc-a-27-led-curvo-qhd-adaptive-sync-gaming-monitor-con-hdr-hdmi-displayport-usb-negro","status":"publish","type":"product","link":"https:\/\/defabrica.com.mx\/defabrica\/producto\/gigabyte-g27qc-a-27-led-curvo-qhd-adaptive-sync-gaming-monitor-con-hdr-hdmi-displayport-usb-negro\/","title":{"rendered":"GIGABYTE G27QC A 27&#8243; LED curvo QHD Adaptive Sync Gaming Monitor con HDR (HDMI, DisplayPort, USB) &#8211; Negro"},"content":{"rendered":"<div class=\"embedded-component-container lv product-description\">\n<div>\n<div id=\"shop-product-description-56842462\" class=\"_none\" data-version=\"1.3.46\">\n<div class=\"shop-product-description\">\n<section class=\"align-heading-left\" data-reactroot=\"\">\n<div class=\"long-description-container body-copy \">\n<div class=\"html-fragment\">Los monitores para juegos GIGABYTE incluyen un rendimiento superior en un paquete optimizado.\u00a0El G27QC A brinda una experiencia inmersiva a trav\u00e9s de un juego fluido con un tiempo de respuesta de 1 ms, una frecuencia de actualizaci\u00f3n de 165 Hz y el software de utilidad AORUS.<\/div>\n<\/div>\n<\/section>\n<\/div>\n<\/div>\n<\/div>\n<\/div>\n<div class=\"embedded-component-container lv product-features\">\n<h3><\/h3>\n<h3 class=\"heading-5 v-fw-regular feature-heading\"><strong>Caracter\u00edsticas<\/strong><\/h3>\n<ul>\n<li><strong>tama\u00f1o de la pantalla<\/strong><br \/>\nPanel VA de 27 pulgadas<\/li>\n<li><strong>Resoluci\u00f3n de pantalla<\/strong><br \/>\nPantalla 2K 2560&#215;1440 VA<\/li>\n<li><strong>Frecuencia de actualizaci\u00f3n<\/strong><br \/>\nFrecuencia de actualizaci\u00f3n de 165 Hz<\/li>\n<li><strong>Tiempo de respuesta<\/strong><br \/>\nTiempo de respuesta de 1 ms (MPRT)<\/li>\n<li><strong>Listo para HDR<\/strong><br \/>\nStudio Grade HDR Ready y 92 % DCI-P3 (120 % sRGB) Gama de colores<\/li>\n<li><strong>Premium de AMD FreeSync<\/strong><br \/>\nJugabilidad fluida con AMD FreeSync Premium<\/li>\n<li><strong>Juego por encima de la curva<\/strong><br \/>\nCurvatura nativa 1500R<\/li>\n<li><strong>Funci\u00f3n de juego<\/strong><br \/>\nCaracter\u00edsticas t\u00e1cticas cl\u00e1sicas de GIGABYTE con OSD Sidekick<\/li>\n<li><strong>Ajustes de soporte<\/strong><br \/>\nSoporte ajustable de inclinaci\u00f3n y cabeza<\/li>\n<li><strong>Entrada de pantalla<\/strong><br \/>\n1 puerto de pantalla 1.4, 2 HDMI 2.0, 2 USB 3.0<\/li>\n<li><strong>Montaje VESA<\/strong><br \/>\nCompatible con soporte de pared VESA 100x100mm<\/li>\n<li><strong>Filtro de luz azul<\/strong><br \/>\nLuz azul baja y sin parpadeo<\/li>\n<li><strong>Garant\u00eda<\/strong><br \/>\n3 a\u00f1os de garant\u00eda, piezas y mano de obra<\/li>\n<\/ul>\n<\/div>\n","protected":false},"excerpt":{"rendered":"<p>Los monitores para juegos GIGABYTE incluyen un rendimiento superior en un paquete optimizado.\u00a0El G27QC A brinda una experiencia inmersiva a trav\u00e9s de un juego fluido con un tiempo de respuesta<\/p>\n","protected":false},"featured_media":93519,"comment_status":"open","ping_status":"closed","template":"","meta":{"_acf_changed":false,"_joinchat":[]},"product_brand":[],"product_cat":[277,280,433],"product_tag":[],"class_list":{"0":"post-93518","1":"product","2":"type-product","3":"status-publish","4":"has-post-thumbnail","6":"product_cat-zona-gamer","7":"product_cat-pc-gaming","8":"product_cat-monitores-gamer","10":"first","11":"instock","12":"sale","13":"shipping-taxable","14":"purchasable","15":"product-type-simple"},"acf":[],"_links":{"self":[{"href":"https:\/\/defabrica.com.mx\/defabrica\/wp-json\/wp\/v2\/product\/93518","targetHints":{"allow":["GET"]}}],"collection":[{"href":"https:\/\/defabrica.com.mx\/defabrica\/wp-json\/wp\/v2\/product"}],"about":[{"href":"https:\/\/defabrica.com.mx\/defabrica\/wp-json\/wp\/v2\/types\/product"}],"replies":[{"embeddable":true,"href":"https:\/\/defabrica.com.mx\/defabrica\/wp-json\/wp\/v2\/comments?post=93518"}],"wp:featuredmedia":[{"embeddable":true,"href":"https:\/\/defabrica.com.mx\/defabrica\/wp-json\/wp\/v2\/media\/93519"}],"wp:attachment":[{"href":"https:\/\/defabrica.com.mx\/defabrica\/wp-json\/wp\/v2\/media?parent=93518"}],"wp:term":[{"taxonomy":"product_brand","embeddable":true,"href":"https:\/\/defabrica.com.mx\/defabrica\/wp-json\/wp\/v2\/product_brand?post=93518"},{"taxonomy":"product_cat","embeddable":true,"href":"https:\/\/defabrica.com.mx\/defabrica\/wp-json\/wp\/v2\/product_cat?post=93518"},{"taxonomy":"product_tag","embeddable":true,"href":"https:\/\/defabrica.com.mx\/defabrica\/wp-json\/wp\/v2\/product_tag?post=93518"}],"curies":[{"name":"wp","href":"https:\/\/api.w.org\/{rel}","templated":true}]}}