{"id":93493,"date":"2022-07-25T23:54:27","date_gmt":"2022-07-26T04:54:27","guid":{"rendered":"https:\/\/defabrica.com.mx\/defabrica\/?post_type=product&#038;p=93493"},"modified":"2023-01-19T14:41:21","modified_gmt":"2023-01-19T20:41:21","slug":"msi-optix-monitor-led-curvo-fhd-freesync-de-27-con-altura-inclinacion-giro-displayport-hdmi-negro","status":"publish","type":"product","link":"https:\/\/defabrica.com.mx\/defabrica\/producto\/msi-optix-monitor-led-curvo-fhd-freesync-de-27-con-altura-inclinacion-giro-displayport-hdmi-negro\/","title":{"rendered":"MSI &#8211; Optix Monitor LED curvo FHD FreeSync de 27&#8243; con altura, inclinaci\u00f3n, giro (DisplayPort, HDMI) &#8211; Negro"},"content":{"rendered":"<div class=\"embedded-component-container lv product-description\">\n<div>\n<div id=\"shop-product-description-11811712\" class=\"_none\" data-version=\"1.3.46\">\n<div class=\"shop-product-description\">\n<section class=\"align-heading-left\" data-reactroot=\"\">\n<div class=\"long-description-container body-copy \">\n<div class=\"html-fragment\">Disfruta de im\u00e1genes detalladas mientras juegas con este monitor MSI Optix Full HD 165hz curvo 1000R de 27 pulgadas.\u00a0El tiempo de respuesta de 1 ms minimiza el desenfoque, las rayas y las im\u00e1genes fantasma para un juego fluido, mientras que la tecnolog\u00eda AMD FreeSync elimina el retraso de entrada para im\u00e1genes sin interrupciones y sin interrupciones.\u00a0Este monitor MSI Optix Full HD tiene un soporte ergon\u00f3mico con configuraciones de inclinaci\u00f3n y elevaci\u00f3n para crear una configuraci\u00f3n personalizada, y la compatibilidad con el montaje VESA permite la instalaci\u00f3n en una pared.<\/div>\n<\/div>\n<\/section>\n<\/div>\n<\/div>\n<\/div>\n<\/div>\n<div class=\"embedded-component-container lv product-features\">\n<h3><\/h3>\n<h3 class=\"heading-5 v-fw-regular feature-heading\"><strong>Caracter\u00edsticas<\/strong><\/h3>\n<ul>\n<li><strong>Resoluci\u00f3n Full HD 1920 x 1080<\/strong><br \/>\nAltas resoluciones que brindan una s\u00f3lida experiencia de juego o video sin tensi\u00f3n indebida en su tarjeta gr\u00e1fica.<\/li>\n<li><strong>Tiempo de respuesta de 1ms<\/strong><br \/>\nOfrece un rendimiento ultrarr\u00e1pido, minimizando el retraso y el tiempo de visualizaci\u00f3n.<\/li>\n<li><strong>Frecuencia de actualizaci\u00f3n de 165 Hz<\/strong><br \/>\nOfrece un rendimiento potente para que pueda aprovechar al m\u00e1ximo sus juegos y videos.<\/li>\n<li><strong>Monitor LED antideslumbrante de 27&#8243;<\/strong><br \/>\nEl tipo de pantalla eficiente utiliza LED para proporcionar retroiluminaci\u00f3n precisa a los p\u00edxeles.<\/li>\n<li><strong>pantalla curva<\/strong><br \/>\nProporciona una inmersi\u00f3n adicional para jugar o mirar videos.<\/li>\n<li><strong>Tecnolog\u00eda FreeSync<\/strong><br \/>\nTecnolog\u00eda de sincronizaci\u00f3n adaptativa que iguala la velocidad de fotogramas del monitor con cualquier tarjeta gr\u00e1fica AMD compatible.<\/li>\n<li><strong>2 entradas HDMI y DisplayPort<\/strong><br \/>\nLe permite configurar reproductores de DVD y otras fuentes AV para obtener una se\u00f1al de audio y video clara y de alta calidad.<\/li>\n<li><strong>\u00c1ngulos de visi\u00f3n horizontal y vertical de 178\u00b0<\/strong><br \/>\nLe permite ver la pantalla desde una amplia gama de \u00e1ngulos.<\/li>\n<li><strong>Relaci\u00f3n de contraste din\u00e1mico de 100 000 000:1 (3000:1 t\u00edpica)<\/strong><br \/>\nGarantiza que las im\u00e1genes sean n\u00edtidas y claras con negros profundos y luces brillantes.<\/li>\n<li><strong>Brillo de 250 cd\/m\u00b2<\/strong><br \/>\nGarantiza que las im\u00e1genes sean claras y se puedan ver en toda la habitaci\u00f3n.<\/li>\n<\/ul>\n<\/div>\n","protected":false},"excerpt":{"rendered":"<p>Disfruta de im\u00e1genes detalladas mientras juegas con este monitor MSI Optix Full HD 165hz curvo 1000R de 27 pulgadas.\u00a0El tiempo de respuesta de 1 ms minimiza el desenfoque, las rayas<\/p>\n","protected":false},"featured_media":93496,"comment_status":"open","ping_status":"closed","template":"","meta":{"_acf_changed":false,"_joinchat":[]},"product_brand":[],"product_cat":[277,280,433],"product_tag":[],"class_list":{"0":"post-93493","1":"product","2":"type-product","3":"status-publish","4":"has-post-thumbnail","6":"product_cat-zona-gamer","7":"product_cat-pc-gaming","8":"product_cat-monitores-gamer","10":"first","11":"instock","12":"sale","13":"shipping-taxable","14":"purchasable","15":"product-type-simple"},"acf":[],"_links":{"self":[{"href":"https:\/\/defabrica.com.mx\/defabrica\/wp-json\/wp\/v2\/product\/93493","targetHints":{"allow":["GET"]}}],"collection":[{"href":"https:\/\/defabrica.com.mx\/defabrica\/wp-json\/wp\/v2\/product"}],"about":[{"href":"https:\/\/defabrica.com.mx\/defabrica\/wp-json\/wp\/v2\/types\/product"}],"replies":[{"embeddable":true,"href":"https:\/\/defabrica.com.mx\/defabrica\/wp-json\/wp\/v2\/comments?post=93493"}],"wp:featuredmedia":[{"embeddable":true,"href":"https:\/\/defabrica.com.mx\/defabrica\/wp-json\/wp\/v2\/media\/93496"}],"wp:attachment":[{"href":"https:\/\/defabrica.com.mx\/defabrica\/wp-json\/wp\/v2\/media?parent=93493"}],"wp:term":[{"taxonomy":"product_brand","embeddable":true,"href":"https:\/\/defabrica.com.mx\/defabrica\/wp-json\/wp\/v2\/product_brand?post=93493"},{"taxonomy":"product_cat","embeddable":true,"href":"https:\/\/defabrica.com.mx\/defabrica\/wp-json\/wp\/v2\/product_cat?post=93493"},{"taxonomy":"product_tag","embeddable":true,"href":"https:\/\/defabrica.com.mx\/defabrica\/wp-json\/wp\/v2\/product_tag?post=93493"}],"curies":[{"name":"wp","href":"https:\/\/api.w.org\/{rel}","templated":true}]}}