{"id":93470,"date":"2022-07-25T21:24:34","date_gmt":"2022-07-26T02:24:34","guid":{"rendered":"https:\/\/defabrica.com.mx\/defabrica\/?post_type=product&#038;p=93470"},"modified":"2023-01-19T14:39:23","modified_gmt":"2023-01-19T20:39:23","slug":"lenovo-g25-10-monitor-led-fhd-freesync-y-g-sync-compatible-hdmi-de-245-negro-cuervo","status":"publish","type":"product","link":"https:\/\/defabrica.com.mx\/defabrica\/producto\/lenovo-g25-10-monitor-led-fhd-freesync-y-g-sync-compatible-hdmi-de-245-negro-cuervo\/","title":{"rendered":"Lenovo &#8211; G25-10 Monitor LED FHD FreeSync y G-SYNC compatible (HDMI) de 24,5&#8243; &#8211; Negro cuervo"},"content":{"rendered":"<p>Aumente su entusiasmo por los juegos con este monitor para juegos de Lenovo.\u00a0La pantalla de 24,5 pulgadas cuenta con una resoluci\u00f3n de 1920 x 1080 y biseles NearEdgeless, mientras que una frecuencia de actualizaci\u00f3n de 144 MHz elimina el retraso durante el juego intenso.\u00a0Este monitor de Lenovo funciona con la tecnolog\u00eda AMD FreeSync, y el filtro de luz azul y el soporte de altura ajustable brindan horas de comodidad para jugar.<\/p>\n<h3 class=\"heading-5 v-fw-regular feature-heading\">Caracter\u00edsticas<\/h3>\n<ul>\n<li><strong>Resoluci\u00f3n Full HD 1920 x 1080<\/strong><br \/>\nAltas resoluciones que brindan una s\u00f3lida experiencia de juego o video sin tensi\u00f3n indebida en su tarjeta gr\u00e1fica.<\/li>\n<li><strong>Tiempo de respuesta de 1ms<\/strong><br \/>\nOfrece un rendimiento ultrarr\u00e1pido, minimizando el retraso y el tiempo de visualizaci\u00f3n.<\/li>\n<li><strong>Frecuencia de actualizaci\u00f3n de 144 Hz<\/strong><br \/>\nOfrece un rendimiento potente para que pueda aprovechar al m\u00e1ximo sus juegos y videos.<\/li>\n<li><strong>Monitor LED antideslumbrante de 24,5&#8243;<\/strong><br \/>\nEl tipo de pantalla eficiente utiliza LED para proporcionar retroiluminaci\u00f3n precisa a los p\u00edxeles.<\/li>\n<li><strong>Entradas HDMI y DisplayPort<\/strong><br \/>\nLe permite configurar reproductores de DVD y otras fuentes AV para obtener una se\u00f1al de audio y video clara y de alta calidad.<\/li>\n<li><strong>\u00c1ngulos de visi\u00f3n de 170\u00b0 horizontal y 160\u00b0 vertical<\/strong><br \/>\nLe permite ver la pantalla desde una amplia gama de \u00e1ngulos.<\/li>\n<li><strong>Relaci\u00f3n de contraste din\u00e1mico de 3,000,000:1 (1,000:1 t\u00edpico)<\/strong><br \/>\nGarantiza que las im\u00e1genes sean n\u00edtidas y claras con negros profundos y luces brillantes.<\/li>\n<li><strong>Brillo de 400 cd\/m\u00b2<\/strong><br \/>\nProduce im\u00e1genes brillantes que se pueden ver claramente incluso en habitaciones bien iluminadas.<\/li>\n<\/ul>\n","protected":false},"excerpt":{"rendered":"<p>Aumente su entusiasmo por los juegos con este monitor para juegos de Lenovo.\u00a0La pantalla de 24,5 pulgadas cuenta con una resoluci\u00f3n de 1920 x 1080 y biseles NearEdgeless, mientras que<\/p>\n","protected":false},"featured_media":93471,"comment_status":"open","ping_status":"closed","template":"","meta":{"_acf_changed":false,"_joinchat":[]},"product_brand":[],"product_cat":[277,280,433],"product_tag":[],"class_list":{"0":"post-93470","1":"product","2":"type-product","3":"status-publish","4":"has-post-thumbnail","6":"product_cat-zona-gamer","7":"product_cat-pc-gaming","8":"product_cat-monitores-gamer","10":"first","11":"instock","12":"sale","13":"shipping-taxable","14":"purchasable","15":"product-type-simple"},"acf":[],"_links":{"self":[{"href":"https:\/\/defabrica.com.mx\/defabrica\/wp-json\/wp\/v2\/product\/93470","targetHints":{"allow":["GET"]}}],"collection":[{"href":"https:\/\/defabrica.com.mx\/defabrica\/wp-json\/wp\/v2\/product"}],"about":[{"href":"https:\/\/defabrica.com.mx\/defabrica\/wp-json\/wp\/v2\/types\/product"}],"replies":[{"embeddable":true,"href":"https:\/\/defabrica.com.mx\/defabrica\/wp-json\/wp\/v2\/comments?post=93470"}],"wp:featuredmedia":[{"embeddable":true,"href":"https:\/\/defabrica.com.mx\/defabrica\/wp-json\/wp\/v2\/media\/93471"}],"wp:attachment":[{"href":"https:\/\/defabrica.com.mx\/defabrica\/wp-json\/wp\/v2\/media?parent=93470"}],"wp:term":[{"taxonomy":"product_brand","embeddable":true,"href":"https:\/\/defabrica.com.mx\/defabrica\/wp-json\/wp\/v2\/product_brand?post=93470"},{"taxonomy":"product_cat","embeddable":true,"href":"https:\/\/defabrica.com.mx\/defabrica\/wp-json\/wp\/v2\/product_cat?post=93470"},{"taxonomy":"product_tag","embeddable":true,"href":"https:\/\/defabrica.com.mx\/defabrica\/wp-json\/wp\/v2\/product_tag?post=93470"}],"curies":[{"name":"wp","href":"https:\/\/api.w.org\/{rel}","templated":true}]}}