{"id":93423,"date":"2022-07-25T20:53:16","date_gmt":"2022-07-26T01:53:16","guid":{"rendered":"https:\/\/defabrica.com.mx\/defabrica\/?post_type=product&#038;p=93423"},"modified":"2023-01-19T14:35:03","modified_gmt":"2023-01-19T20:35:03","slug":"lg-ultragear-32-led-qhd-amd-freesync-premium-con-hdr-10-displayport-hdmi-negro","status":"publish","type":"product","link":"https:\/\/defabrica.com.mx\/defabrica\/producto\/lg-ultragear-32-led-qhd-amd-freesync-premium-con-hdr-10-displayport-hdmi-negro\/","title":{"rendered":"LG &#8211; UltraGear 32\u201d LED QHD AMD FreeSync Premium con HDR 10 (DisplayPort, HDMI) &#8211; Negro"},"content":{"rendered":"<div class=\"embedded-component-container lv product-description\">\n<div>\n<div id=\"shop-product-description-68128583\" class=\"_none\" data-version=\"1.3.46\">\n<div class=\"shop-product-description\">\n<section class=\"align-heading-left\" data-reactroot=\"\">\n<div class=\"long-description-container body-copy \">\n<div class=\"html-fragment\">Juegos puros de nivel profesional.\u00a0Juega como un profesional con el monitor para juegos UltraGear de 32&#8243; de LG. Intensidad de color con resoluci\u00f3n QHD (2560 x 1440) e incre\u00edbles tasas de respuesta de 1 ms. Con control de juego personalizado, frecuencias de actualizaci\u00f3n ultrarr\u00e1pidas de 165 Hz y AMD FeeSync\u2122 para minimizar el desgarro y el tartamudeo, todo en un dise\u00f1o pr\u00e1cticamente sin bordes con un soporte ajustable en inclinaci\u00f3n, altura y pivote.<\/div>\n<\/div>\n<\/section>\n<\/div>\n<\/div>\n<\/div>\n<\/div>\n<div class=\"embedded-component-container lv product-features\">\n<h3><\/h3>\n<h3 class=\"heading-5 v-fw-regular feature-heading\"><strong>Caracter\u00edsticas<\/strong><\/h3>\n<ul>\n<li><strong>Resoluci\u00f3n QHD de 32&#8243;<\/strong><br \/>\nMira c\u00f3mo los juegos cobran vida con vibrante claridad y detalle QHD. La resoluci\u00f3n precisa de 2560 x 1440 y el impresionante tama\u00f1o de pantalla de 31,5\u201d se combinan para brindar una experiencia de juego inmersiva y emocionante.<\/li>\n<li><strong>Frecuencia de actualizaci\u00f3n de 144 hz<\/strong><br \/>\nExperimente una acci\u00f3n de juego m\u00e1s fluida y clara con una frecuencia de actualizaci\u00f3n de 165 Hz, notablemente m\u00e1s fluida y clara en comparaci\u00f3n con el juego en monitores con frecuencias de actualizaci\u00f3n de 60 Hz o 75 Hz.<\/li>\n<li><strong>AMD FreeSync\u2122<\/strong><br \/>\nAMD FreeSync\u2122 reduce el desgarro y la intermitencia que se producen entre la velocidad de fotogramas de una tarjeta gr\u00e1fica y la frecuencia de actualizaci\u00f3n de un monitor, lo que permite un movimiento m\u00e1s fluido y menos intermitencias en juegos exigentes.<\/li>\n<li><strong>Dise\u00f1o pr\u00e1cticamente sin bordes<\/strong><br \/>\nEl bisel ultradelgado en tres lados de esta pantalla optimizada ajustable en inclinaci\u00f3n, altura y pivote ofrece una experiencia visual pr\u00e1cticamente sin bordes, sin distracciones de la imagen precisa y hermosa. Una adici\u00f3n elegante a cualquier escritorio.<\/li>\n<li><strong>Compatible con HDR10<\/strong><br \/>\nHDR10 eleva la calidad de la imagen para una experiencia de inmersi\u00f3n visual m\u00e1s din\u00e1mica y un color mejorado del contenido HDR. HDR10 es el est\u00e1ndar HDR digital basado en la gama de colores sRGB 95 %. Una verdadera diferencia en color y brillo.<\/li>\n<\/ul>\n<\/div>\n","protected":false},"excerpt":{"rendered":"<p>Juegos puros de nivel profesional.\u00a0Juega como un profesional con el monitor para juegos UltraGear de 32&#8243; de LG. Intensidad de color con resoluci\u00f3n QHD (2560 x 1440) e incre\u00edbles tasas<\/p>\n","protected":false},"featured_media":93425,"comment_status":"open","ping_status":"closed","template":"","meta":{"_acf_changed":false,"_joinchat":[]},"product_brand":[],"product_cat":[277,280,433],"product_tag":[],"class_list":{"0":"post-93423","1":"product","2":"type-product","3":"status-publish","4":"has-post-thumbnail","6":"product_cat-zona-gamer","7":"product_cat-pc-gaming","8":"product_cat-monitores-gamer","10":"first","11":"instock","12":"sale","13":"shipping-taxable","14":"purchasable","15":"product-type-simple"},"acf":[],"_links":{"self":[{"href":"https:\/\/defabrica.com.mx\/defabrica\/wp-json\/wp\/v2\/product\/93423","targetHints":{"allow":["GET"]}}],"collection":[{"href":"https:\/\/defabrica.com.mx\/defabrica\/wp-json\/wp\/v2\/product"}],"about":[{"href":"https:\/\/defabrica.com.mx\/defabrica\/wp-json\/wp\/v2\/types\/product"}],"replies":[{"embeddable":true,"href":"https:\/\/defabrica.com.mx\/defabrica\/wp-json\/wp\/v2\/comments?post=93423"}],"wp:featuredmedia":[{"embeddable":true,"href":"https:\/\/defabrica.com.mx\/defabrica\/wp-json\/wp\/v2\/media\/93425"}],"wp:attachment":[{"href":"https:\/\/defabrica.com.mx\/defabrica\/wp-json\/wp\/v2\/media?parent=93423"}],"wp:term":[{"taxonomy":"product_brand","embeddable":true,"href":"https:\/\/defabrica.com.mx\/defabrica\/wp-json\/wp\/v2\/product_brand?post=93423"},{"taxonomy":"product_cat","embeddable":true,"href":"https:\/\/defabrica.com.mx\/defabrica\/wp-json\/wp\/v2\/product_cat?post=93423"},{"taxonomy":"product_tag","embeddable":true,"href":"https:\/\/defabrica.com.mx\/defabrica\/wp-json\/wp\/v2\/product_tag?post=93423"}],"curies":[{"name":"wp","href":"https:\/\/api.w.org\/{rel}","templated":true}]}}