{"id":93411,"date":"2022-07-25T20:45:26","date_gmt":"2022-07-26T01:45:26","guid":{"rendered":"https:\/\/defabrica.com.mx\/defabrica\/?post_type=product&#038;p=93411"},"modified":"2023-01-19T14:33:58","modified_gmt":"2023-01-19T20:33:58","slug":"lg-monitor-para-juegos-ultragear-qhd-ips-de-27-con-compatibilidad-g-sync-negro","status":"publish","type":"product","link":"https:\/\/defabrica.com.mx\/defabrica\/producto\/lg-monitor-para-juegos-ultragear-qhd-ips-de-27-con-compatibilidad-g-sync-negro\/","title":{"rendered":"LG &#8211; Monitor para juegos UltraGear QHD IPS de 27&#8243; con compatibilidad G-SYNC &#8211; Negro"},"content":{"rendered":"<div class=\"embedded-component-container lv product-description\">\n<div>\n<div id=\"shop-product-description-75359980\" class=\"_none\" data-version=\"1.3.46\">\n<div class=\"shop-product-description\">\n<section class=\"align-heading-left\" data-reactroot=\"\">\n<div class=\"long-description-container body-copy \">\n<div class=\"html-fragment\">Juegos puros de nivel profesional.\u00a0Juega como un profesional con el monitor para juegos UltraGear de 27&#8243; de LG. Intensidad de color y pureza de una pantalla IPS con resoluci\u00f3n QHD (2560 x 1440) e incre\u00edbles tasas de respuesta de 1 ms. Con control de juego personalizado, frecuencias de actualizaci\u00f3n r\u00e1pidas de 144 Hz y NVIDIA G-SYNC Compatible con AMD FreeSync Premium para minimizar el desgarro y el tartamudeo, todo en un dise\u00f1o pr\u00e1cticamente sin bordes.<\/div>\n<\/div>\n<\/section>\n<\/div>\n<\/div>\n<\/div>\n<\/div>\n<div class=\"embedded-component-container lv product-features\">\n<h3 class=\"heading-5 v-fw-regular feature-heading\">Caracter\u00edsticas<\/h3>\n<ul>\n<li><strong>Monitor HDR de 27\u201d QHD IPS 1ms 144Hz<\/strong><br \/>\nCon una relaci\u00f3n de pantalla de 27&#8243; y 16:9, la pantalla IPS UltraGear\u2122 QHD (2560 x 1440) de LG presenta colores verdaderos y realistas, contraste, claridad y detalles mejorados, al tiempo que ofrece tasas de respuesta ultrarr\u00e1pidas.<\/li>\n<li><strong>Tiempo de respuesta de 1 ms y frecuencia de actualizaci\u00f3n de 144 Hz<\/strong><br \/>\nUna frecuencia de actualizaci\u00f3n de 144 Hz muestra menos desenfoque de movimiento y un movimiento suave. Y con un tiempo de respuesta de 1 ms, los jugadores ver\u00e1n acci\u00f3n r\u00e1pida, obst\u00e1culos y oponentes casi en tiempo real para obtener una clara ventaja.<\/li>\n<li><strong>NVIDIA G-SYNC Compatible con AMD FreeSync Premium<\/strong><br \/>\nLa tecnolog\u00eda de juego m\u00e1s r\u00e1pida y fluida est\u00e1 integrada con NVIDIA G-SYNC verificado y AMD FreeSync Premium, tecnolog\u00edas que reducen el desgarro de la pantalla y minimizan el parpadeo y el retraso de entrada al sincronizar las frecuencias de actualizaci\u00f3n del monitor con la tarjeta gr\u00e1fica.<\/li>\n<li><strong>Compatibilidad con HDR10<\/strong><br \/>\nHDR10 eleva la calidad de la imagen para una experiencia de inmersi\u00f3n visual m\u00e1s din\u00e1mica y un color mejorado del contenido HDR. HDR10 es el est\u00e1ndar HDR digital basado en la gama de colores sRGB 99% que ofrece una verdadera diferencia en color y brillo.<\/li>\n<li><strong>Pantalla pr\u00e1cticamente sin bordes<\/strong><br \/>\nHermoso y pr\u00e1cticamente sin bisel. Mant\u00e9ngase en el juego con una pantalla pr\u00e1cticamente sin bordes en tres lados y un dise\u00f1o curvo que lo mantiene inmerso en cada momento.<\/li>\n<\/ul>\n<\/div>\n","protected":false},"excerpt":{"rendered":"<p>Juegos puros de nivel profesional.\u00a0Juega como un profesional con el monitor para juegos UltraGear de 27&#8243; de LG. Intensidad de color y pureza de una pantalla IPS con resoluci\u00f3n QHD<\/p>\n","protected":false},"featured_media":93412,"comment_status":"open","ping_status":"closed","template":"","meta":{"_acf_changed":false,"_joinchat":[]},"product_brand":[],"product_cat":[277,280,433],"product_tag":[],"class_list":{"0":"post-93411","1":"product","2":"type-product","3":"status-publish","4":"has-post-thumbnail","6":"product_cat-zona-gamer","7":"product_cat-pc-gaming","8":"product_cat-monitores-gamer","10":"first","11":"instock","12":"sale","13":"shipping-taxable","14":"purchasable","15":"product-type-simple"},"acf":[],"_links":{"self":[{"href":"https:\/\/defabrica.com.mx\/defabrica\/wp-json\/wp\/v2\/product\/93411","targetHints":{"allow":["GET"]}}],"collection":[{"href":"https:\/\/defabrica.com.mx\/defabrica\/wp-json\/wp\/v2\/product"}],"about":[{"href":"https:\/\/defabrica.com.mx\/defabrica\/wp-json\/wp\/v2\/types\/product"}],"replies":[{"embeddable":true,"href":"https:\/\/defabrica.com.mx\/defabrica\/wp-json\/wp\/v2\/comments?post=93411"}],"wp:featuredmedia":[{"embeddable":true,"href":"https:\/\/defabrica.com.mx\/defabrica\/wp-json\/wp\/v2\/media\/93412"}],"wp:attachment":[{"href":"https:\/\/defabrica.com.mx\/defabrica\/wp-json\/wp\/v2\/media?parent=93411"}],"wp:term":[{"taxonomy":"product_brand","embeddable":true,"href":"https:\/\/defabrica.com.mx\/defabrica\/wp-json\/wp\/v2\/product_brand?post=93411"},{"taxonomy":"product_cat","embeddable":true,"href":"https:\/\/defabrica.com.mx\/defabrica\/wp-json\/wp\/v2\/product_cat?post=93411"},{"taxonomy":"product_tag","embeddable":true,"href":"https:\/\/defabrica.com.mx\/defabrica\/wp-json\/wp\/v2\/product_tag?post=93411"}],"curies":[{"name":"wp","href":"https:\/\/api.w.org\/{rel}","templated":true}]}}