{"id":93410,"date":"2022-07-25T20:40:41","date_gmt":"2022-07-26T01:40:41","guid":{"rendered":"https:\/\/defabrica.com.mx\/defabrica\/?post_type=product&#038;p=93410"},"modified":"2023-01-19T14:33:24","modified_gmt":"2023-01-19T20:33:24","slug":"lg-monitor-ultragear-qhd-nano-ips-1ms-165hz-hdr-de-27-con-compatibilidad-g-sync-negro","status":"publish","type":"product","link":"https:\/\/defabrica.com.mx\/defabrica\/producto\/lg-monitor-ultragear-qhd-nano-ips-1ms-165hz-hdr-de-27-con-compatibilidad-g-sync-negro\/","title":{"rendered":"LG &#8211; Monitor UltraGear QHD Nano IPS 1ms 165Hz HDR de 27\u201d con compatibilidad G-SYNC &#8211; Negro"},"content":{"rendered":"<div class=\"embedded-component-container lv product-description\">\n<div>\n<div id=\"shop-product-description-27181490\" class=\"_none\" data-version=\"1.3.46\">\n<div class=\"shop-product-description\">\n<section class=\"align-heading-left\" data-reactroot=\"\">\n<div class=\"long-description-container body-copy \">\n<div class=\"html-fragment\">El pin\u00e1culo de los monitores de juegos.\u00a0Complete su estaci\u00f3n de batalla con un monitor de juego premium LG UltraGear\u2122.\u00a0Dise\u00f1ado para jugadores, ofrece lo \u00faltimo en hardware, especificaciones, ergonom\u00eda, dise\u00f1o elegante y experiencia sensorial.\u00a0Con caracter\u00edsticas enfocadas en juegos como la compatibilidad con NVIDIA\u00ae G-SYNC\u00ae, tiempos de respuesta GTG de 1 ms, personalizaci\u00f3n de nivel profesional y paneles Nano IPS r\u00e1pidos y v\u00edvidos, seguramente obtendr\u00e1 una ventaja adicional.<\/div>\n<\/div>\n<\/section>\n<\/div>\n<\/div>\n<\/div>\n<\/div>\n<div class=\"embedded-component-container lv product-features\">\n<h3><\/h3>\n<h3 class=\"heading-5 v-fw-regular feature-heading\"><strong>Caracter\u00edsticas<\/strong><\/h3>\n<ul>\n<li><strong>Pantalla Nano IPS UltraWide QHD (2560 x 1440) de 27&#8243;<\/strong><br \/>\nCon una relaci\u00f3n de pantalla de 27&#8243; y 16:9 (2560 x 1440), LG UltraGear ofrece una experiencia inmersiva sin igual y una velocidad ultrarr\u00e1pida de 165 Hz en una pantalla Nano IPS de 1 ms.<\/li>\n<li><strong>velocidad abrumadora<\/strong><br \/>\nCapacidad de respuesta en un centavo. Con un tiempo de respuesta de 1 ms, los jugadores ven la acci\u00f3n r\u00e1pida, los obst\u00e1culos y los oponentes casi en tiempo real para obtener una clara ventaja.<\/li>\n<li><strong>Una experiencia inmersiva que es todo pantalla.<\/strong><br \/>\nHermoso y pr\u00e1cticamente sin bisel. Mant\u00e9ngase en el juego con una pantalla pr\u00e1cticamente sin bordes en tres lados y un dise\u00f1o curvo que lo mantiene inmerso en cada momento.<\/li>\n<\/ul>\n<\/div>\n","protected":false},"excerpt":{"rendered":"<p>El pin\u00e1culo de los monitores de juegos.\u00a0Complete su estaci\u00f3n de batalla con un monitor de juego premium LG UltraGear\u2122.\u00a0Dise\u00f1ado para jugadores, ofrece lo \u00faltimo en hardware, especificaciones, ergonom\u00eda, dise\u00f1o elegante<\/p>\n","protected":false},"featured_media":0,"comment_status":"open","ping_status":"closed","template":"","meta":{"_acf_changed":false,"_joinchat":[]},"product_brand":[],"product_cat":[277,280,433],"product_tag":[],"class_list":{"0":"post-93410","1":"product","2":"type-product","3":"status-publish","5":"product_cat-zona-gamer","6":"product_cat-pc-gaming","7":"product_cat-monitores-gamer","9":"first","10":"instock","11":"sale","12":"shipping-taxable","13":"purchasable","14":"product-type-simple"},"acf":[],"_links":{"self":[{"href":"https:\/\/defabrica.com.mx\/defabrica\/wp-json\/wp\/v2\/product\/93410","targetHints":{"allow":["GET"]}}],"collection":[{"href":"https:\/\/defabrica.com.mx\/defabrica\/wp-json\/wp\/v2\/product"}],"about":[{"href":"https:\/\/defabrica.com.mx\/defabrica\/wp-json\/wp\/v2\/types\/product"}],"replies":[{"embeddable":true,"href":"https:\/\/defabrica.com.mx\/defabrica\/wp-json\/wp\/v2\/comments?post=93410"}],"wp:attachment":[{"href":"https:\/\/defabrica.com.mx\/defabrica\/wp-json\/wp\/v2\/media?parent=93410"}],"wp:term":[{"taxonomy":"product_brand","embeddable":true,"href":"https:\/\/defabrica.com.mx\/defabrica\/wp-json\/wp\/v2\/product_brand?post=93410"},{"taxonomy":"product_cat","embeddable":true,"href":"https:\/\/defabrica.com.mx\/defabrica\/wp-json\/wp\/v2\/product_cat?post=93410"},{"taxonomy":"product_tag","embeddable":true,"href":"https:\/\/defabrica.com.mx\/defabrica\/wp-json\/wp\/v2\/product_tag?post=93410"}],"curies":[{"name":"wp","href":"https:\/\/api.w.org\/{rel}","templated":true}]}}