{"id":93372,"date":"2022-07-25T19:25:36","date_gmt":"2022-07-26T00:25:36","guid":{"rendered":"https:\/\/defabrica.com.mx\/defabrica\/?post_type=product&#038;p=93372"},"modified":"2023-01-19T14:28:29","modified_gmt":"2023-01-19T20:28:29","slug":"lg-monitor-ultragear-uhd-nano-ips-1ms-144hz-de-27-con-nvidia-g-sync-compatible-con-amd-freesync-premium-pro-negro","status":"publish","type":"product","link":"https:\/\/defabrica.com.mx\/defabrica\/producto\/lg-monitor-ultragear-uhd-nano-ips-1ms-144hz-de-27-con-nvidia-g-sync-compatible-con-amd-freesync-premium-pro-negro\/","title":{"rendered":"LG &#8211; Monitor UltraGear UHD Nano IPS 1ms 144Hz de 27\u201d con NVIDIA G-SYNC Compatible con AMD FreeSync Premium Pro &#8211; Negro"},"content":{"rendered":"<div class=\"embedded-component-container lv product-description\">\n<div>\n<div id=\"shop-product-description-24537230\" class=\"_none\" data-version=\"1.3.46\">\n<div class=\"shop-product-description\">\n<section class=\"align-heading-left\" data-reactroot=\"\">\n<div class=\"long-description-container body-copy \">\n<div class=\"html-fragment\">El pin\u00e1culo de los monitores de juegos.\u00a0Complete su estaci\u00f3n de batalla con un monitor de juego premium LG UltraGear\u2122.\u00a0Dise\u00f1ado para jugadores, ofrece lo \u00faltimo en hardware, especificaciones, ergonom\u00eda, dise\u00f1o elegante y experiencia sensorial.\u00a0Con resoluci\u00f3n UHD y caracter\u00edsticas enfocadas en juegos como IPS 1ms (GtG) 144Hz con tecnolog\u00eda VESA DSC, NVIDIA G-SYNC Compatible con AMD FreeSync Premium Pro, HDMI 2.1 VRR, DCI-P3 98% con VESA DisplayHDR 600 y un hermoso 4- Pantalla lateral pr\u00e1cticamente sin bordes con soporte ajustable de inclinaci\u00f3n\/altura\/pivote.<\/div>\n<\/div>\n<\/section>\n<\/div>\n<\/div>\n<\/div>\n<\/div>\n<div class=\"embedded-component-container lv product-features\">\n<h3><\/h3>\n<h3 class=\"heading-5 v-fw-regular feature-heading\"><strong>Caracter\u00edsticas<\/strong><\/h3>\n<ul>\n<li><strong>Pantalla Nano IPS de 27\u201d UHD (3840 x 2160)<\/strong><br \/>\nVuelva a imaginar cada escena con IPS n\u00edtidos y receptivos. Con 27 pulgadas, la pantalla UltraGear\u2122 4K UHD Nano IPS de LG presenta colores verdaderos y realistas, contraste mejorado, claridad y detalles, al mismo tiempo que ofrece tasas de respuesta ultrarr\u00e1pidas. Vea un camino claro hacia la victoria en el momento en que sucede.<\/li>\n<li><strong>Nano IPS 1ms<\/strong><br \/>\n\u00bfEst\u00e1s harto de la atenuaci\u00f3n y el parpadeo de las pantallas? Bueno, has venido al monitor correcto. Con IPS 1ms (GTG), se sumergir\u00e1 en su camino hacia la victoria, sin los efectos secundarios de la velocidad extrema.<\/li>\n<li><strong>Inmersi\u00f3n total con una velocidad abrumadora<\/strong><br \/>\nCapacidad de respuesta en un centavo. Con un tiempo de respuesta de 1 ms, los jugadores ven la acci\u00f3n r\u00e1pida, los obst\u00e1culos y los oponentes casi en tiempo real para obtener una clara ventaja. Y Overclock aumenta la frecuencia de actualizaci\u00f3n de 160 Hz, mostrando menos desenfoque de movimiento y un movimiento suave independientemente del g\u00e9nero.<\/li>\n<li><strong>Compatible con NVIDIA G-SYNC\u00ae<\/strong><br \/>\nEl monitor LG 27GP950 es un monitor compatible con G-SYNC\u00ae probado y oficialmente verificado por NVIDIA, que reduce el desgarro de la pantalla y minimiza el parpadeo para una experiencia de juego m\u00e1s fluida y r\u00e1pida.<\/li>\n<li><strong>AMD FreeSync\u2122 Premium Pro<\/strong><br \/>\nAMD FreeSync\u2122 Premium Pro sube el list\u00f3n al siguiente nivel para las pantallas de juegos. Permite una experiencia de usuario excepcional con soporte HDR para un movimiento fluido y sin interrupciones en juegos de alta resoluci\u00f3n y de ritmo r\u00e1pido. Pr\u00e1cticamente elimina el desgarro y el tartamudeo de la pantalla.<\/li>\n<li><strong>Pantalla VESAHDR 600<\/strong><br \/>\nDescubra una imagen m\u00e1s real con un alto rango din\u00e1mico, con un contraste m\u00e1s audaz entre las \u00e1reas m\u00e1s brillantes y m\u00e1s oscuras de la pantalla. Este monitor VESA DisplayHDR 600 ha sido clasificado para ofrecer una luminancia m\u00e1xima impresionante de 600 nits para reflejos innegablemente espectaculares.<\/li>\n<li><strong>144 Hz (A\/C 160 Hz) &#8211; 1 ms (GTG)<\/strong><br \/>\nCon un tiempo de respuesta de 1 ms, los jugadores ven la acci\u00f3n r\u00e1pida, los obst\u00e1culos y los oponentes casi en tiempo real para obtener una clara ventaja. Y Overclock aumenta la frecuencia de actualizaci\u00f3n de 144 Hz a 160 Hz ultrarr\u00e1pidos, mostrando menos desenfoque de movimiento y un movimiento suave independientemente del g\u00e9nero.<\/li>\n<li><strong>4K y hasta 120 Hz desde HDMI 2.1<\/strong><br \/>\nLG 27GP950 es capaz de procesar video UHD 4K y frecuencia de actualizaci\u00f3n variable de hasta 120 Hz desde HDMI 2.1. Esto permite a los jugadores de consola disfrutar de una experiencia de juego inmersiva.<\/li>\n<li><strong>Estudio de calibraci\u00f3n LG<\/strong><br \/>\nLG Calibration Studio garantiza una verdadera precisi\u00f3n de reproducci\u00f3n de color con su monitor LG. Mide y ajusta con precisi\u00f3n la respuesta del color para un verdadero realismo. El material nano absorbe el amarillo y el naranja innecesarios, resaltando los verdaderos colores rojos.<\/li>\n<li><strong>Una estaci\u00f3n de batalla inmersiva<\/strong><br \/>\nMant\u00e9ngase en el juego con una pantalla pr\u00e1cticamente sin bordes en los cuatro lados y un dise\u00f1o que lo mantiene inmerso en cada momento. Eleve, baje, incline, gire: el soporte tiene un dise\u00f1o ergon\u00f3mico flexible para adaptarse f\u00e1cilmente a su entorno.<\/li>\n<\/ul>\n<\/div>\n","protected":false},"excerpt":{"rendered":"<p>El pin\u00e1culo de los monitores de juegos.\u00a0Complete su estaci\u00f3n de batalla con un monitor de juego premium LG UltraGear\u2122.\u00a0Dise\u00f1ado para jugadores, ofrece lo \u00faltimo en hardware, especificaciones, ergonom\u00eda, dise\u00f1o elegante<\/p>\n","protected":false},"featured_media":93373,"comment_status":"open","ping_status":"closed","template":"","meta":{"_acf_changed":false,"_joinchat":[]},"product_brand":[],"product_cat":[277,280,433],"product_tag":[],"class_list":{"0":"post-93372","1":"product","2":"type-product","3":"status-publish","4":"has-post-thumbnail","6":"product_cat-zona-gamer","7":"product_cat-pc-gaming","8":"product_cat-monitores-gamer","10":"first","11":"instock","12":"sale","13":"shipping-taxable","14":"purchasable","15":"product-type-simple"},"acf":[],"_links":{"self":[{"href":"https:\/\/defabrica.com.mx\/defabrica\/wp-json\/wp\/v2\/product\/93372","targetHints":{"allow":["GET"]}}],"collection":[{"href":"https:\/\/defabrica.com.mx\/defabrica\/wp-json\/wp\/v2\/product"}],"about":[{"href":"https:\/\/defabrica.com.mx\/defabrica\/wp-json\/wp\/v2\/types\/product"}],"replies":[{"embeddable":true,"href":"https:\/\/defabrica.com.mx\/defabrica\/wp-json\/wp\/v2\/comments?post=93372"}],"wp:featuredmedia":[{"embeddable":true,"href":"https:\/\/defabrica.com.mx\/defabrica\/wp-json\/wp\/v2\/media\/93373"}],"wp:attachment":[{"href":"https:\/\/defabrica.com.mx\/defabrica\/wp-json\/wp\/v2\/media?parent=93372"}],"wp:term":[{"taxonomy":"product_brand","embeddable":true,"href":"https:\/\/defabrica.com.mx\/defabrica\/wp-json\/wp\/v2\/product_brand?post=93372"},{"taxonomy":"product_cat","embeddable":true,"href":"https:\/\/defabrica.com.mx\/defabrica\/wp-json\/wp\/v2\/product_cat?post=93372"},{"taxonomy":"product_tag","embeddable":true,"href":"https:\/\/defabrica.com.mx\/defabrica\/wp-json\/wp\/v2\/product_tag?post=93372"}],"curies":[{"name":"wp","href":"https:\/\/api.w.org\/{rel}","templated":true}]}}