{"id":93366,"date":"2022-07-25T19:19:43","date_gmt":"2022-07-26T00:19:43","guid":{"rendered":"https:\/\/defabrica.com.mx\/defabrica\/?post_type=product&#038;p=93366"},"modified":"2023-01-19T14:27:56","modified_gmt":"2023-01-19T20:27:56","slug":"lg-ultragear-34-nano-ips-curved-219-wqhd-g-sync-ultimate-monitor-con-vesa-displayhdr-600-hdmi-displayport-usb-x2-negro","status":"publish","type":"product","link":"https:\/\/defabrica.com.mx\/defabrica\/producto\/lg-ultragear-34-nano-ips-curved-219-wqhd-g-sync-ultimate-monitor-con-vesa-displayhdr-600-hdmi-displayport-usb-x2-negro\/","title":{"rendered":"LG &#8211; UltraGear 34\u201d Nano IPS Curved 21:9 WQHD G-SYNC Ultimate Monitor con VESA DisplayHDR 600 (HDMI, DisplayPort, USB x2) &#8211; Negro"},"content":{"rendered":"<div class=\"embedded-component-container lv product-description\">\n<div>\n<div id=\"shop-product-description-71031230\" class=\"_none\" data-version=\"1.3.46\">\n<div class=\"shop-product-description\">\n<section class=\"align-heading-left\" data-reactroot=\"\">\n<div class=\"long-description-container body-copy \">\n<div class=\"html-fragment\">Cero con LG UltraGear\u2122.\u00a0Entrar en ese lugar donde todo fluye.\u00a0C\u00f3mo te enfocas, c\u00f3mo juegas, c\u00f3mo ganas.\u00a0LG UltraGear\u2122 est\u00e1 hecho para ayudarte a encontrar el estado perfecto.\u00a0Ofrece lo \u00faltimo en hardware, especificaciones, ergonom\u00eda y la mejor experiencia sensorial.\u00a0Con funciones centradas en los juegos, como una pantalla inmersiva de 34&#8243; Curved UltraWide QHD (3440 x 1440), NVIDIA\u00ae G-SYNC\u00ae ULTIMATE, tiempos de respuesta de 1 ms (GtG), personalizaci\u00f3n de nivel profesional y paneles Nano IPS r\u00e1pidos y n\u00edtidos, es una inmersi\u00f3n en un nivel completamente nuevo.<\/div>\n<\/div>\n<\/section>\n<\/div>\n<\/div>\n<\/div>\n<\/div>\n<div class=\"embedded-component-container lv product-features\">\n<h3><\/h3>\n<h3 class=\"heading-5 v-fw-regular feature-heading\"><strong>Caracter\u00edsticas<\/strong><\/h3>\n<ul>\n<li><strong>Pantalla IPS WQHD (3440 x 1440) de 34&#8243;<\/strong><br \/>\nC\u00e9ntrese con LG UltraGear\u2122 con caracter\u00edsticas enfocadas en juegos como una pantalla IPS WQHD de 34&#8243; con NVIDIA\u00ae G-SYNC\u00ae ULTIMATE, tiempos de respuesta de 1 ms (GtG), para una inmersi\u00f3n en un nivel completamente nuevo.<\/li>\n<li><strong>NVIDIA\u00ae G-SYNC\u00ae ULTIMATE<\/strong><br \/>\nLa tecnolog\u00eda de frecuencia de actualizaci\u00f3n variable de m\u00e1s alto nivel proporcionada por NVIDIA\u00ae. Cuenta con los mejores procesadores NVIDIA\u00ae G-SYNC\u00ae para brindar la mejor experiencia de juego, que incluye HDR realista, contraste sorprendente, color cinem\u00e1tico y juego de latencia ultrabaja.<\/li>\n<li><strong>IPS 1 ms (GtG)<\/strong><br \/>\nEl IPS 1ms de LG proporciona un tiempo de respuesta real de 1ms. Es una velocidad incre\u00edble con una imagen remanente minimizada. Al utilizar un panel IPS mejorado que proporciona un tiempo de respuesta nativo de 1 ms (GtG), se sumergir\u00e1 en su camino hacia la victoria, sin los efectos secundarios de la velocidad extrema.<\/li>\n<li><strong>Frecuencia de actualizaci\u00f3n de 144 Hz (overclock 180 Hz)<\/strong><br \/>\nOverclock aumenta las frecuencias de actualizaci\u00f3n de 144 Hz a 180 Hz ultrarr\u00e1pidos, mostrando menos desenfoque de movimiento y un movimiento suave. Combinado con un tiempo de respuesta de 1 ms, los jugadores ven acci\u00f3n r\u00e1pida, obst\u00e1culos y oponentes casi en tiempo real para una clara ventaja.<\/li>\n<li><strong>Pantalla VESAHDR\u2122 600<\/strong><br \/>\nVESA DisplayHDR\u2122 600 le da vida a su mundo con una experiencia que supera la realidad. Esta tecnolog\u00eda de visualizaci\u00f3n de siguiente nivel eleva las texturas, los elementos circundantes, los movimientos realistas de los personajes y las recreaciones naturales del sol y la sombra.<\/li>\n<li><strong>Iluminaci\u00f3n de esfera RGB<\/strong><br \/>\nSeis configuraciones de color diferentes crean una atm\u00f3sfera de juego que se puede adaptar al estado de \u00e1nimo de un jugador. Las opciones incluyen: luz diurna blanca, blanco neutro, magenta, rojo, verde natural y azul cielo, cualquiera de los cuales se puede ajustar sobre la marcha con una llave de rueda.<\/li>\n<li><strong>Controles de juego en pantalla<\/strong><br \/>\nTenga m\u00e1s control sobre su experiencia de juego. Los controles de juego en pantalla, incluidos Crosshair\u00ae, Black Stabilizer\u00ae y Dynamic Action Sync\u00ae, gu\u00edan y elevan su experiencia para brindarle control y personalizaci\u00f3n de nivel profesional.<\/li>\n<li><strong>Dise\u00f1ado meticulosamente<\/strong><br \/>\nLos monitores para juegos LG UltraGear\u2122 est\u00e1n creados para enmarcar mundos virtuales en un dise\u00f1o limpio, elegante y minimalista. Sin embargo, est\u00e1n dise\u00f1ados para maximizar su experiencia con control de nivel profesional, modos de juego y ergonom\u00eda ajustable.<\/li>\n<\/ul>\n<\/div>\n","protected":false},"excerpt":{"rendered":"<p>Cero con LG UltraGear\u2122.\u00a0Entrar en ese lugar donde todo fluye.\u00a0C\u00f3mo te enfocas, c\u00f3mo juegas, c\u00f3mo ganas.\u00a0LG UltraGear\u2122 est\u00e1 hecho para ayudarte a encontrar el estado perfecto.\u00a0Ofrece lo \u00faltimo en hardware,<\/p>\n","protected":false},"featured_media":93367,"comment_status":"open","ping_status":"closed","template":"","meta":{"_acf_changed":false,"_joinchat":[]},"product_brand":[],"product_cat":[277,280,433],"product_tag":[],"class_list":{"0":"post-93366","1":"product","2":"type-product","3":"status-publish","4":"has-post-thumbnail","6":"product_cat-zona-gamer","7":"product_cat-pc-gaming","8":"product_cat-monitores-gamer","10":"first","11":"instock","12":"sale","13":"shipping-taxable","14":"purchasable","15":"product-type-simple"},"acf":[],"_links":{"self":[{"href":"https:\/\/defabrica.com.mx\/defabrica\/wp-json\/wp\/v2\/product\/93366","targetHints":{"allow":["GET"]}}],"collection":[{"href":"https:\/\/defabrica.com.mx\/defabrica\/wp-json\/wp\/v2\/product"}],"about":[{"href":"https:\/\/defabrica.com.mx\/defabrica\/wp-json\/wp\/v2\/types\/product"}],"replies":[{"embeddable":true,"href":"https:\/\/defabrica.com.mx\/defabrica\/wp-json\/wp\/v2\/comments?post=93366"}],"wp:featuredmedia":[{"embeddable":true,"href":"https:\/\/defabrica.com.mx\/defabrica\/wp-json\/wp\/v2\/media\/93367"}],"wp:attachment":[{"href":"https:\/\/defabrica.com.mx\/defabrica\/wp-json\/wp\/v2\/media?parent=93366"}],"wp:term":[{"taxonomy":"product_brand","embeddable":true,"href":"https:\/\/defabrica.com.mx\/defabrica\/wp-json\/wp\/v2\/product_brand?post=93366"},{"taxonomy":"product_cat","embeddable":true,"href":"https:\/\/defabrica.com.mx\/defabrica\/wp-json\/wp\/v2\/product_cat?post=93366"},{"taxonomy":"product_tag","embeddable":true,"href":"https:\/\/defabrica.com.mx\/defabrica\/wp-json\/wp\/v2\/product_tag?post=93366"}],"curies":[{"name":"wp","href":"https:\/\/api.w.org\/{rel}","templated":true}]}}