{"id":93360,"date":"2022-07-25T19:13:11","date_gmt":"2022-07-26T00:13:11","guid":{"rendered":"https:\/\/defabrica.com.mx\/defabrica\/?post_type=product&#038;p=93360"},"modified":"2023-01-19T14:27:17","modified_gmt":"2023-01-19T20:27:17","slug":"lg-monitor-ultragear-38-ips-led-ultrawide-hd-g-sync-hdmi-negro","status":"publish","type":"product","link":"https:\/\/defabrica.com.mx\/defabrica\/producto\/lg-monitor-ultragear-38-ips-led-ultrawide-hd-g-sync-hdmi-negro\/","title":{"rendered":"LG &#8211; Monitor UltraGear 38&#8243; IPS LED UltraWide HD G-SYNC (HDMI) &#8211; Negro"},"content":{"rendered":"<p>Juega tus t\u00edtulos favoritos en este monitor curvo para juegos LG UltraGear de 38 pulgadas.\u00a0La tecnolog\u00eda NVIDIA G-SYNC garantiza un juego fluido y sin interrupciones, mientras que el tiempo de respuesta de 1 ms minimiza la borrosidad y las im\u00e1genes fantasma para un rendimiento s\u00f3lido.\u00a0Este monitor de juegos curvo LG UltraGear tiene una pantalla Nano IPS que mantiene colores uniformes en varios \u00e1ngulos, y la resoluci\u00f3n WQHD+ ofrece im\u00e1genes detalladas.<\/p>\n<h3><\/h3>\n<h3 class=\"heading-5 v-fw-regular feature-heading\"><strong>Caracter\u00edsticas<\/strong><\/h3>\n<ul>\n<li><strong>Resoluci\u00f3n WQHD+<\/strong><br \/>\nAmpl\u00ede su rendimiento de juego en l\u00ednea con la potencia de su tarjeta gr\u00e1fica.<\/li>\n<li><strong>Compatible con HDR400<\/strong><br \/>\nLa verdadera calidad de 8 bits y la alta relaci\u00f3n de contraste din\u00e1mico brindan colores sobresalientes para un realismo real.<\/li>\n<li><strong>Tiempo de respuesta de 1ms<\/strong><br \/>\nOfrece un rendimiento ultrarr\u00e1pido, minimizando el retraso y el tiempo de visualizaci\u00f3n.<\/li>\n<li><strong>Frecuencia de actualizaci\u00f3n de 144 Hz<\/strong><br \/>\nOfrece un rendimiento potente para que pueda aprovechar al m\u00e1ximo sus juegos y videos.<\/li>\n<li><strong>Monitor LED de 38&#8243;<\/strong><br \/>\nEl tipo de pantalla eficiente utiliza LED para proporcionar retroiluminaci\u00f3n precisa a los p\u00edxeles.<\/li>\n<li><strong>Pantalla curva ultraancha<\/strong><br \/>\nProporciona una inmersi\u00f3n adicional para jugar o mirar videos.<\/li>\n<li><strong>Tecnolog\u00eda G-SYNC para un juego fluido<\/strong><br \/>\nNVIDIA G-SYNC sincroniza las frecuencias de actualizaci\u00f3n entre la GPU y la pantalla, lo que elimina el desgarro de la pantalla y minimiza el parpadeo de la pantalla y el retraso de entrada.<\/li>\n<li><strong>Entradas HDMI y DisplayPort<\/strong><br \/>\nLe permite configurar reproductores de DVD y otras fuentes AV para obtener una se\u00f1al de audio y video clara y de alta calidad.<\/li>\n<li><strong>2 puertos USB 3.0<\/strong><br \/>\nLe permite conectar dispositivos al monitor, que luego transfiere los datos a la computadora.<\/li>\n<li><strong>\u00c1ngulos de visi\u00f3n horizontal y vertical de 178\u00b0<\/strong><br \/>\nLe permite ver la pantalla desde una amplia gama de \u00e1ngulos.<\/li>\n<li><strong>Relaci\u00f3n de contraste de 1000:1<\/strong><br \/>\nGarantiza que las im\u00e1genes sean n\u00edtidas y claras con negros profundos y luces brillantes.<\/li>\n<li><strong>Brillo de 450 cd\/m\u00b2<\/strong><br \/>\nProduce im\u00e1genes brillantes que se pueden ver claramente incluso en habitaciones bien iluminadas.<\/li>\n<\/ul>\n","protected":false},"excerpt":{"rendered":"<p>Juega tus t\u00edtulos favoritos en este monitor curvo para juegos LG UltraGear de 38 pulgadas.\u00a0La tecnolog\u00eda NVIDIA G-SYNC garantiza un juego fluido y sin interrupciones, mientras que el tiempo de<\/p>\n","protected":false},"featured_media":93361,"comment_status":"open","ping_status":"closed","template":"","meta":{"_acf_changed":false,"_joinchat":[]},"product_brand":[],"product_cat":[277,280,433],"product_tag":[],"class_list":{"0":"post-93360","1":"product","2":"type-product","3":"status-publish","4":"has-post-thumbnail","6":"product_cat-zona-gamer","7":"product_cat-pc-gaming","8":"product_cat-monitores-gamer","10":"first","11":"instock","12":"sale","13":"shipping-taxable","14":"purchasable","15":"product-type-simple"},"acf":[],"_links":{"self":[{"href":"https:\/\/defabrica.com.mx\/defabrica\/wp-json\/wp\/v2\/product\/93360","targetHints":{"allow":["GET"]}}],"collection":[{"href":"https:\/\/defabrica.com.mx\/defabrica\/wp-json\/wp\/v2\/product"}],"about":[{"href":"https:\/\/defabrica.com.mx\/defabrica\/wp-json\/wp\/v2\/types\/product"}],"replies":[{"embeddable":true,"href":"https:\/\/defabrica.com.mx\/defabrica\/wp-json\/wp\/v2\/comments?post=93360"}],"wp:featuredmedia":[{"embeddable":true,"href":"https:\/\/defabrica.com.mx\/defabrica\/wp-json\/wp\/v2\/media\/93361"}],"wp:attachment":[{"href":"https:\/\/defabrica.com.mx\/defabrica\/wp-json\/wp\/v2\/media?parent=93360"}],"wp:term":[{"taxonomy":"product_brand","embeddable":true,"href":"https:\/\/defabrica.com.mx\/defabrica\/wp-json\/wp\/v2\/product_brand?post=93360"},{"taxonomy":"product_cat","embeddable":true,"href":"https:\/\/defabrica.com.mx\/defabrica\/wp-json\/wp\/v2\/product_cat?post=93360"},{"taxonomy":"product_tag","embeddable":true,"href":"https:\/\/defabrica.com.mx\/defabrica\/wp-json\/wp\/v2\/product_tag?post=93360"}],"curies":[{"name":"wp","href":"https:\/\/api.w.org\/{rel}","templated":true}]}}