{"id":93302,"date":"2022-07-25T00:07:41","date_gmt":"2022-07-25T05:07:41","guid":{"rendered":"https:\/\/defabrica.com.mx\/defabrica\/?post_type=product&#038;p=93302"},"modified":"2023-01-19T15:50:18","modified_gmt":"2023-01-19T21:50:18","slug":"deathloop-edicion-estandar-playstation-5","status":"publish","type":"product","link":"https:\/\/defabrica.com.mx\/defabrica\/producto\/deathloop-edicion-estandar-playstation-5\/","title":{"rendered":"DEATHLOOP Edici\u00f3n est\u00e1ndar &#8211; PlayStation 5"},"content":{"rendered":"<p>DEATHLOOP es un juego de disparos en primera persona de pr\u00f3xima generaci\u00f3n de Arkane Lyon, el galardonado estudio detr\u00e1s de Dishonored.\u00a0En DEATHLOOP, dos asesinos rivales quedan atrapados en un misterioso ciclo temporal en la isla de Blackreef, condenados a repetir el mismo d\u00eda por toda la eternidad.\u00a0Como Colt, la \u00fanica posibilidad de escapar es terminar el ciclo asesinando a ocho objetivos clave antes de que se reinicie el d\u00eda.\u00a0Aprende de cada ciclo: prueba nuevos caminos, recopila informaci\u00f3n y encuentra nuevas armas y habilidades.\u00a0Haz lo que sea necesario para romper el bucle.<\/p>\n<h3 class=\"heading-5 v-fw-regular feature-heading\"><strong>Caracter\u00edsticas<\/strong><\/h3>\n<ul>\n<li><strong>DEATHLOOP<\/strong><br \/>\nDEATHLOOP est\u00e1 dise\u00f1ado para una nueva generaci\u00f3n, aprovechando el hardware y los gr\u00e1ficos de PlayStation 5 para dar vida a la visi\u00f3n art\u00edstica \u00fanica de Arkane como nunca antes.<\/li>\n<li><strong>En cada ciclo, descubrir\u00e1s nuevos secretos, recopilar\u00e1s informaci\u00f3n sobre tus objetivos, as\u00ed como sobre la isla de Blackreef, y expandir\u00e1s tu arsenal. Usa el conocimiento que obtienes de cada intento para cambiar tu estilo de juego, desliz\u00e1ndote sigilosamente a trav\u00e9s de los niveles o entrando en la pelea, disparando armas.<\/strong><\/li>\n<li><strong>JUEGO PARA UN JUGADOR INYECTADO CON MULTIJUGADOR MORTAL<\/strong><br \/>\nExperimentar\u00e1s la historia principal de DEATHLOOP como Colt, cazando objetivos en la isla de Blackreef para romper el bucle y ganar tu libertad. Mientras tanto, ser\u00e1s perseguido por tu rival Julianna, que puede ser controlada por otro jugador.<\/li>\n<li><strong>LA ISLA DE BLACKREEF<\/strong><br \/>\nDEATHLOOP presentar\u00e1 un impresionante entorno retro-futuro inspirado en los a\u00f1os 60, que se siente como un personaje en s\u00ed mismo. Si bien Blackreef puede ser un pa\u00eds de las maravillas con estilo, para Colt es su prisi\u00f3n.<\/li>\n<\/ul>\n","protected":false},"excerpt":{"rendered":"<p>DEATHLOOP es un juego de disparos en primera persona de pr\u00f3xima generaci\u00f3n de Arkane Lyon, el galardonado estudio detr\u00e1s de Dishonored.\u00a0En DEATHLOOP, dos asesinos rivales quedan atrapados en un misterioso<\/p>\n","protected":false},"featured_media":93305,"comment_status":"open","ping_status":"closed","template":"","meta":{"_acf_changed":false,"_joinchat":[]},"product_brand":[],"product_cat":[277,894],"product_tag":[],"class_list":{"0":"post-93302","1":"product","2":"type-product","3":"status-publish","4":"has-post-thumbnail","6":"product_cat-zona-gamer","7":"product_cat-videojuegos","9":"first","10":"instock","11":"sale","12":"shipping-taxable","13":"purchasable","14":"product-type-simple"},"acf":[],"_links":{"self":[{"href":"https:\/\/defabrica.com.mx\/defabrica\/wp-json\/wp\/v2\/product\/93302","targetHints":{"allow":["GET"]}}],"collection":[{"href":"https:\/\/defabrica.com.mx\/defabrica\/wp-json\/wp\/v2\/product"}],"about":[{"href":"https:\/\/defabrica.com.mx\/defabrica\/wp-json\/wp\/v2\/types\/product"}],"replies":[{"embeddable":true,"href":"https:\/\/defabrica.com.mx\/defabrica\/wp-json\/wp\/v2\/comments?post=93302"}],"wp:featuredmedia":[{"embeddable":true,"href":"https:\/\/defabrica.com.mx\/defabrica\/wp-json\/wp\/v2\/media\/93305"}],"wp:attachment":[{"href":"https:\/\/defabrica.com.mx\/defabrica\/wp-json\/wp\/v2\/media?parent=93302"}],"wp:term":[{"taxonomy":"product_brand","embeddable":true,"href":"https:\/\/defabrica.com.mx\/defabrica\/wp-json\/wp\/v2\/product_brand?post=93302"},{"taxonomy":"product_cat","embeddable":true,"href":"https:\/\/defabrica.com.mx\/defabrica\/wp-json\/wp\/v2\/product_cat?post=93302"},{"taxonomy":"product_tag","embeddable":true,"href":"https:\/\/defabrica.com.mx\/defabrica\/wp-json\/wp\/v2\/product_tag?post=93302"}],"curies":[{"name":"wp","href":"https:\/\/api.w.org\/{rel}","templated":true}]}}