{"id":93270,"date":"2022-07-24T23:32:42","date_gmt":"2022-07-25T04:32:42","guid":{"rendered":"https:\/\/defabrica.com.mx\/defabrica\/?post_type=product&#038;p=93270"},"modified":"2023-01-20T10:31:11","modified_gmt":"2023-01-20T16:31:11","slug":"capcom-fighting-collection-playstation-4","status":"publish","type":"product","link":"https:\/\/defabrica.com.mx\/defabrica\/producto\/capcom-fighting-collection-playstation-4\/","title":{"rendered":"Capcom Fighting Collection &#8211; PlayStation 4"},"content":{"rendered":"<p>Los fan\u00e1ticos de la lucha pueden celebrar los 35 a\u00f1os de los juegos de lucha de Capcom con Capcom Fighting Collection, una antolog\u00eda de 10 t\u00edtulos cl\u00e1sicos, incluida la serie completa Darkstalkers juntos por primera vez fuera de Jap\u00f3n, que se lanzar\u00e1 el 24 de junio de 2022. Cada uno de los 10 t\u00edtulos en el La colecci\u00f3n se ha revitalizado con multijugador en l\u00ednea, funciones mejoradas y actualizaciones de calidad de vida.<\/p>\n<h3 class=\"heading-5 v-fw-regular feature-heading\"><strong>Caracter\u00edsticas<\/strong><\/h3>\n<ul>\n<li><strong>Darkstalkers todo en uno<\/strong><br \/>\nPor primera vez fuera de Jap\u00f3n, los cinco juegos de Darkstalkers se pueden jugar en una colecci\u00f3n, incluidos dos t\u00edtulos lanzados anteriormente solo en Jap\u00f3n.<\/li>\n<li><strong>Tierra roja favorita de culto<\/strong><br \/>\nRed Earth tambi\u00e9n hace su debut fuera de la sala de juegos, \u00a1aterrizando en consolas y PC!<\/li>\n<li><strong>Aqu\u00ed viene un retador de renombre<\/strong><br \/>\nLa ic\u00f3nica marca Street Fighter aparece en Super Gem Fighter Mini Mix, Hyper Street Fighter II y Super Puzzle Fighter II Turbo.<\/li>\n<li><strong>Juego en l\u00ednea para todos<\/strong><br \/>\nLos jugadores ahora pueden pelear en l\u00ednea para mostrar sus habilidades en los 10 t\u00edtulos en partidas igualadas, casuales y de lobby con hasta 9 jugadores.<\/li>\n<li><strong>C\u00f3digo de red robusto de reversi\u00f3n<\/strong><br \/>\n\u00a1El juego en l\u00ednea ser\u00e1 compatible con el c\u00f3digo de red de reversi\u00f3n para una experiencia en l\u00ednea s\u00f3lida y estable!<\/li>\n<li><strong>entrenar para ganar<\/strong><br \/>\nEl modo de entrenamiento se ha agregado a cada juego para permitir que los fan\u00e1ticos dominen a sus personajes favoritos. Nota: Super Puzzle Fighter II Turbo no tiene una opci\u00f3n de modo de entrenamiento.<\/li>\n<li><strong>Mira y aprende<\/strong><br \/>\nEl modo espectador est\u00e1 disponible para que pueda sentarse y disfrutar viendo a sus amigos pelear.<\/li>\n<li><strong>Caracter\u00edsticas adicionales<\/strong><br \/>\nEl paquete todo en uno tambi\u00e9n incorpora varios ajustes de equilibrio del juego y mejoras en la calidad de vida, como guardados a mitad del juego.<\/li>\n<li><strong>Revive la historia de los juegos de lucha de Capcom<\/strong><br \/>\nEl Museo del juego viene con una galer\u00eda de m\u00e1s de 500 piezas de arte oficial, arte conceptual y documentos de dise\u00f1o, adem\u00e1s de m\u00e1s de 400 pistas de m\u00fasica.<\/li>\n<\/ul>\n","protected":false},"excerpt":{"rendered":"<p>Los fan\u00e1ticos de la lucha pueden celebrar los 35 a\u00f1os de los juegos de lucha de Capcom con Capcom Fighting Collection, una antolog\u00eda de 10 t\u00edtulos cl\u00e1sicos, incluida la serie<\/p>\n","protected":false},"featured_media":93271,"comment_status":"open","ping_status":"closed","template":"","meta":{"_acf_changed":false,"_joinchat":[]},"product_brand":[],"product_cat":[277,894],"product_tag":[],"class_list":{"0":"post-93270","1":"product","2":"type-product","3":"status-publish","4":"has-post-thumbnail","6":"product_cat-zona-gamer","7":"product_cat-videojuegos","9":"first","10":"instock","11":"sale","12":"shipping-taxable","13":"purchasable","14":"product-type-simple"},"acf":[],"_links":{"self":[{"href":"https:\/\/defabrica.com.mx\/defabrica\/wp-json\/wp\/v2\/product\/93270","targetHints":{"allow":["GET"]}}],"collection":[{"href":"https:\/\/defabrica.com.mx\/defabrica\/wp-json\/wp\/v2\/product"}],"about":[{"href":"https:\/\/defabrica.com.mx\/defabrica\/wp-json\/wp\/v2\/types\/product"}],"replies":[{"embeddable":true,"href":"https:\/\/defabrica.com.mx\/defabrica\/wp-json\/wp\/v2\/comments?post=93270"}],"wp:featuredmedia":[{"embeddable":true,"href":"https:\/\/defabrica.com.mx\/defabrica\/wp-json\/wp\/v2\/media\/93271"}],"wp:attachment":[{"href":"https:\/\/defabrica.com.mx\/defabrica\/wp-json\/wp\/v2\/media?parent=93270"}],"wp:term":[{"taxonomy":"product_brand","embeddable":true,"href":"https:\/\/defabrica.com.mx\/defabrica\/wp-json\/wp\/v2\/product_brand?post=93270"},{"taxonomy":"product_cat","embeddable":true,"href":"https:\/\/defabrica.com.mx\/defabrica\/wp-json\/wp\/v2\/product_cat?post=93270"},{"taxonomy":"product_tag","embeddable":true,"href":"https:\/\/defabrica.com.mx\/defabrica\/wp-json\/wp\/v2\/product_tag?post=93270"}],"curies":[{"name":"wp","href":"https:\/\/api.w.org\/{rel}","templated":true}]}}