{"id":93252,"date":"2022-07-24T23:22:56","date_gmt":"2022-07-25T04:22:56","guid":{"rendered":"https:\/\/defabrica.com.mx\/defabrica\/?post_type=product&#038;p=93252"},"modified":"2023-01-20T10:27:12","modified_gmt":"2023-01-20T16:27:12","slug":"resident-evil-village-playstation-4","status":"publish","type":"product","link":"https:\/\/defabrica.com.mx\/defabrica\/producto\/resident-evil-village-playstation-4\/","title":{"rendered":"Resident Evil Village &#8211; PlayStation 4"},"content":{"rendered":"<p>Experimenta el terror de supervivencia como nunca antes en Resident Evil Village.\u00a0Mejora cada lucha desesperada por sobrevivir mostrando los gr\u00e1ficos m\u00e1s realistas y aterradores hasta la fecha.\u00a0El t\u00edtulo completamente nuevo es la octava entrega principal de la franquicia Resident Evil, que estableci\u00f3 el g\u00e9nero de terror de supervivencia hace casi 25 a\u00f1os.<\/p>\n<h3 class=\"heading-5 v-fw-regular feature-heading\"><strong>Caracter\u00edsticas<\/strong><\/h3>\n<ul>\n<li><strong>Todas las nuevas experiencias<\/strong><br \/>\nRetomando donde lo dej\u00f3 Resident Evil 7 biohazard, Resident Evil Village es la octava entrega principal de la serie insignia de Resident Evil.<\/li>\n<li><strong>Tecnolog\u00eda de pr\u00f3xima generaci\u00f3n<\/strong><br \/>\nRE Engine combinado con la potencia de la consola de pr\u00f3xima generaci\u00f3n ofrecer\u00e1 gr\u00e1ficos fotorrealistas, dando vida a la aldea sombr\u00eda y sus inquietantes residentes. Resident Evil Village mostrar\u00e1 la experiencia de terror de supervivencia m\u00e1s realista hasta la fecha.<\/li>\n<li><strong>Acci\u00f3n en primera persona<\/strong><br \/>\nLos jugadores asumir\u00e1n el papel de Ethan Winters y experimentar\u00e1n cada batalla de cerca y cada persecuci\u00f3n aterradora a trav\u00e9s de una perspectiva en primera persona.<\/li>\n<li><strong>Rostros familiares<\/strong><br \/>\nChris Redfield ha sido t\u00edpicamente un h\u00e9roe en la serie Resident Evil, pero su aparici\u00f3n en Resident Evil Village aparentemente lo envuelve en motivos siniestros.<\/li>\n<li><strong>Un pueblo vivo que respira<\/strong><br \/>\nM\u00e1s que un tel\u00f3n de fondo misterioso para los eventos horribles que se desarrollan en el juego, el pueblo es un personaje por derecho propio con misterios para que Ethan los descubra y terrores de los que escapar.<\/li>\n<\/ul>\n","protected":false},"excerpt":{"rendered":"<p>Experimenta el terror de supervivencia como nunca antes en Resident Evil Village.\u00a0Mejora cada lucha desesperada por sobrevivir mostrando los gr\u00e1ficos m\u00e1s realistas y aterradores hasta la fecha.\u00a0El t\u00edtulo completamente nuevo<\/p>\n","protected":false},"featured_media":93253,"comment_status":"open","ping_status":"closed","template":"","meta":{"_acf_changed":false,"_joinchat":[]},"product_brand":[],"product_cat":[1515,277,894],"product_tag":[],"class_list":{"0":"post-93252","1":"product","2":"type-product","3":"status-publish","4":"has-post-thumbnail","6":"product_cat-ofetas-zonagamer","7":"product_cat-zona-gamer","8":"product_cat-videojuegos","10":"first","11":"instock","12":"sale","13":"shipping-taxable","14":"purchasable","15":"product-type-simple"},"acf":[],"_links":{"self":[{"href":"https:\/\/defabrica.com.mx\/defabrica\/wp-json\/wp\/v2\/product\/93252","targetHints":{"allow":["GET"]}}],"collection":[{"href":"https:\/\/defabrica.com.mx\/defabrica\/wp-json\/wp\/v2\/product"}],"about":[{"href":"https:\/\/defabrica.com.mx\/defabrica\/wp-json\/wp\/v2\/types\/product"}],"replies":[{"embeddable":true,"href":"https:\/\/defabrica.com.mx\/defabrica\/wp-json\/wp\/v2\/comments?post=93252"}],"wp:featuredmedia":[{"embeddable":true,"href":"https:\/\/defabrica.com.mx\/defabrica\/wp-json\/wp\/v2\/media\/93253"}],"wp:attachment":[{"href":"https:\/\/defabrica.com.mx\/defabrica\/wp-json\/wp\/v2\/media?parent=93252"}],"wp:term":[{"taxonomy":"product_brand","embeddable":true,"href":"https:\/\/defabrica.com.mx\/defabrica\/wp-json\/wp\/v2\/product_brand?post=93252"},{"taxonomy":"product_cat","embeddable":true,"href":"https:\/\/defabrica.com.mx\/defabrica\/wp-json\/wp\/v2\/product_cat?post=93252"},{"taxonomy":"product_tag","embeddable":true,"href":"https:\/\/defabrica.com.mx\/defabrica\/wp-json\/wp\/v2\/product_tag?post=93252"}],"curies":[{"name":"wp","href":"https:\/\/api.w.org\/{rel}","templated":true}]}}