{"id":93238,"date":"2022-07-24T23:07:38","date_gmt":"2022-07-25T04:07:38","guid":{"rendered":"https:\/\/defabrica.com.mx\/defabrica\/?post_type=product&#038;p=93238"},"modified":"2023-01-20T10:23:11","modified_gmt":"2023-01-20T16:23:11","slug":"king-of-fighters-xv-playstation-5","status":"publish","type":"product","link":"https:\/\/defabrica.com.mx\/defabrica\/producto\/king-of-fighters-xv-playstation-5\/","title":{"rendered":"King of Fighters XV &#8211; PlayStation 5"},"content":{"rendered":"<p>SUPERA TODAS LAS EXPECTATIVAS: \u00a1el nuevo \u00abXV\u00bb que lo trasciende todo! Desde su debut en 1994, la serie de juegos de lucha KOF ha llevado al mundo a la emoci\u00f3n con sus personajes atractivos y su sistema de juego \u00fanico.\u00a0\u00a1Han pasado seis a\u00f1os desde el \u00faltimo t\u00edtulo de la serie, y ahora KOF XV supera a todos sus predecesores en t\u00e9rminos de gr\u00e1ficos, sistemas y experiencia en l\u00ednea!&#8217;<\/p>\n<h3 class=\"heading-5 v-fw-regular feature-heading\"><strong>Caracter\u00edsticas<\/strong><\/h3>\n<ul>\n<li><strong>Participan un total de 39 personajes.<\/strong><br \/>\n\u00a1Personajes populares cl\u00e1sicos, personajes revividos, nuevos personajes y m\u00e1s! \u00a1El dream match m\u00e1s \u00e9pico en la historia de KOF est\u00e1 por comenzar!<\/li>\n<li><strong>\u00a1La historia de KOF llega a su cl\u00edmax!<\/strong><br \/>\nLa \u00faltima KOF Saga contin\u00faa desde el t\u00edtulo anterior en el Modo Historia. \u00a1Esta vez, la historia est\u00e1 llegando a un cl\u00edmax explosivo!<\/li>\n<li><strong>Juego en l\u00ednea f\u00e1cil y vers\u00e1til.<\/strong><\/li>\n<li><strong>KOF est\u00e1 repleto de contenido para disfrutar.<\/strong><\/li>\n<\/ul>\n","protected":false},"excerpt":{"rendered":"<p>SUPERA TODAS LAS EXPECTATIVAS: \u00a1el nuevo \u00abXV\u00bb que lo trasciende todo! Desde su debut en 1994, la serie de juegos de lucha KOF ha llevado al mundo a la emoci\u00f3n<\/p>\n","protected":false},"featured_media":93239,"comment_status":"open","ping_status":"closed","template":"","meta":{"_acf_changed":false,"_joinchat":[]},"product_brand":[],"product_cat":[277,894],"product_tag":[],"class_list":{"0":"post-93238","1":"product","2":"type-product","3":"status-publish","4":"has-post-thumbnail","6":"product_cat-zona-gamer","7":"product_cat-videojuegos","9":"first","10":"instock","11":"sale","12":"shipping-taxable","13":"purchasable","14":"product-type-simple"},"acf":[],"_links":{"self":[{"href":"https:\/\/defabrica.com.mx\/defabrica\/wp-json\/wp\/v2\/product\/93238","targetHints":{"allow":["GET"]}}],"collection":[{"href":"https:\/\/defabrica.com.mx\/defabrica\/wp-json\/wp\/v2\/product"}],"about":[{"href":"https:\/\/defabrica.com.mx\/defabrica\/wp-json\/wp\/v2\/types\/product"}],"replies":[{"embeddable":true,"href":"https:\/\/defabrica.com.mx\/defabrica\/wp-json\/wp\/v2\/comments?post=93238"}],"wp:featuredmedia":[{"embeddable":true,"href":"https:\/\/defabrica.com.mx\/defabrica\/wp-json\/wp\/v2\/media\/93239"}],"wp:attachment":[{"href":"https:\/\/defabrica.com.mx\/defabrica\/wp-json\/wp\/v2\/media?parent=93238"}],"wp:term":[{"taxonomy":"product_brand","embeddable":true,"href":"https:\/\/defabrica.com.mx\/defabrica\/wp-json\/wp\/v2\/product_brand?post=93238"},{"taxonomy":"product_cat","embeddable":true,"href":"https:\/\/defabrica.com.mx\/defabrica\/wp-json\/wp\/v2\/product_cat?post=93238"},{"taxonomy":"product_tag","embeddable":true,"href":"https:\/\/defabrica.com.mx\/defabrica\/wp-json\/wp\/v2\/product_tag?post=93238"}],"curies":[{"name":"wp","href":"https:\/\/api.w.org\/{rel}","templated":true}]}}