{"id":93230,"date":"2022-07-24T23:01:46","date_gmt":"2022-07-25T04:01:46","guid":{"rendered":"https:\/\/defabrica.com.mx\/defabrica\/?post_type=product&#038;p=93230"},"modified":"2022-07-24T23:01:46","modified_gmt":"2022-07-25T04:01:46","slug":"crusader-kings-3-playstation-5","status":"publish","type":"product","link":"https:\/\/defabrica.com.mx\/defabrica\/producto\/crusader-kings-3-playstation-5\/","title":{"rendered":"Crusader Kings 3 &#8211; PlayStation 5"},"content":{"rendered":"<p><span>Finalmente, en la consola, puedes vivir la vida de un gobernante medieval en el galardonado juego de rol de estrategia de Paradox Development Studio, \u00a1Crusader Kings III!\u00a0<\/span><span>Asume el liderazgo de una familia noble medieval, aumentando su poder y reputaci\u00f3n a trav\u00e9s de las generaciones.\u00a0<\/span><span>Cuando un gobernante muere, es reemplazado por un heredero que puede tener habilidades o intereses muy diferentes, lo que te obliga a ajustar tus planes a largo plazo.\u00a0<\/span><span>Juega como un maestro del campo de batalla, conquistando a tus enemigos, o juega como un sutil buscador de secretos, usando tramas y veneno para avanzar en tu agenda, todo en el mismo juego.<\/span><\/p>\n<h3 class=\"heading-5 v-fw-regular feature-heading\"><strong>Caracter\u00edsticas<\/strong><\/h3>\n<ul>\n<li><strong>Elija una casa real o noble de una serie de reinos en un mapa que se extiende desde Islandia hasta la India, desde el C\u00edrculo Polar \u00c1rtico hasta \u00c1frica Central.<\/strong><\/li>\n<li><strong>Gu\u00eda una dinast\u00eda a trav\u00e9s de los siglos, asegurando la seguridad y el poder de cada nueva generaci\u00f3n. Re\u00fane nuevas tierras y t\u00edtulos para cimentar tu legado.<\/strong><\/li>\n<li><strong>Sea un rey piadoso para traer a los poderes religiosos a su lado, o act\u00fae por su cuenta, dise\u00f1ando su propia religi\u00f3n disidente y ganando fama eterna o condenaci\u00f3n eterna.<\/strong><\/li>\n<li><strong>Caballeros, revueltas campesinas, peregrinaciones, asaltantes vikingos&#8230; \u00a1experimenta el drama y la pompa de la Edad Media!<\/strong><\/li>\n<\/ul>\n","protected":false},"excerpt":{"rendered":"<p>Finalmente, en la consola, puedes vivir la vida de un gobernante medieval en el galardonado juego de rol de estrategia de Paradox Development Studio, \u00a1Crusader Kings III!\u00a0Asume el liderazgo de<\/p>\n","protected":false},"featured_media":93231,"comment_status":"open","ping_status":"closed","template":"","meta":{"_acf_changed":false,"_joinchat":[]},"product_brand":[],"product_cat":[277,894],"product_tag":[],"class_list":{"0":"post-93230","1":"product","2":"type-product","3":"status-publish","4":"has-post-thumbnail","6":"product_cat-zona-gamer","7":"product_cat-videojuegos","9":"first","10":"instock","11":"sale","12":"shipping-taxable","13":"purchasable","14":"product-type-simple"},"acf":[],"_links":{"self":[{"href":"https:\/\/defabrica.com.mx\/defabrica\/wp-json\/wp\/v2\/product\/93230","targetHints":{"allow":["GET"]}}],"collection":[{"href":"https:\/\/defabrica.com.mx\/defabrica\/wp-json\/wp\/v2\/product"}],"about":[{"href":"https:\/\/defabrica.com.mx\/defabrica\/wp-json\/wp\/v2\/types\/product"}],"replies":[{"embeddable":true,"href":"https:\/\/defabrica.com.mx\/defabrica\/wp-json\/wp\/v2\/comments?post=93230"}],"wp:featuredmedia":[{"embeddable":true,"href":"https:\/\/defabrica.com.mx\/defabrica\/wp-json\/wp\/v2\/media\/93231"}],"wp:attachment":[{"href":"https:\/\/defabrica.com.mx\/defabrica\/wp-json\/wp\/v2\/media?parent=93230"}],"wp:term":[{"taxonomy":"product_brand","embeddable":true,"href":"https:\/\/defabrica.com.mx\/defabrica\/wp-json\/wp\/v2\/product_brand?post=93230"},{"taxonomy":"product_cat","embeddable":true,"href":"https:\/\/defabrica.com.mx\/defabrica\/wp-json\/wp\/v2\/product_cat?post=93230"},{"taxonomy":"product_tag","embeddable":true,"href":"https:\/\/defabrica.com.mx\/defabrica\/wp-json\/wp\/v2\/product_tag?post=93230"}],"curies":[{"name":"wp","href":"https:\/\/api.w.org\/{rel}","templated":true}]}}