{"id":93225,"date":"2022-07-24T22:56:23","date_gmt":"2022-07-25T03:56:23","guid":{"rendered":"https:\/\/defabrica.com.mx\/defabrica\/?post_type=product&#038;p=93225"},"modified":"2022-07-24T22:56:23","modified_gmt":"2022-07-25T03:56:23","slug":"after-the-fall-frontrunner-edition-playstation-4","status":"publish","type":"product","link":"https:\/\/defabrica.com.mx\/defabrica\/producto\/after-the-fall-frontrunner-edition-playstation-4\/","title":{"rendered":"After the Fall: Frontrunner Edition &#8211; PlayStation 4"},"content":{"rendered":"<p><span>Del equipo que te trajo Arizona Sunshine\u00ae llega un FPS de acci\u00f3n VR \u00e9pico que presenta un intenso juego cooperativo para 4 jugadores.\u00a0<\/span><span>Forma equipo con amigos y enfr\u00e9ntate a un mundo de realidad virtual hostil lleno de feroces muertos vivientes, mutados y retorcidos por el fr\u00edo implacable.<\/span><\/p>\n<h3 class=\"heading-5 v-fw-regular feature-heading\"><strong>Caracter\u00edsticas<\/strong><\/h3>\n<ul>\n<li><strong>Intensa acci\u00f3n cooperativa de realidad virtual<\/strong><br \/>\nJuega solo o une fuerzas en una cooperativa de 4 jugadores a trav\u00e9s de un mundo de realidad virtual inspirado en los a\u00f1os 80 e infestado de muertos vivientes.<\/li>\n<li><strong>El infierno se ha congelado<\/strong><br \/>\nAvent\u00farate en las ruinas de un Los \u00c1ngeles posapocal\u00edptico en evoluci\u00f3n para tomar el futuro de la ciudad en tus manos.<\/li>\n<li><strong>No es tu no-muerto promedio<\/strong><br \/>\nLucha contra enormes hordas, Especiales y jefes colosales.<\/li>\n<li><strong>Descubre tu estilo de combate<\/strong><br \/>\nCrea, mejora y maneja un gran arsenal de armas y poderes devastadores con movimientos de la vida real.<\/li>\n<\/ul>\n","protected":false},"excerpt":{"rendered":"<p>Del equipo que te trajo Arizona Sunshine\u00ae llega un FPS de acci\u00f3n VR \u00e9pico que presenta un intenso juego cooperativo para 4 jugadores.\u00a0Forma equipo con amigos y enfr\u00e9ntate a un<\/p>\n","protected":false},"featured_media":93226,"comment_status":"open","ping_status":"closed","template":"","meta":{"_acf_changed":false,"_joinchat":[]},"product_brand":[],"product_cat":[277,894],"product_tag":[],"class_list":{"0":"post-93225","1":"product","2":"type-product","3":"status-publish","4":"has-post-thumbnail","6":"product_cat-zona-gamer","7":"product_cat-videojuegos","9":"first","10":"instock","11":"sale","12":"shipping-taxable","13":"purchasable","14":"product-type-simple"},"acf":[],"_links":{"self":[{"href":"https:\/\/defabrica.com.mx\/defabrica\/wp-json\/wp\/v2\/product\/93225","targetHints":{"allow":["GET"]}}],"collection":[{"href":"https:\/\/defabrica.com.mx\/defabrica\/wp-json\/wp\/v2\/product"}],"about":[{"href":"https:\/\/defabrica.com.mx\/defabrica\/wp-json\/wp\/v2\/types\/product"}],"replies":[{"embeddable":true,"href":"https:\/\/defabrica.com.mx\/defabrica\/wp-json\/wp\/v2\/comments?post=93225"}],"wp:featuredmedia":[{"embeddable":true,"href":"https:\/\/defabrica.com.mx\/defabrica\/wp-json\/wp\/v2\/media\/93226"}],"wp:attachment":[{"href":"https:\/\/defabrica.com.mx\/defabrica\/wp-json\/wp\/v2\/media?parent=93225"}],"wp:term":[{"taxonomy":"product_brand","embeddable":true,"href":"https:\/\/defabrica.com.mx\/defabrica\/wp-json\/wp\/v2\/product_brand?post=93225"},{"taxonomy":"product_cat","embeddable":true,"href":"https:\/\/defabrica.com.mx\/defabrica\/wp-json\/wp\/v2\/product_cat?post=93225"},{"taxonomy":"product_tag","embeddable":true,"href":"https:\/\/defabrica.com.mx\/defabrica\/wp-json\/wp\/v2\/product_tag?post=93225"}],"curies":[{"name":"wp","href":"https:\/\/api.w.org\/{rel}","templated":true}]}}