{"id":93208,"date":"2022-07-24T22:42:01","date_gmt":"2022-07-25T03:42:01","guid":{"rendered":"https:\/\/defabrica.com.mx\/defabrica\/?post_type=product&#038;p=93208"},"modified":"2023-01-20T10:16:20","modified_gmt":"2023-01-20T16:16:20","slug":"dolmen-playstation-5","status":"publish","type":"product","link":"https:\/\/defabrica.com.mx\/defabrica\/producto\/dolmen-playstation-5\/","title":{"rendered":"Dolmen &#8211; PlayStation 5"},"content":{"rendered":"<p>Dolmen es un nuevo juego de rol de acci\u00f3n aterrador que combina elementos futuristas de ciencia ficci\u00f3n y terror c\u00f3smico.\u00a0\u00bfSe borrar\u00e1 tu l\u00ednea de tiempo o derrotar\u00e1s a tus enemigos para sobrevivir y cumplir tu misi\u00f3n?\u00a0Dolmen lanza a los jugadores a un mundo alien\u00edgena hostil conocido como Revion Prime.\u00a0\u00bfTu trabajo?\u00a0Traiga muestras de un cristal con propiedades particularmente \u00fanicas;\u00a0el llamado \u00abDolmen\u00bb.\u00a0Estos cristales son capaces de permitir la interacci\u00f3n entre realidades, revolucionando la exploraci\u00f3n espacial y cambiando el mundo conocido para siempre.<\/p>\n<h3 class=\"heading-5 v-fw-regular feature-heading\"><strong>Caracter\u00edsticas<\/strong><\/h3>\n<ul>\n<li><strong>Combate din\u00e1mico<\/strong><br \/>\n\u00a1Hazte m\u00e1s fuerte con cada batalla! Experimenta un rico sistema de combate con varias armas y movimientos a tu disposici\u00f3n. Cambia de forma nativa entre combate cuerpo a cuerpo y a distancia para vencer a los enemigos m\u00e1s desafiantes que Revion Prime tiene para ofrecer.<\/li>\n<li><strong>Modo de energ\u00eda<\/strong><br \/>\nLa gesti\u00f3n de la energ\u00eda es clave para la victoria en Dolmen. La energ\u00eda no solo se usa para armas a distancia, sino tambi\u00e9n para activar el \u00abModo de energ\u00eda\u00bb. El \u00abModo de energ\u00eda\u00bb imbuye tus armas cuerpo a cuerpo con efectos de estado elementales, permiti\u00e9ndote aprovechar al m\u00e1ximo las debilidades de tu enemigo.<\/li>\n<li><strong>Descubre un planeta misterioso<\/strong><br \/>\nUn mundo devastado y oscuramente hermoso est\u00e1 esperando ser explorado. \u00bfEncontrar\u00e1s todos los secretos que Revion Prime tiene para ofrecer? \u00bfO este mundo cruel te llevar\u00e1 al borde de la muerte?<\/li>\n<li><strong>Encuentra jefes horribles<\/strong><br \/>\nRevion Prime ofrece una amplia gama de espantosos obst\u00e1culos que pondr\u00e1n a prueba tus habilidades.<\/li>\n<\/ul>\n","protected":false},"excerpt":{"rendered":"<p>Dolmen es un nuevo juego de rol de acci\u00f3n aterrador que combina elementos futuristas de ciencia ficci\u00f3n y terror c\u00f3smico.\u00a0\u00bfSe borrar\u00e1 tu l\u00ednea de tiempo o derrotar\u00e1s a tus enemigos<\/p>\n","protected":false},"featured_media":93209,"comment_status":"open","ping_status":"closed","template":"","meta":{"_acf_changed":false,"_joinchat":[]},"product_brand":[],"product_cat":[277,894],"product_tag":[],"class_list":{"0":"post-93208","1":"product","2":"type-product","3":"status-publish","4":"has-post-thumbnail","6":"product_cat-zona-gamer","7":"product_cat-videojuegos","9":"first","10":"instock","11":"sale","12":"shipping-taxable","13":"purchasable","14":"product-type-simple"},"acf":[],"_links":{"self":[{"href":"https:\/\/defabrica.com.mx\/defabrica\/wp-json\/wp\/v2\/product\/93208","targetHints":{"allow":["GET"]}}],"collection":[{"href":"https:\/\/defabrica.com.mx\/defabrica\/wp-json\/wp\/v2\/product"}],"about":[{"href":"https:\/\/defabrica.com.mx\/defabrica\/wp-json\/wp\/v2\/types\/product"}],"replies":[{"embeddable":true,"href":"https:\/\/defabrica.com.mx\/defabrica\/wp-json\/wp\/v2\/comments?post=93208"}],"wp:featuredmedia":[{"embeddable":true,"href":"https:\/\/defabrica.com.mx\/defabrica\/wp-json\/wp\/v2\/media\/93209"}],"wp:attachment":[{"href":"https:\/\/defabrica.com.mx\/defabrica\/wp-json\/wp\/v2\/media?parent=93208"}],"wp:term":[{"taxonomy":"product_brand","embeddable":true,"href":"https:\/\/defabrica.com.mx\/defabrica\/wp-json\/wp\/v2\/product_brand?post=93208"},{"taxonomy":"product_cat","embeddable":true,"href":"https:\/\/defabrica.com.mx\/defabrica\/wp-json\/wp\/v2\/product_cat?post=93208"},{"taxonomy":"product_tag","embeddable":true,"href":"https:\/\/defabrica.com.mx\/defabrica\/wp-json\/wp\/v2\/product_tag?post=93208"}],"curies":[{"name":"wp","href":"https:\/\/api.w.org\/{rel}","templated":true}]}}