{"id":93200,"date":"2022-07-24T22:33:45","date_gmt":"2022-07-25T03:33:45","guid":{"rendered":"https:\/\/defabrica.com.mx\/defabrica\/?post_type=product&#038;p=93200"},"modified":"2022-07-24T22:43:08","modified_gmt":"2022-07-25T03:43:08","slug":"the-medium-playstation-5","status":"publish","type":"product","link":"https:\/\/defabrica.com.mx\/defabrica\/producto\/the-medium-playstation-5\/","title":{"rendered":"The Medium &#8211; PlayStation 5"},"content":{"rendered":"<p>Descubre un oscuro misterio que solo un m\u00e9dium puede resolver.\u00a0Explora el mundo real y el mundo de los esp\u00edritus al mismo tiempo.\u00a0Usa tus habilidades ps\u00edquicas para resolver acertijos que abarcan ambos mundos, descubre secretos profundamente inquietantes y sobrevive a los encuentros con The Maw, un monstruo nacido de una tragedia indescriptible. The Medium es un juego de terror psicol\u00f3gico en tercera persona que presenta un juego de realidad dual patentado y una banda sonora original co-compuesta por Arkadiusz Reikowski y Akira Yamaoka.<\/p>\n<h3 class=\"heading-5 v-fw-regular feature-heading\"><strong>Caracter\u00edsticas<\/strong><\/h3>\n<ul>\n<li><strong>Convi\u00e9rtete en un m\u00e9dium<\/strong><br \/>\nManeja habilidades ps\u00edquicas \u00fanicas reservadas para aquellos con el don. Viaja entre las realidades o expl\u00f3ralas al mismo tiempo. Usa la experiencia Fuera del cuerpo para investigar lugares a los que tu yo del mundo real no puede ir.<\/li>\n<li><strong>Ver lo que est\u00e1 oculto<\/strong><br \/>\nAd\u00e9ntrate en una historia madura y moralmente ambigua, donde nada es lo que parece y todo tiene otra cara.<\/li>\n<li><strong>Juega en dos mundos al mismo tiempo<\/strong><br \/>\nJugabilidad nunca antes vista y oficialmente patentada que se desarrolla en dos mundos que se muestran al mismo tiempo. Explora el mundo f\u00edsico y el mundo espiritual simult\u00e1neamente.<\/li>\n<li><strong>Entra en una Realidad Oscura<\/strong><br \/>\nEl mundo espiritual del m\u00e9dium es un reflejo oscuro de nuestra realidad, un lugar sombr\u00edo e inquietante donde nuestras acciones impunes, impulsos malignos y secretos viles se manifiestan y pueden tomar forma.<\/li>\n<\/ul>\n","protected":false},"excerpt":{"rendered":"<p>Descubre un oscuro misterio que solo un m\u00e9dium puede resolver.\u00a0Explora el mundo real y el mundo de los esp\u00edritus al mismo tiempo.\u00a0Usa tus habilidades ps\u00edquicas para resolver acertijos que abarcan<\/p>\n","protected":false},"featured_media":93201,"comment_status":"open","ping_status":"closed","template":"","meta":{"_acf_changed":false,"_joinchat":[]},"product_brand":[],"product_cat":[277,894],"product_tag":[],"class_list":{"0":"post-93200","1":"product","2":"type-product","3":"status-publish","4":"has-post-thumbnail","6":"product_cat-zona-gamer","7":"product_cat-videojuegos","9":"first","10":"instock","11":"sale","12":"shipping-taxable","13":"purchasable","14":"product-type-simple"},"acf":[],"_links":{"self":[{"href":"https:\/\/defabrica.com.mx\/defabrica\/wp-json\/wp\/v2\/product\/93200","targetHints":{"allow":["GET"]}}],"collection":[{"href":"https:\/\/defabrica.com.mx\/defabrica\/wp-json\/wp\/v2\/product"}],"about":[{"href":"https:\/\/defabrica.com.mx\/defabrica\/wp-json\/wp\/v2\/types\/product"}],"replies":[{"embeddable":true,"href":"https:\/\/defabrica.com.mx\/defabrica\/wp-json\/wp\/v2\/comments?post=93200"}],"wp:featuredmedia":[{"embeddable":true,"href":"https:\/\/defabrica.com.mx\/defabrica\/wp-json\/wp\/v2\/media\/93201"}],"wp:attachment":[{"href":"https:\/\/defabrica.com.mx\/defabrica\/wp-json\/wp\/v2\/media?parent=93200"}],"wp:term":[{"taxonomy":"product_brand","embeddable":true,"href":"https:\/\/defabrica.com.mx\/defabrica\/wp-json\/wp\/v2\/product_brand?post=93200"},{"taxonomy":"product_cat","embeddable":true,"href":"https:\/\/defabrica.com.mx\/defabrica\/wp-json\/wp\/v2\/product_cat?post=93200"},{"taxonomy":"product_tag","embeddable":true,"href":"https:\/\/defabrica.com.mx\/defabrica\/wp-json\/wp\/v2\/product_tag?post=93200"}],"curies":[{"name":"wp","href":"https:\/\/api.w.org\/{rel}","templated":true}]}}