{"id":93159,"date":"2022-07-24T22:04:17","date_gmt":"2022-07-25T03:04:17","guid":{"rendered":"https:\/\/defabrica.com.mx\/defabrica\/?post_type=product&#038;p=93159"},"modified":"2023-01-19T15:52:49","modified_gmt":"2023-01-19T21:52:49","slug":"f1-2022-xbox-one","status":"publish","type":"product","link":"https:\/\/defabrica.com.mx\/defabrica\/producto\/f1-2022-xbox-one\/","title":{"rendered":"F1 2022 &#8211; Xbox One"},"content":{"rendered":"<p>Entra en la nueva era de la F\u00f3rmula 1 en EA SPORTS F1 22, el videojuego oficial del Campeonato Mundial de F\u00f3rmula Uno de la FIA de 2022.\u00a0Tome asiento para una nueva temporada mientras los autos redise\u00f1ados y las reglas revisadas redefinen el d\u00eda de la carrera, pruebe sus habilidades en el nuevo Aut\u00f3dromo Internacional de Miami y pruebe el brillo y el glamour de F1 Life.<\/p>\n<h3 class=\"heading-5 v-fw-regular feature-heading\"><strong>Caracter\u00edsticas<\/strong><\/h3>\n<ul>\n<li><strong>NUEVA TEMPORADA, NUEVAS REGLAS<\/strong><br \/>\nCompite en una nueva era de autos de F\u00f3rmula 1 en F1 22<\/li>\n<li><strong>D\u00cdA DE LA CARRERA, REDEFINIDO<\/strong><br \/>\nToma el control de tu experiencia virtual de F1 con paradas en boxes inmersivas y cinem\u00e1ticas, vueltas de formaci\u00f3n y m\u00e1s<\/li>\n<li><strong>VIDA F1<\/strong><br \/>\nPrueba el brillo y el glamour de la F\u00f3rmula 1<\/li>\n<li><strong>IA adaptativa<\/strong><br \/>\nUn nuevo sistema de IA para jugadores menos experimentados te mantiene competitivo en cada carrera.<\/li>\n<li><strong>Mi equipo<\/strong><br \/>\nElija su presupuesto inicial a medida que crea su equipo de F1 desde cero, con eventos de departamento ampliados y una personalizaci\u00f3n de librea m\u00e1s profunda<\/li>\n<li><strong>Modo de carrera<\/strong><br \/>\nPon a prueba tus talentos de conducci\u00f3n en el mundo de la F1 y avanza en la parrilla en el aclamado Modo Carrera de 10 a\u00f1os.<\/li>\n<li><strong>realidad virtual<\/strong><br \/>\nObtenga la mejor experiencia inmersiva de F1 con compatibilidad de realidad virtual en PC que le permite sentir el drama de la carrera desde el interior de la cabina.<\/li>\n<li><strong>Hacer un pedido<\/strong><br \/>\nPaquete de inicio de vida F1<\/li>\n<li><strong>Paquete de contenido F1 22 New Era<\/strong><\/li>\n<li><strong>5,000 PitCoin<\/strong><\/li>\n<\/ul>\n","protected":false},"excerpt":{"rendered":"<p>Entra en la nueva era de la F\u00f3rmula 1 en EA SPORTS F1 22, el videojuego oficial del Campeonato Mundial de F\u00f3rmula Uno de la FIA de 2022.\u00a0Tome asiento para<\/p>\n","protected":false},"featured_media":93160,"comment_status":"open","ping_status":"closed","template":"","meta":{"_acf_changed":false,"_joinchat":[]},"product_brand":[],"product_cat":[1515,277,894],"product_tag":[],"class_list":{"0":"post-93159","1":"product","2":"type-product","3":"status-publish","4":"has-post-thumbnail","6":"product_cat-ofetas-zonagamer","7":"product_cat-zona-gamer","8":"product_cat-videojuegos","10":"first","11":"instock","12":"sale","13":"shipping-taxable","14":"purchasable","15":"product-type-simple"},"acf":[],"_links":{"self":[{"href":"https:\/\/defabrica.com.mx\/defabrica\/wp-json\/wp\/v2\/product\/93159","targetHints":{"allow":["GET"]}}],"collection":[{"href":"https:\/\/defabrica.com.mx\/defabrica\/wp-json\/wp\/v2\/product"}],"about":[{"href":"https:\/\/defabrica.com.mx\/defabrica\/wp-json\/wp\/v2\/types\/product"}],"replies":[{"embeddable":true,"href":"https:\/\/defabrica.com.mx\/defabrica\/wp-json\/wp\/v2\/comments?post=93159"}],"wp:featuredmedia":[{"embeddable":true,"href":"https:\/\/defabrica.com.mx\/defabrica\/wp-json\/wp\/v2\/media\/93160"}],"wp:attachment":[{"href":"https:\/\/defabrica.com.mx\/defabrica\/wp-json\/wp\/v2\/media?parent=93159"}],"wp:term":[{"taxonomy":"product_brand","embeddable":true,"href":"https:\/\/defabrica.com.mx\/defabrica\/wp-json\/wp\/v2\/product_brand?post=93159"},{"taxonomy":"product_cat","embeddable":true,"href":"https:\/\/defabrica.com.mx\/defabrica\/wp-json\/wp\/v2\/product_cat?post=93159"},{"taxonomy":"product_tag","embeddable":true,"href":"https:\/\/defabrica.com.mx\/defabrica\/wp-json\/wp\/v2\/product_tag?post=93159"}],"curies":[{"name":"wp","href":"https:\/\/api.w.org\/{rel}","templated":true}]}}