{"id":93125,"date":"2022-07-24T21:43:16","date_gmt":"2022-07-25T02:43:16","guid":{"rendered":"https:\/\/defabrica.com.mx\/defabrica\/?post_type=product&#038;p=93125"},"modified":"2023-01-19T15:47:58","modified_gmt":"2023-01-19T21:47:58","slug":"edicion-de-campeones-de-apex-legends-nintendo-switch-nintendo-switch-lite","status":"publish","type":"product","link":"https:\/\/defabrica.com.mx\/defabrica\/producto\/edicion-de-campeones-de-apex-legends-nintendo-switch-nintendo-switch-lite\/","title":{"rendered":"Edici\u00f3n de campeones de Apex Legends &#8211; Nintendo Switch, Nintendo Switch Lite"},"content":{"rendered":"<p>Apex Legends hace su esperado debut en Switch esta temporada.\u00a0Para ayudarlos a ponerse al d\u00eda con el pase de batalla de la temporada 8, los jugadores de Switch recibir\u00e1n 30 niveles gratuitos y obtendr\u00e1n el doble de XP durante las primeras dos semanas despu\u00e9s del lanzamiento.\u00a0\u00bfBuscas tener un impacto instant\u00e1neo?\u00a0Desbloquee todas las leyendas hasta la temporada 7, obtenga m\u00e1s de $ 100 en cosm\u00e9ticos exclusivos y 1,000 monedas Apex con Champion Edition.<\/p>\n<h3 class=\"heading-5 v-fw-regular feature-heading\"><strong>Caracter\u00edsticas<\/strong><\/h3>\n<ul>\n<li><strong>Desbloquee todas las leyendas hasta la temporada 7, obtenga m\u00e1s de $ 100 en cosm\u00e9ticos exclusivos y 1,000 monedas Apex con Champion Edition.<\/strong><\/li>\n<\/ul>\n","protected":false},"excerpt":{"rendered":"<p>Apex Legends hace su esperado debut en Switch esta temporada.\u00a0Para ayudarlos a ponerse al d\u00eda con el pase de batalla de la temporada 8, los jugadores de Switch recibir\u00e1n 30<\/p>\n","protected":false},"featured_media":93126,"comment_status":"open","ping_status":"closed","template":"","meta":{"_acf_changed":false,"_joinchat":[]},"product_brand":[],"product_cat":[277,894],"product_tag":[],"class_list":{"0":"post-93125","1":"product","2":"type-product","3":"status-publish","4":"has-post-thumbnail","6":"product_cat-zona-gamer","7":"product_cat-videojuegos","9":"first","10":"instock","11":"sale","12":"shipping-taxable","13":"purchasable","14":"product-type-simple"},"acf":[],"_links":{"self":[{"href":"https:\/\/defabrica.com.mx\/defabrica\/wp-json\/wp\/v2\/product\/93125","targetHints":{"allow":["GET"]}}],"collection":[{"href":"https:\/\/defabrica.com.mx\/defabrica\/wp-json\/wp\/v2\/product"}],"about":[{"href":"https:\/\/defabrica.com.mx\/defabrica\/wp-json\/wp\/v2\/types\/product"}],"replies":[{"embeddable":true,"href":"https:\/\/defabrica.com.mx\/defabrica\/wp-json\/wp\/v2\/comments?post=93125"}],"wp:featuredmedia":[{"embeddable":true,"href":"https:\/\/defabrica.com.mx\/defabrica\/wp-json\/wp\/v2\/media\/93126"}],"wp:attachment":[{"href":"https:\/\/defabrica.com.mx\/defabrica\/wp-json\/wp\/v2\/media?parent=93125"}],"wp:term":[{"taxonomy":"product_brand","embeddable":true,"href":"https:\/\/defabrica.com.mx\/defabrica\/wp-json\/wp\/v2\/product_brand?post=93125"},{"taxonomy":"product_cat","embeddable":true,"href":"https:\/\/defabrica.com.mx\/defabrica\/wp-json\/wp\/v2\/product_cat?post=93125"},{"taxonomy":"product_tag","embeddable":true,"href":"https:\/\/defabrica.com.mx\/defabrica\/wp-json\/wp\/v2\/product_tag?post=93125"}],"curies":[{"name":"wp","href":"https:\/\/api.w.org\/{rel}","templated":true}]}}