{"id":93120,"date":"2022-07-24T21:37:47","date_gmt":"2022-07-25T02:37:47","guid":{"rendered":"https:\/\/defabrica.com.mx\/defabrica\/?post_type=product&#038;p=93120"},"modified":"2023-01-19T15:46:43","modified_gmt":"2023-01-19T21:46:43","slug":"edicion-legendaria-de-mass-effect-playstation-4-playstation-5","status":"publish","type":"product","link":"https:\/\/defabrica.com.mx\/defabrica\/producto\/edicion-legendaria-de-mass-effect-playstation-4-playstation-5\/","title":{"rendered":"Edici\u00f3n legendaria de Mass Effect &#8211; PlayStation 4, PlayStation 5"},"content":{"rendered":"<p>Mass Effect Legendary Edition incluye contenido b\u00e1sico para un jugador y m\u00e1s de 40 DLC de los aclamados juegos Mass Effect, Mass Effect 2 y Mass Effect 3, incluidas armas, armaduras y paquetes promocionales, remasterizados y optimizados para 4K Ultra HD.<\/p>\n<h3 class=\"heading-5 v-fw-regular feature-heading\"><strong>Caracter\u00edsticas<\/strong><\/h3>\n<ul>\n<li><strong>REVIVE LA SAGA CINEM\u00c1TICA<\/strong><br \/>\nMass Effect Legendary Edition incluye contenido base para un solo jugador para los tres juegos y m\u00e1s de 40 DLC, con m\u00e1s de 100 horas de contenido, todo conectado en una sola saga.<\/li>\n<li><strong>REFLEXIONA SOBRE TUS OPCIONES<\/strong><br \/>\nTus elecciones viajan sin problemas de un juego a otro.<\/li>\n<li><strong>EXPERIMENTA LA LEYENDA DEL PASTOR<\/strong><br \/>\nCrea y personaliza tu propio personaje, desde la apariencia y las habilidades hasta un arsenal personalizado, luego dirige a tu escuadr\u00f3n de reconocimiento de \u00e9lite a trav\u00e9s de una galaxia en caos.<\/li>\n<li><strong>CONTENIDO REMASTERIZADO<\/strong><br \/>\nToma el mando de la Normand\u00eda, re\u00fane a tu tripulaci\u00f3n y prep\u00e1rate para una aventura inolvidable en la aclamada franquicia.<\/li>\n<li><strong>CARACTER\u00cdSTICAS PRINCIPALES DE LA REMASTERIZACI\u00d3N<\/strong><br \/>\nExperimente las bienvenidas actualizaciones de calidad de vida, incluido un lanzador \u00fanico para los tres t\u00edtulos de la trilog\u00eda de Mass Effect.<\/li>\n<li><strong>CARACTER\u00cdSTICAS ADICIONALES Y MEJORAS<\/strong><br \/>\nRevive la saga cinematogr\u00e1fica en impresionante 4K con im\u00e1genes, texturas y modelos mejorados.<\/li>\n<li><strong>MEJORAS DE MASS EFFECT 1<\/strong><br \/>\nExperimenta todo lo que te gusta del primer juego de Mass Effect, ahora con c\u00e1maras, controles de escuadr\u00f3n y punter\u00eda mejorados.<\/li>\n<\/ul>\n","protected":false},"excerpt":{"rendered":"<p>Mass Effect Legendary Edition incluye contenido b\u00e1sico para un jugador y m\u00e1s de 40 DLC de los aclamados juegos Mass Effect, Mass Effect 2 y Mass Effect 3, incluidas armas,<\/p>\n","protected":false},"featured_media":93121,"comment_status":"open","ping_status":"closed","template":"","meta":{"_acf_changed":false,"_joinchat":[]},"product_brand":[],"product_cat":[1515,277,894],"product_tag":[],"class_list":{"0":"post-93120","1":"product","2":"type-product","3":"status-publish","4":"has-post-thumbnail","6":"product_cat-ofetas-zonagamer","7":"product_cat-zona-gamer","8":"product_cat-videojuegos","10":"first","11":"instock","12":"sale","13":"shipping-taxable","14":"purchasable","15":"product-type-simple"},"acf":[],"_links":{"self":[{"href":"https:\/\/defabrica.com.mx\/defabrica\/wp-json\/wp\/v2\/product\/93120","targetHints":{"allow":["GET"]}}],"collection":[{"href":"https:\/\/defabrica.com.mx\/defabrica\/wp-json\/wp\/v2\/product"}],"about":[{"href":"https:\/\/defabrica.com.mx\/defabrica\/wp-json\/wp\/v2\/types\/product"}],"replies":[{"embeddable":true,"href":"https:\/\/defabrica.com.mx\/defabrica\/wp-json\/wp\/v2\/comments?post=93120"}],"wp:featuredmedia":[{"embeddable":true,"href":"https:\/\/defabrica.com.mx\/defabrica\/wp-json\/wp\/v2\/media\/93121"}],"wp:attachment":[{"href":"https:\/\/defabrica.com.mx\/defabrica\/wp-json\/wp\/v2\/media?parent=93120"}],"wp:term":[{"taxonomy":"product_brand","embeddable":true,"href":"https:\/\/defabrica.com.mx\/defabrica\/wp-json\/wp\/v2\/product_brand?post=93120"},{"taxonomy":"product_cat","embeddable":true,"href":"https:\/\/defabrica.com.mx\/defabrica\/wp-json\/wp\/v2\/product_cat?post=93120"},{"taxonomy":"product_tag","embeddable":true,"href":"https:\/\/defabrica.com.mx\/defabrica\/wp-json\/wp\/v2\/product_tag?post=93120"}],"curies":[{"name":"wp","href":"https:\/\/api.w.org\/{rel}","templated":true}]}}